{"id":1486,"date":"2026-01-20T12:11:11","date_gmt":"2026-01-20T12:11:11","guid":{"rendered":"https:\/\/bonuskongcasino.com\/login-and-registration\/"},"modified":"2026-03-16T12:39:38","modified_gmt":"2026-03-16T12:39:38","slug":"logowanie-i-rejestracja","status":"publish","type":"page","link":"https:\/\/bet-samuro.net\/pl\/logowanie-i-rejestracja\/","title":{"rendered":"Logowanie i rejestracja"},"content":{"rendered":"<h1>Logowanie i rejestracja konta Betsamuro<\/h1>\n<p>Betsamuro login przebiega p\u0142ynnie i prowadzi bezpo\u015brednio do nieko\u0144cz\u0105cej si\u0119 rozrywki w postaci gier. Bezpiecze\u0144stwo zosta\u0142o odpowiednio zbudowane przy u\u017cyciu aktualnej technologii, chroni\u0105cej wszystko, co robisz. R\u00f3\u017cnorodno\u015b\u0107 \u0142\u0105czy si\u0119 z wygod\u0105, wi\u0119c skupiamy si\u0119 na tytu\u0142ach, kt\u00f3re naprawd\u0119 podobaj\u0105 si\u0119 polskim graczom. Us\u0142ugi zosta\u0142y opracowane w oparciu o rzeczywist\u0105 u\u017cyteczno\u015b\u0107 w po\u0142\u0105czeniu z bezpiecze\u0144stwem.<\/p>\n<p><div class=\"banner-wrap\" aria-label=\"Banner\"><img src=\"https:\/\/bet-samuro.net\/wp-content\/uploads\/2026\/03\/banner-desktop2x-1.webp\" class=\"w-100 d-none d-lg-block img-pc main-banner-img\" alt=\"betsamuro banner desktop\" fetchpriority=\"high\" decoding=\"async\"><img src=\"https:\/\/bet-samuro.net\/wp-content\/uploads\/2026\/03\/banner-mobile2x-1.webp\" class=\"w-100 d-none d-md-block d-lg-none main-banner-img\" alt=\"betsamuro banner mobile\" fetchpriority=\"high\" decoding=\"async\"><img src=\"https:\/\/bet-samuro.net\/wp-content\/uploads\/2026\/03\/banner-mobile2x-1.webp\" class=\"w-100 d-md-none\" alt=\"betsamuro banner mobile\" fetchpriority=\"high\" decoding=\"async\"><div class=\"banner-description\">\n<div class=\"banner-title\">Bonusy powitalne<\/div>\n<p class=\"banner-header-title\">1500 \u20ac<\/p>\n<div class=\"banner-header-AdditionalText\">+ 250 Darmowe spiny<\/div>\n<button data-item=\"homepage_banner_link\" class=\"goto m-button m-gradient-border m-button--primary m-button--large banner-button btn-orange\">\n            <div class=\"m-button-content\">\n                <span>Zarejestruj si\u0119 teraz<\/span>\n                <span><\/span>\n            <\/div>\n        <\/button>\n<\/div>\n<div class=\"WelcomePack\">\n<p><img loading=\"lazy\" decoding=\"async\" class=\"alignnone size-full wp-image-1866\" src=\"https:\/\/bet-samuro.net\/wp-content\/uploads\/2026\/03\/welcome-crown-1.png\" alt=\"welcome crown\" width=\"25\" height=\"26\" \/><\/p>\n<div class=\"WelcomePack-Info\">Cotygodniowy zwrot got\u00f3wki do 25%<\/div>\n<p><img loading=\"lazy\" decoding=\"async\" class=\"alignnone size-full wp-image-1866\" src=\"https:\/\/bet-samuro.net\/wp-content\/uploads\/2026\/03\/welcome-crown-1.png\" alt=\"welcome crown\" width=\"25\" height=\"26\" \/><\/p>\n<\/div>\n<\/div><div class=\"scrollable-content-wrap my-5\"><div class=\"scrollable-content-inner\"><h2>Rejestracja nowego u\u017cytkownika w Bet Samuro<\/h2>\n<p>Po zarejestrowaniu si\u0119 w kasynie Betsamuro mo\u017cesz korzysta\u0107 ze wszystkich funkcji, co sprawia, \u017ce gra jest ekscytuj\u0105ca. Po zarejestrowaniu nowego konta otrzymujesz bonus powitalny w wysoko\u015bci 1 500 \u20ac i 250 spin\u00f3w. Osoby, kt\u00f3re lubi\u0105 rywalizacj\u0119, mog\u0105 bra\u0107 udzia\u0142 w konkursach. Program lojalno\u015bciowy rozpoczyna si\u0119 od razu. Po zalogowaniu si\u0119 do Betsamuro masz dost\u0119p do ogromnej biblioteki gier i codziennych promocji, kt\u00f3re s\u0105 zawsze nowe. To pierwszy krok w kierunku bezpiecznej i przyjemnej rozrywki.<\/p>\n<h3>Utw\u00f3rz swoje konto<\/h3>\n<p>Konfiguracja logowania do Betsamuro jest prosta i nie wymaga \u017cadnych skomplikowanych czynno\u015bci. Oto jak to dzia\u0142a:<\/p>\n<ol>\n<li>Przycisk \u201eZarejestruj si\u0119\u201d znajduje si\u0119 na stronie Betsamuro, tam gdzie powinien, a nie ukryty w trzech menu.<\/li>\n<li>Formularz rejestracyjny wymaga podania prawdziwych informacji, w tym prawdziwego adresu e-mail i has\u0142a, kt\u00f3re nie jest zbyt \u0142atwe do odgadni\u0119cia.<\/li>\n<li>Musisz zaznaczy\u0107 pola potwierdzenia po zapoznaniu si\u0119 z warunkami, na kt\u00f3re si\u0119 zgadzasz.<\/li>\n<li>Mo\u017ce pojawi\u0107 si\u0119 CAPTCHA, aby potwierdzi\u0107, \u017ce jeste\u015b prawdziw\u0105 osob\u0105, a nie robotem.<\/li>\n<li>Wkr\u00f3tce otrzymasz instrukcje poczt\u0105 elektroniczn\u0105. Post\u0119puj zgodnie z nimi, aby zako\u0144czy\u0107 konfiguracj\u0119.<\/li>\n<li>Potwierdzenie sprawi, \u017ce wszystko b\u0119dzie dzia\u0142a\u0107 na Twoim koncie w kasynie Betsamuro.<\/li>\n<\/ol>\n<p>Wymagany wiek to 18 lat lub wi\u0119cej. Proces weryfikacji umo\u017cliwia dost\u0119p do gier i bonus\u00f3w, kt\u00f3re s\u0105 gotowe do aktywacji.<\/p>\n<p><img loading=\"lazy\" decoding=\"async\" class=\"alignnone size-full wp-image-1958\" src=\"https:\/\/bet-samuro.net\/wp-content\/uploads\/2026\/03\/Betsamuro-Login-Page.webp\" alt=\"Betsamuro Login Page\" width=\"1248\" height=\"536\" srcset=\"https:\/\/bet-samuro.net\/wp-content\/uploads\/2026\/03\/Betsamuro-Login-Page.webp 1248w, https:\/\/bet-samuro.net\/wp-content\/uploads\/2026\/03\/Betsamuro-Login-Page-300x129.webp 300w, https:\/\/bet-samuro.net\/wp-content\/uploads\/2026\/03\/Betsamuro-Login-Page-1024x440.webp 1024w, https:\/\/bet-samuro.net\/wp-content\/uploads\/2026\/03\/Betsamuro-Login-Page-768x330.webp 768w\" sizes=\"auto, (max-width: 1248px) 100vw, 1248px\" \/><\/p>\n<h2>Korzystanie z konta Bet Samuro<\/h2>\n<p>Po zarejestrowaniu si\u0119 nadszed\u0142 czas, aby zalogowa\u0107 si\u0119 do Betsamuro i korzysta\u0107 ze wszystkich naszych funkcji. Logowanie zajmuje kilka sekund:<\/p>\n<ol>\n<li>Przycisk \u201eZaloguj si\u0119\u201d znajduje si\u0119 w prawym g\u00f3rnym rogu strony g\u0142\u00f3wnej, czyli tam, gdzie mo\u017cna si\u0119 go spodziewa\u0107.<\/li>\n<li>Wpisz sw\u00f3j zarejestrowany adres e-mail i has\u0142o w odpowiednich polach.<\/li>\n<li>Po klikni\u0119ciu \u201eZaloguj si\u0119\u201d pojawi si\u0119 pulpit nawigacyjny, na kt\u00f3rym znajdziesz wszystkie potrzebne informacje.<\/li>\n<\/ol>\n<table>\n<tbody>\n<tr>\n<td>Sekcja pulpitu nawigacyjnego<\/td>\n<td>Co oferuje<\/td>\n<td>Dlaczego warto z niego korzysta\u0107<\/td>\n<\/tr>\n<tr>\n<td>Historia transakcji<\/td>\n<td>Zawiera chronologiczny zapis wszystkich wp\u0142at, wyp\u0142at, bonus\u00f3w i op\u0142at w serwisie Betsamuro wraz z datami i godzinami, kt\u00f3re potwierdzaj\u0105, kiedy ka\u017cda z tych czynno\u015bci mia\u0142a miejsce.<\/td>\n<td>Rozstrzyga spory z bankiem dotycz\u0105ce \u201etajemniczych op\u0142at\u201d i dok\u0142adnie \u015bledzi, gdzie trafi\u0142y Twoje pieni\u0105dze w danym okresie.<\/td>\n<\/tr>\n<tr>\n<td>Mened\u017cer bonus\u00f3w<\/td>\n<td>Pokazuje aktywne promocje, paski post\u0119pu obrotu i odliczanie czasu do wyga\u015bni\u0119cia bonus\u00f3w<\/td>\n<td>Zapobiega sytuacjom, w kt\u00f3rych zdajesz sobie spraw\u0119, \u017ce bonus w wysoko\u015bci 200 \u20ac wygas\u0142 wczoraj, poniewa\u017c zapomnia\u0142e\u015b, \u017ce czas si\u0119 ko\u0144czy.<\/td>\n<\/tr>\n<tr>\n<td>Ustawienia bezpiecze\u0144stwa<\/td>\n<td>Zawiera zmiany has\u0142a, konfiguracj\u0119 2FA, histori\u0119 logowania do Bet Samuro pokazuj\u0105c\u0105, kt\u00f3re urz\u0105dzenia uzyska\u0142y dost\u0119p do Twojego konta<\/td>\n<td>Wykrywa nieautoryzowane pr\u00f3by dost\u0119pu, zanim kto\u015b wyczerpie saldo konta<\/td>\n<\/tr>\n<\/tbody>\n<\/table>\n<h3>Weryfikacja konta i bezpiecze\u0144stwo w Betsamuro<\/h3>\n<p>Kasyno Betsamuro posiada szczeg\u00f3\u0142owe zasady sprawdzania to\u017csamo\u015bci graczy, aby zapewni\u0107 wszystkim bezpiecze\u0144stwo podczas gry. Musisz przes\u0142a\u0107 autentyczne dokumenty, w tym rachunki za media i dokumenty to\u017csamo\u015bci wydane przez rz\u0105d, aby potwierdzi\u0107, \u017ce jeste\u015b prawdziw\u0105 osob\u0105 mieszkaj\u0105c\u0105 pod adresem podanym podczas rejestracji. Jest to zgodne z zasadami, a jednocze\u015bnie zapobiega manipulowaniu kontami przez oszust\u00f3w.<\/p>\n<p>Zapory sieciowe, szyfrowanie AES i TLS oraz regularne kontrole podejrzanych dzia\u0142a\u0144 wsp\u00f3\u0142pracuj\u0105 ze sob\u0105, aby zapewni\u0107 bezpiecze\u0144stwo danych. Dobrym pomys\u0142em jest r\u00f3wnie\u017c stosowanie uwierzytelniania dwusk\u0142adnikowego. Aktualizowanie informacji o koncie Bet Samuro pomo\u017ce unikn\u0105\u0107 potencjalnych problem\u00f3w. Posiadanie aktualnych danych kontaktowych i szybkie przej\u015bcie procesu weryfikacji zapewni p\u0142ynno\u015b\u0107 wyp\u0142at i odzyskiwania konta w przypadku wyst\u0105pienia problem\u00f3w.<\/p>\n<h3>Nie pami\u0119tasz has\u0142a?<\/h3>\n<p>Ka\u017cdy od czasu do czasu zapomina has\u0142a. Powr\u00f3t do kasyna Betsamuro, gdy nie mo\u017cesz znale\u017a\u0107 has\u0142a logowania, jest \u0142atwy:<\/p>\n<table>\n<tbody>\n<tr>\n<td>Krok<\/td>\n<td>Co nale\u017cy zrobi\u0107<\/td>\n<td>Dlaczego to ma znaczenie<\/td>\n<\/tr>\n<tr>\n<td>Pierwszy<\/td>\n<td>Kliknij \u201eNie pami\u0119tasz has\u0142a?\u201d na stronie logowania Betsamuro<\/td>\n<td>Uruchamia proces odzyskiwania bez konieczno\u015bci niepotrzebnego kontaktowania si\u0119 z pomoc\u0105 techniczn\u0105.<\/td>\n<\/tr>\n<tr>\n<td>Drugi<\/td>\n<td>Wpisz sw\u00f3j zarejestrowany adres e-mail.<\/td>\n<td>Po\u0142\u0105czy Twoj\u0105 pro\u015bb\u0119 o resetowanie has\u0142a z w\u0142a\u015bciwym kontem.<\/td>\n<\/tr>\n<tr>\n<td>Trzeci<\/td>\n<td>Sprawd\u017a swoj\u0105 skrzynk\u0119 odbiorcz\u0105 i post\u0119puj zgodnie z wy\u015bwietlonymi instrukcjami.<\/td>\n<td>Zako\u0144cz resetowanie has\u0142a, zachowuj\u0105c pe\u0142ne bezpiecze\u0144stwo<\/td>\n<\/tr>\n<\/tbody>\n<\/table>\n<p>Proces odzyskiwania przebiega szybko, a standardy bezpiecze\u0144stwa s\u0105 przez ca\u0142y czas wysokie. Je\u015bli wyst\u0105pi problem wykraczaj\u0105cy poza zwyk\u0142\u0105 zmian\u0119 has\u0142a, zawsze mo\u017cesz skontaktowa\u0107 si\u0119 z zespo\u0142em pomocy technicznej za po\u015brednictwem czatu na \u017cywo lub poczty elektronicznej.<\/p>\n<h2>FAQ<\/h2>\n<h3>Co nale\u017cy zrobi\u0107, je\u015bli moje konto zosta\u0142o zablokowane?<\/h3>\n<p>Je\u015bli Twoje konto zosta\u0142o zablokowane w Betsamuro, skontaktuj si\u0119 z zespo\u0142em pomocy technicznej, klikaj\u0105c przycisk czatu na \u017cywo, kt\u00f3ry znajduje si\u0119 na ka\u017cdej stronie kasyna. Weryfikacja jest niezb\u0119dna do odblokowania konta, poniewa\u017c potwierdza, \u017ce jeste\u015b jego prawdziwym w\u0142a\u015bcicielem, a nie osob\u0105 pr\u00f3buj\u0105c\u0105 si\u0119 w\u0142ama\u0107. Szybkie przes\u0142anie nam wymaganych dokument\u00f3w przyspiesza proces i zapewnia wszystkim bezpiecze\u0144stwo podczas korzystania z witryny.<\/p>\n<h3>Jak zaktualizowa\u0107 has\u0142o lub adres e-mail?<\/h3>\n<p>Aby zmieni\u0107 adres e-mail lub has\u0142o w kasynie Bet Samuro, zaloguj si\u0119 i kliknij opcj\u0119 zarz\u0105dzania kontem. Kliknij opcj\u0119 zmiany danych logowania do Betsamuro, wprowad\u017a nowe dane, a nast\u0119pnie wykonaj czynno\u015bci zwi\u0105zane z bezpiecze\u0144stwem, aby upewni\u0107 si\u0119, \u017ce wszystko jest poprawne. Mechanizmy bezpiecze\u0144stwa uniemo\u017cliwiaj\u0105 osobom nieuprawnionym wprowadzanie zmian na Twoim koncie.<\/p>\n<h3>Czy zesp\u00f3\u0142 pomocy technicznej Betsamuro Casino pos\u0142uguje si\u0119 wieloma j\u0119zykami, aby zapewni\u0107 pomoc?<\/h3>\n<p>Pracownicy pomocy technicznej Betsamuro Casino pomagaj\u0105 graczom z ca\u0142ego \u015bwiata i m\u00f3wi\u0105 w wielu r\u00f3\u017cnych j\u0119zykach. Je\u015bli masz jakiekolwiek problemy, mo\u017cesz w ka\u017cdej chwili porozmawia\u0107 na \u017cywo z cz\u0142onkiem zespo\u0142u. Otrzymasz szybk\u0105 odpowied\u017a na pytania dotycz\u0105ce Twojego konta, problem\u00f3w technicznych i kwestii bezpiecze\u0144stwa. Wieloj\u0119zyczny zesp\u00f3\u0142 pomocy technicznej mo\u017ce bez problemu pom\u00f3c osobom m\u00f3wi\u0105cym w r\u00f3\u017cnych j\u0119zykach.<\/p>\n<\/div><\/div><\/p>\n","protected":false},"excerpt":{"rendered":"<p>Logowanie i rejestracja konta Betsamuro Betsamuro login przebiega p\u0142ynnie i prowadzi bezpo\u015brednio do nieko\u0144cz\u0105cej si\u0119 rozrywki w postaci gier. Bezpiecze\u0144stwo zosta\u0142o odpowiednio zbudowane przy u\u017cyciu aktualnej technologii, chroni\u0105cej wszystko, co robisz. R\u00f3\u017cnorodno\u015b\u0107 \u0142\u0105czy si\u0119 z wygod\u0105, wi\u0119c skupiamy si\u0119 na tytu\u0142ach, kt\u00f3re naprawd\u0119 podobaj\u0105 si\u0119 polskim graczom. Us\u0142ugi zosta\u0142y opracowane w oparciu o rzeczywist\u0105 u\u017cyteczno\u015b\u0107 [&hellip;]<\/p>\n","protected":false},"author":1,"featured_media":0,"parent":0,"menu_order":0,"comment_status":"closed","ping_status":"closed","template":"template-builder.php","meta":{"_acf_changed":false,"inline_featured_image":false,"footnotes":""},"class_list":["post-1486","page","type-page","status-publish","hentry"],"acf":[],"yoast_head":"<!-- This site is optimized with the Yoast SEO plugin v27.3 - https:\/\/yoast.com\/product\/yoast-seo-wordpress\/ -->\n<title>Betsamuro Login i rejestracja w serwisie<\/title>\n<meta name=\"description\" content=\"Bez wysi\u0142ku tw\u00f3rz, zarz\u0105dzaj i weryfikuj swoje konto Betsamuro. Ciesz si\u0119 szybk\u0105 rejestracj\u0105, \u0142atwym odzyskiwaniem konta i bezpiecznym zamkni\u0119ciem dzi\u0119ki Betsamuro Login, zapewniaj\u0105c ochron\u0119 swojego konta przez ca\u0142\u0105 dob\u0119.\" \/>\n<meta name=\"robots\" content=\"index, follow, max-snippet:-1, max-image-preview:large, max-video-preview:-1\" \/>\n<link rel=\"canonical\" href=\"https:\/\/bet-samuro.net\/pl\/logowanie-i-rejestracja\/\" \/>\n<meta property=\"og:locale\" content=\"pl_PL\" \/>\n<meta property=\"og:type\" content=\"article\" \/>\n<meta property=\"og:title\" content=\"Betsamuro Login i rejestracja w serwisie\" \/>\n<meta property=\"og:description\" content=\"Bez wysi\u0142ku tw\u00f3rz, zarz\u0105dzaj i weryfikuj swoje konto Betsamuro. Ciesz si\u0119 szybk\u0105 rejestracj\u0105, \u0142atwym odzyskiwaniem konta i bezpiecznym zamkni\u0119ciem dzi\u0119ki Betsamuro Login, zapewniaj\u0105c ochron\u0119 swojego konta przez ca\u0142\u0105 dob\u0119.\" \/>\n<meta property=\"og:url\" content=\"https:\/\/bet-samuro.net\/pl\/logowanie-i-rejestracja\/\" \/>\n<meta property=\"og:site_name\" content=\"betsamuro\" \/>\n<meta property=\"article:modified_time\" content=\"2026-03-16T12:39:38+00:00\" \/>\n<meta name=\"twitter:card\" content=\"summary_large_image\" \/>\n<meta name=\"twitter:label1\" content=\"Est. reading time\" \/>\n\t<meta name=\"twitter:data1\" content=\"1 minute\" \/>\n<script type=\"application\/ld+json\" class=\"yoast-schema-graph\">{\"@context\":\"https:\\\/\\\/schema.org\",\"@graph\":[{\"@type\":\"WebPage\",\"@id\":\"https:\\\/\\\/bet-samuro.net\\\/pl\\\/logowanie-i-rejestracja\\\/\",\"url\":\"https:\\\/\\\/bet-samuro.net\\\/pl\\\/logowanie-i-rejestracja\\\/\",\"name\":\"Betsamuro Login i rejestracja w serwisie\",\"isPartOf\":{\"@id\":\"https:\\\/\\\/bet-samuro.net\\\/pl\\\/#website\"},\"datePublished\":\"2026-01-20T12:11:11+00:00\",\"dateModified\":\"2026-03-16T12:39:38+00:00\",\"description\":\"Bez wysi\u0142ku tw\u00f3rz, zarz\u0105dzaj i weryfikuj swoje konto Betsamuro. Ciesz si\u0119 szybk\u0105 rejestracj\u0105, \u0142atwym odzyskiwaniem konta i bezpiecznym zamkni\u0119ciem dzi\u0119ki Betsamuro Login, zapewniaj\u0105c ochron\u0119 swojego konta przez ca\u0142\u0105 dob\u0119.\",\"breadcrumb\":{\"@id\":\"https:\\\/\\\/bet-samuro.net\\\/pl\\\/logowanie-i-rejestracja\\\/#breadcrumb\"},\"inLanguage\":\"pl-PL\",\"potentialAction\":[{\"@type\":\"ReadAction\",\"target\":[\"https:\\\/\\\/bet-samuro.net\\\/pl\\\/logowanie-i-rejestracja\\\/\"]}]},{\"@type\":\"BreadcrumbList\",\"@id\":\"https:\\\/\\\/bet-samuro.net\\\/pl\\\/logowanie-i-rejestracja\\\/#breadcrumb\",\"itemListElement\":[{\"@type\":\"ListItem\",\"position\":1,\"name\":\"Betsamuro\",\"item\":\"https:\\\/\\\/bet-samuro.net\\\/pl\\\/\"},{\"@type\":\"ListItem\",\"position\":2,\"name\":\"Logowanie i rejestracja\"}]},{\"@type\":\"WebSite\",\"@id\":\"https:\\\/\\\/bet-samuro.net\\\/pl\\\/#website\",\"url\":\"https:\\\/\\\/bet-samuro.net\\\/pl\\\/\",\"name\":\"Betsamuro\",\"description\":\"\",\"publisher\":{\"@id\":\"https:\\\/\\\/bet-samuro.net\\\/pl\\\/#organization\"},\"potentialAction\":[{\"@type\":\"SearchAction\",\"target\":{\"@type\":\"EntryPoint\",\"urlTemplate\":\"https:\\\/\\\/bet-samuro.net\\\/pl\\\/?s={search_term_string}\"},\"query-input\":{\"@type\":\"PropertyValueSpecification\",\"valueRequired\":true,\"valueName\":\"search_term_string\"}}],\"inLanguage\":\"pl-PL\"},{\"@type\":\"Organization\",\"@id\":\"https:\\\/\\\/bet-samuro.net\\\/pl\\\/#organization\",\"name\":\"Betsamuro\",\"url\":\"https:\\\/\\\/bet-samuro.net\\\/pl\\\/\",\"logo\":{\"@type\":\"ImageObject\",\"inLanguage\":\"pl-PL\",\"@id\":\"https:\\\/\\\/bet-samuro.net\\\/pl\\\/#\\\/schema\\\/logo\\\/image\\\/\",\"url\":\"https:\\\/\\\/bet-samuro.net\\\/wp-content\\\/uploads\\\/2026\\\/03\\\/betsamuro-logo.svg\",\"contentUrl\":\"https:\\\/\\\/bet-samuro.net\\\/wp-content\\\/uploads\\\/2026\\\/03\\\/betsamuro-logo.svg\",\"width\":135,\"height\":26,\"caption\":\"Betsamuro\"},\"image\":{\"@id\":\"https:\\\/\\\/bet-samuro.net\\\/pl\\\/#\\\/schema\\\/logo\\\/image\\\/\"}}]}<\/script>\n<!-- \/ Yoast SEO plugin. -->","yoast_head_json":{"title":"Betsamuro Login i rejestracja w serwisie","description":"Bez wysi\u0142ku tw\u00f3rz, zarz\u0105dzaj i weryfikuj swoje konto Betsamuro. Ciesz si\u0119 szybk\u0105 rejestracj\u0105, \u0142atwym odzyskiwaniem konta i bezpiecznym zamkni\u0119ciem dzi\u0119ki Betsamuro Login, zapewniaj\u0105c ochron\u0119 swojego konta przez ca\u0142\u0105 dob\u0119.","robots":{"index":"index","follow":"follow","max-snippet":"max-snippet:-1","max-image-preview":"max-image-preview:large","max-video-preview":"max-video-preview:-1"},"canonical":"https:\/\/bet-samuro.net\/pl\/logowanie-i-rejestracja\/","og_locale":"pl_PL","og_type":"article","og_title":"Betsamuro Login i rejestracja w serwisie","og_description":"Bez wysi\u0142ku tw\u00f3rz, zarz\u0105dzaj i weryfikuj swoje konto Betsamuro. Ciesz si\u0119 szybk\u0105 rejestracj\u0105, \u0142atwym odzyskiwaniem konta i bezpiecznym zamkni\u0119ciem dzi\u0119ki Betsamuro Login, zapewniaj\u0105c ochron\u0119 swojego konta przez ca\u0142\u0105 dob\u0119.","og_url":"https:\/\/bet-samuro.net\/pl\/logowanie-i-rejestracja\/","og_site_name":"betsamuro","article_modified_time":"2026-03-16T12:39:38+00:00","twitter_card":"summary_large_image","twitter_misc":{"Est. reading time":"1 minute"},"schema":{"@context":"https:\/\/schema.org","@graph":[{"@type":"WebPage","@id":"https:\/\/bet-samuro.net\/pl\/logowanie-i-rejestracja\/","url":"https:\/\/bet-samuro.net\/pl\/logowanie-i-rejestracja\/","name":"Betsamuro Login i rejestracja w serwisie","isPartOf":{"@id":"https:\/\/bet-samuro.net\/pl\/#website"},"datePublished":"2026-01-20T12:11:11+00:00","dateModified":"2026-03-16T12:39:38+00:00","description":"Bez wysi\u0142ku tw\u00f3rz, zarz\u0105dzaj i weryfikuj swoje konto Betsamuro. Ciesz si\u0119 szybk\u0105 rejestracj\u0105, \u0142atwym odzyskiwaniem konta i bezpiecznym zamkni\u0119ciem dzi\u0119ki Betsamuro Login, zapewniaj\u0105c ochron\u0119 swojego konta przez ca\u0142\u0105 dob\u0119.","breadcrumb":{"@id":"https:\/\/bet-samuro.net\/pl\/logowanie-i-rejestracja\/#breadcrumb"},"inLanguage":"pl-PL","potentialAction":[{"@type":"ReadAction","target":["https:\/\/bet-samuro.net\/pl\/logowanie-i-rejestracja\/"]}]},{"@type":"BreadcrumbList","@id":"https:\/\/bet-samuro.net\/pl\/logowanie-i-rejestracja\/#breadcrumb","itemListElement":[{"@type":"ListItem","position":1,"name":"Betsamuro","item":"https:\/\/bet-samuro.net\/pl\/"},{"@type":"ListItem","position":2,"name":"Logowanie i rejestracja"}]},{"@type":"WebSite","@id":"https:\/\/bet-samuro.net\/pl\/#website","url":"https:\/\/bet-samuro.net\/pl\/","name":"Betsamuro","description":"","publisher":{"@id":"https:\/\/bet-samuro.net\/pl\/#organization"},"potentialAction":[{"@type":"SearchAction","target":{"@type":"EntryPoint","urlTemplate":"https:\/\/bet-samuro.net\/pl\/?s={search_term_string}"},"query-input":{"@type":"PropertyValueSpecification","valueRequired":true,"valueName":"search_term_string"}}],"inLanguage":"pl-PL"},{"@type":"Organization","@id":"https:\/\/bet-samuro.net\/pl\/#organization","name":"Betsamuro","url":"https:\/\/bet-samuro.net\/pl\/","logo":{"@type":"ImageObject","inLanguage":"pl-PL","@id":"https:\/\/bet-samuro.net\/pl\/#\/schema\/logo\/image\/","url":"https:\/\/bet-samuro.net\/wp-content\/uploads\/2026\/03\/betsamuro-logo.svg","contentUrl":"https:\/\/bet-samuro.net\/wp-content\/uploads\/2026\/03\/betsamuro-logo.svg","width":135,"height":26,"caption":"Betsamuro"},"image":{"@id":"https:\/\/bet-samuro.net\/pl\/#\/schema\/logo\/image\/"}}]}},"_links":{"self":[{"href":"https:\/\/bet-samuro.net\/pl\/wp-json\/wp\/v2\/pages\/1486","targetHints":{"allow":["GET"]}}],"collection":[{"href":"https:\/\/bet-samuro.net\/pl\/wp-json\/wp\/v2\/pages"}],"about":[{"href":"https:\/\/bet-samuro.net\/pl\/wp-json\/wp\/v2\/types\/page"}],"author":[{"embeddable":true,"href":"https:\/\/bet-samuro.net\/pl\/wp-json\/wp\/v2\/users\/1"}],"replies":[{"embeddable":true,"href":"https:\/\/bet-samuro.net\/pl\/wp-json\/wp\/v2\/comments?post=1486"}],"version-history":[{"count":3,"href":"https:\/\/bet-samuro.net\/pl\/wp-json\/wp\/v2\/pages\/1486\/revisions"}],"predecessor-version":[{"id":2116,"href":"https:\/\/bet-samuro.net\/pl\/wp-json\/wp\/v2\/pages\/1486\/revisions\/2116"}],"wp:attachment":[{"href":"https:\/\/bet-samuro.net\/pl\/wp-json\/wp\/v2\/media?parent=1486"}],"curies":[{"name":"wp","href":"https:\/\/api.w.org\/{rel}","templated":true}]}}