{"id":1447,"date":"2026-01-20T12:08:23","date_gmt":"2026-01-20T12:08:23","guid":{"rendered":"https:\/\/bonuskongcasino.com\/app\/"},"modified":"2026-03-16T12:37:29","modified_gmt":"2026-03-16T12:37:29","slug":"aplikacja","status":"publish","type":"page","link":"https:\/\/bet-samuro.net\/pl\/aplikacja\/","title":{"rendered":"Aplikacja"},"content":{"rendered":"<h1>Platforma mobilna Betsamuro<\/h1>\n<p>Betsamuro App otwiera drzwi do ekscytuj\u0105cych gier online z telefonu kom\u00f3rkowego bez \u017cadnych ogranicze\u0144. Ta progresywna aplikacja internetowa zapewnia wygod\u0119 i solidn\u0105 wydajno\u015b\u0107, umo\u017cliwiaj\u0105c polskim u\u017cytkownikom wygodny i sta\u0142y dost\u0119p do ulubionych gier kasynowych \u2013 kart, pokoi kasyn na \u017cywo, natychmiastowych wygranych i automat\u00f3w online. Wszystkie tytu\u0142y s\u0105 dost\u0119pne w aplikacji na smartfony bez ogranicze\u0144 lub ogranicze\u0144 \u201etylko dla urz\u0105dze\u0144 mobilnych\u201d.<\/p>\n<p>Kasyno Betsamuro zapewnia najwy\u017cszej jako\u015bci wra\u017cenia z gry, niezale\u017cnie od tego, czy spacerujesz po mie\u015bcie, czy wylegujesz si\u0119 w domu, dzi\u0119ki naszemu wszechstronnemu rozwi\u0105zaniu mobilnemu, dostosowuj\u0105cemu si\u0119 do Twojego stylu \u017cycia.<\/p>\n<div class=\"banner-wrap\" aria-label=\"Banner\"><img src=\"https:\/\/bet-samuro.net\/wp-content\/uploads\/2026\/03\/banner-desktop2x-1.webp\" class=\"w-100 d-none d-lg-block img-pc main-banner-img\" alt=\"betsamuro banner desktop\" fetchpriority=\"high\" decoding=\"async\"><img src=\"https:\/\/bet-samuro.net\/wp-content\/uploads\/2026\/03\/banner-mobile2x-1.webp\" class=\"w-100 d-none d-md-block d-lg-none main-banner-img\" alt=\"betsamuro banner mobile\" fetchpriority=\"high\" decoding=\"async\"><img src=\"https:\/\/bet-samuro.net\/wp-content\/uploads\/2026\/03\/banner-mobile2x-1.webp\" class=\"w-100 d-md-none\" alt=\"betsamuro banner mobile\" fetchpriority=\"high\" decoding=\"async\"><div class=\"banner-description\">\n<div class=\"banner-title\">Bonusy powitalne<\/div>\n<p class=\"banner-header-title\">1500 \u20ac<\/p>\n<div class=\"banner-header-AdditionalText\">+ 250 Darmowe spiny<\/div>\n<button data-item=\"homepage_banner_link\" class=\"goto m-button m-gradient-border m-button--primary m-button--large banner-button btn-orange\">\n            <div class=\"m-button-content\">\n                <span>Zarejestruj si\u0119 teraz<\/span>\n                <span><\/span>\n            <\/div>\n        <\/button>\n<\/div>\n<div class=\"WelcomePack\">\n<p><img loading=\"lazy\" decoding=\"async\" class=\"alignnone size-full wp-image-1866\" src=\"https:\/\/bet-samuro.net\/wp-content\/uploads\/2026\/03\/welcome-crown-1.png\" alt=\"welcome crown\" width=\"25\" height=\"26\" \/><\/p>\n<div class=\"WelcomePack-Info\">Cotygodniowy zwrot got\u00f3wki do 25%<\/div>\n<p><img loading=\"lazy\" decoding=\"async\" class=\"alignnone size-full wp-image-1866\" src=\"https:\/\/bet-samuro.net\/wp-content\/uploads\/2026\/03\/welcome-crown-1.png\" alt=\"welcome crown\" width=\"25\" height=\"26\" \/><\/p>\n<\/div>\n<\/div>\n<h2>Korzystanie z Betsamuro na urz\u0105dzeniach mobilnych<\/h2>\n<p>Dost\u0119p do kasyna Bet Samuro na urz\u0105dzeniach mobilnych i elastyczno\u015b\u0107 platformy sprawiaj\u0105, \u017ce jest ono \u0142atwe w u\u017cyciu dla szerokiego grona u\u017cytkownik\u00f3w i urz\u0105dze\u0144. Nie musisz rezygnowa\u0107 z jako\u015bci, aby gra\u0107 w swoje ulubione gry, poniewa\u017c oba podej\u015bcia sprawdzaj\u0105 si\u0119 bardzo dobrze, zapewniaj\u0105c wysok\u0105 wydajno\u015b\u0107, bezpiecze\u0144stwo i \u0142atwo\u015b\u0107 obs\u0142ugi.<\/p>\n<p>Istniej\u0105 dobre powody, aby przej\u015b\u0107 z komputera na aplikacj\u0119 Betsamuro:<\/p>\n<ul>\n<li>P\u0142ynna rozgrywka oznacza mo\u017cliwo\u015b\u0107 grania w ulubione gry w podr\u00f3\u017cy na platformie mobilnej, kt\u00f3ra szybko si\u0119 \u0142aduje i natychmiast reaguje, zapewniaj\u0105c ci\u0105g\u0142o\u015b\u0107 gry.<\/li>\n<li>Gracze mog\u0105 \u0142atwo odnale\u017a\u0107 si\u0119 w aplikacji dzi\u0119ki intuicyjnemu interfejsowi, niezale\u017cnie od tego, jak dobrze znaj\u0105 si\u0119 na technologii.<\/li>\n<li>Mo\u017cesz u\u017cywa\u0107 aplikacji, aby zalogowa\u0107 si\u0119 i gra\u0107 w dowolnym momencie.<\/li>\n<li>Kasyno Betsamuro zapewnia bezpiecze\u0144stwo wszystkich transakcji i danych osobowych, dzi\u0119ki czemu mo\u017cesz gra\u0107 bez obaw.<\/li>\n<li>Uniwersalna kompatybilno\u015b\u0107 dzia\u0142a zar\u00f3wno z systemem iOS, jak i Android, dzi\u0119ki czemu dzia\u0142a na prawie wszystkich telefonach i tabletach dost\u0119pnych obecnie na rynku.<\/li>\n<\/ul>\n<p><div class=\"scrollable-content-wrap my-5\"><div class=\"scrollable-content-inner\"><h2>Aplikacja mobilna Betsamuro na Androida<\/h2>\n<p>U\u017cytkownicy Androida mog\u0105 pobra\u0107 aplikacj\u0119 Betsamuro, kt\u00f3ra jest zaawansowanym, progresywnym oprogramowaniem internetowym przeznaczonym dla graczy mobilnych kasyn w ca\u0142ym ogromnym ekosystemie Androida. Jest to bardzo proste, wystarczy klikn\u0105\u0107 \u201eDodaj do ekranu g\u0142\u00f3wnego\u201d i umie\u015bci\u0107 ikon\u0119 w dowolnym miejscu.<\/p>\n<p>Szerokie spektrum pokrycia oznacza, \u017ce wszystkie telefony i tablety z systemem Android, niezale\u017cnie od producenta i ceny, b\u0119d\u0105 mia\u0142y stabilne po\u0142\u0105czenie i dobr\u0105 jako\u015b\u0107 obrazu. Instalacja przebiega szybko. Aktualizacje odbywaj\u0105 si\u0119 automatycznie w tle. Gracze nigdy nie przegapi\u0105 \u017cadnej poprawki ani nowej funkcji.<\/p>\n<p>Projekt jest \u0142atwy w u\u017cyciu, dzi\u0119ki czemu mo\u017cna szybko przechodzi\u0107 mi\u0119dzy gatunkami gier, ofertami specjalnymi i administracj\u0105 konta bez gubienia si\u0119 w menu. Og\u00f3lnie rzecz bior\u0105c, PWA zapewnia graczom naprawd\u0119 przyjemne wra\u017cenia z gry. Poniewa\u017c metoda PWA dzia\u0142a lepiej, nie ma ju\u017c plik\u00f3w APK Betsamuro.<\/p>\n<p><img loading=\"lazy\" decoding=\"async\" class=\"alignnone size-full wp-image-1932\" src=\"https:\/\/bet-samuro.net\/wp-content\/uploads\/2026\/03\/Betsamuro-Casino-for-Android.webp\" alt=\"Betsamuro Casino for Android\" width=\"1248\" height=\"536\" srcset=\"https:\/\/bet-samuro.net\/wp-content\/uploads\/2026\/03\/Betsamuro-Casino-for-Android.webp 1248w, https:\/\/bet-samuro.net\/wp-content\/uploads\/2026\/03\/Betsamuro-Casino-for-Android-300x129.webp 300w, https:\/\/bet-samuro.net\/wp-content\/uploads\/2026\/03\/Betsamuro-Casino-for-Android-1024x440.webp 1024w, https:\/\/bet-samuro.net\/wp-content\/uploads\/2026\/03\/Betsamuro-Casino-for-Android-768x330.webp 768w\" sizes=\"auto, (max-width: 1248px) 100vw, 1248px\" \/><\/p>\n<\/div><\/div><div style=\"clear: both\"><\/div><div class=\"d-flex justify-content-center\"><button data-item=\"decouvrez_link\" data-group=\"website_links\" class=\"goto fw-bold rounded-pill btn btn-orange\" aria-label=\"Pobierz aplikacj\u0119 Betsamuro\" >Pobierz aplikacj\u0119 Betsamuro<\/button><\/div><div class=\"scrollable-content-wrap my-5\"><div class=\"scrollable-content-inner\"><h2>Aplikacja mobilna Bet Samuro na iOS<\/h2>\n<p>Aplikacja Betsamuro Casino na iOS zosta\u0142a stworzona specjalnie dla urz\u0105dze\u0144 Apple, aby u\u017cytkownicy mogli cieszy\u0107 si\u0119 p\u0142ynnym i \u0142atwym dzia\u0142aniem przez ca\u0142y czas. Szybkie \u0142adowanie i wysokie bezpiecze\u0144stwo sprawiaj\u0105, \u017ce ka\u017cda sesja jest bezpieczna.<\/p>\n<ol>\n<li>We\u017a iPhone&#8217;a i uruchom aplikacj\u0119 Skr\u00f3ty, kt\u00f3ra jest ju\u017c wbudowana w system iOS.<\/li>\n<li>Znajd\u017a ikon\u0119 + (plus) i dotknij jej, aby utworzy\u0107 nowy skr\u00f3t.<\/li>\n<li>Pojawi si\u0119 przycisk \u201eDodaj akcj\u0119\u201d \u2013 dotknij go, a nast\u0119pnie zacznij wpisywa\u0107 \u201eBetsamuro\u201d.<\/li>\n<li>Wyniki wyszukiwania powinny wy\u015bwietli\u0107 \u017c\u0105dan\u0105 aplikacj\u0119, wi\u0119c wybierz j\u0105 z listy.<\/li>\n<li>Teraz dotknij ma\u0142ej strza\u0142ki w d\u00f3\u0142 znajduj\u0105cej si\u0119 obok nazwy skr\u00f3tu i wybierz \u201eDodaj do ekranu g\u0142\u00f3wnego\u201d z wy\u015bwietlonych opcji.<\/li>\n<li>Tutaj mo\u017cesz wykaza\u0107 si\u0119 kreatywno\u015bci\u0105: wybierz niestandardowe zdj\u0119cie jako ikon\u0119, je\u015bli domy\u015blna wygl\u0105da nudno, wybierz nazw\u0119, kt\u00f3ra ma dla Ciebie sens, a nast\u0119pnie dotknij przycisku \u201eDodaj\u201d.<\/li>\n<\/ol>\n<p>Aplikacja Betsamuro jest regularnie aktualizowana. Ka\u017cda aktualizacja dodaje nowe funkcje i ulepsza istniej\u0105ce w naszym kasynie.<\/p>\n<p><img loading=\"lazy\" decoding=\"async\" class=\"alignnone size-full wp-image-1940\" src=\"https:\/\/bet-samuro.net\/wp-content\/uploads\/2026\/03\/Betsamuro-Casino-for-iOS.webp\" alt=\"Betsamuro Casino for iOS\" width=\"1248\" height=\"536\" srcset=\"https:\/\/bet-samuro.net\/wp-content\/uploads\/2026\/03\/Betsamuro-Casino-for-iOS.webp 1248w, https:\/\/bet-samuro.net\/wp-content\/uploads\/2026\/03\/Betsamuro-Casino-for-iOS-300x129.webp 300w, https:\/\/bet-samuro.net\/wp-content\/uploads\/2026\/03\/Betsamuro-Casino-for-iOS-1024x440.webp 1024w, https:\/\/bet-samuro.net\/wp-content\/uploads\/2026\/03\/Betsamuro-Casino-for-iOS-768x330.webp 768w\" sizes=\"auto, (max-width: 1248px) 100vw, 1248px\" \/><\/p>\n<\/div><\/div><div style=\"clear: both\"><\/div><div class=\"d-flex justify-content-center\"><button data-item=\"decouvrez_link\" data-group=\"website_links\" class=\"goto fw-bold rounded-pill btn btn-orange\" aria-label=\"Pobierz aplikacj\u0119 Betsamuro\" >Pobierz aplikacj\u0119 Betsamuro<\/button><\/div><div class=\"scrollable-content-wrap my-5\"><div class=\"scrollable-content-inner\"><h2>Aplikacje dla system\u00f3w Windows i macOS<\/h2>\n<p>Kasyno Betsamuro ma wersje na komputery stacjonarne z Windows i Mac, a tak\u017ce wersje mobilne. Te wersje zapewniaj\u0105 pe\u0142n\u0105 panoramiczn\u0105 perspektyw\u0119, tak jak wi\u0119ksze monitory. Aplikacja Bet Samuro na komputery stacjonarne, stworzona z my\u015bl\u0105 o wi\u0119kszych ekranach, wykorzystuje mo\u017cliwo\u015bci komputer\u00f3w stacjonarnych, aby zapewni\u0107 grafik\u0119 w wysokiej rozdzielczo\u015bci i dodatkowe funkcje. Gracze mog\u0105 cieszy\u0107 si\u0119 pe\u0142n\u0105 wersj\u0105 gry na swoich komputerach stacjonarnych dzi\u0119ki takim funkcjom, jak czat na \u017cywo, kt\u00f3ry \u0142\u0105czy Ci\u0119 bezpo\u015brednio z zespo\u0142em pomocy technicznej, oraz szybszy proces uwierzytelniania.<\/p>\n<table>\n<tbody>\n<tr>\n<td>Co robisz<\/td>\n<td>Komputer stacjonarny<\/td>\n<td>Aplikacja mobilna<\/td>\n<td>Kt\u00f3ra z nich wygrywa<\/td>\n<\/tr>\n<tr>\n<td>Szybka 10-minutowa sesja<\/td>\n<td>Musisz znale\u017a\u0107 komputer, otworzy\u0107 przegl\u0105dark\u0119, wpisa\u0107 adres URL, poczeka\u0107, a\u017c strona na komputerze w pe\u0142ni si\u0119 za\u0142aduje<\/td>\n<td>Wystarczy klikn\u0105\u0107 ikon\u0119 aplikacji Betsamuro, zalogowa\u0107 si\u0119 za pomoc\u0105 Face ID i ju\u017c po 3 sekundach mo\u017cesz gra\u0107<\/td>\n<td>W tym przypadku aplikacja mobilna zdecydowanie wygrywa z wersj\u0105 na komputery stacjonarne<\/td>\n<\/tr>\n<tr>\n<td>Powa\u017cna 3-godzinna sesja turniejowa<\/td>\n<td>Du\u017cy ekran pokazuje wszystko wyra\u017anie, precyzja myszy w z\u0142o\u017conych grach, stabilne po\u0142\u0105czenie<\/td>\n<td>Jest to funkcjonalne, ale telefon bardzo si\u0119 nagrzewa, a palce dr\u0119twiej\u0105 od ma\u0142ego ekranu<\/td>\n<td>Przewaga komputer\u00f3w stacjonarnych jest oczywista w przypadku maraton\u00f3w, gdzie liczy si\u0119 komfort<\/td>\n<\/tr>\n<tr>\n<td>Granie przy s\u0142abym po\u0142\u0105czeniu Wi-Fi<\/td>\n<td>Witryny na komputery stacjonarne wymagaj\u0105 stabilnego po\u0142\u0105czenia<\/td>\n<td>Aplikacja radzi sobie z kr\u00f3tkimi przerwami w po\u0142\u0105czeniu<\/td>\n<td>Urz\u0105dzenia mobilne s\u0105 przydatne w poci\u0105gach i samolotach.<\/td>\n<\/tr>\n<\/tbody>\n<\/table>\n<p>Zalety aplikacji Betsamuro jako PWA s\u0105 oczywiste: automatyczne aktualizacje, niewielkie wymagania dotycz\u0105ce pami\u0119ci, natychmiastowy dost\u0119p bez biurokracji zwi\u0105zanej z rynkiem oraz sp\u00f3jne do\u015bwiadczenia na wszystkich u\u017cywanych urz\u0105dzeniach.<\/p>\n<p><img loading=\"lazy\" decoding=\"async\" class=\"alignnone size-full wp-image-1924\" src=\"https:\/\/bet-samuro.net\/wp-content\/uploads\/2026\/03\/Betsamuro-Application-for-PC.webp\" alt=\"Betsamuro Application for PC\" width=\"1248\" height=\"536\" srcset=\"https:\/\/bet-samuro.net\/wp-content\/uploads\/2026\/03\/Betsamuro-Application-for-PC.webp 1248w, https:\/\/bet-samuro.net\/wp-content\/uploads\/2026\/03\/Betsamuro-Application-for-PC-300x129.webp 300w, https:\/\/bet-samuro.net\/wp-content\/uploads\/2026\/03\/Betsamuro-Application-for-PC-1024x440.webp 1024w, https:\/\/bet-samuro.net\/wp-content\/uploads\/2026\/03\/Betsamuro-Application-for-PC-768x330.webp 768w\" sizes=\"auto, (max-width: 1248px) 100vw, 1248px\" \/><\/p>\n<\/div><\/div><div style=\"clear: both\"><\/div><div class=\"d-flex justify-content-center\"><button data-item=\"decouvrez_link\" data-group=\"website_links\" class=\"goto fw-bold rounded-pill btn btn-orange\" aria-label=\"Pobierz aplikacj\u0119 Betsamuro\" >Pobierz aplikacj\u0119 Betsamuro<\/button><\/div><div class=\"scrollable-content-wrap my-5\"><div class=\"scrollable-content-inner\"><h2>FAQ<\/h2>\n<h3>Czy do korzystania z aplikacji Bet Samuro konieczne jest utworzenie konta?<\/h3>\n<p>Aby w pe\u0142ni korzysta\u0107 z aplikacji Betsamuro Casino, musisz najpierw zarejestrowa\u0107 konto. Bez konta masz dost\u0119p tylko do gier demo, a prawdopodobnie nie po to tu jeste\u015b. Rejestracja odblokowuje mo\u017cliwo\u015b\u0107 wp\u0142acania w\u0142asnych \u015brodk\u00f3w, udzia\u0142u w promocjach i odbierania bonus\u00f3w. Zapewnia r\u00f3wnie\u017c wysoki poziom bezpiecze\u0144stwa i zgodno\u015b\u0107 z prawem dzi\u0119ki procesowi weryfikacji. Prawid\u0142owe skonfigurowanie wszystkiego zajmuje kilka minut.<\/p>\n<h3>Czy aplikacja oferuje obs\u0142ug\u0119 klienta?<\/h3>\n<p>Aplikacja Betsamuro \u0142\u0105czy Ci\u0119 bezpo\u015brednio z zespo\u0142em wsparcia poprzez czat na \u017cywo i e-mail. Profesjonalni specjali\u015bci zajmuj\u0105 si\u0119 problemami technicznymi, pytaniami dotycz\u0105cymi weryfikacji konta i innymi zapytaniami, kt\u00f3re pojawiaj\u0105 si\u0119 podczas gry. Doskona\u0142a obs\u0142uga klienta oznacza przyjemno\u015b\u0107 z gry w kasynie Betsamuro.<\/p>\n<h3>Jak mog\u0119 zaktualizowa\u0107 aplikacj\u0119 Bet Samuro?<\/h3>\n<p>Nie musisz martwi\u0107 si\u0119 o numery wersji ani r\u0119czne instalowanie aktualizacji \u2013 wszystko odbywa si\u0119 automatycznie. Korzystaj\u0105c z progresywnej aplikacji internetowej, mo\u017cesz by\u0107 na bie\u017c\u0105co z najnowsz\u0105 wersj\u0105, od\u015bwie\u017caj\u0105c przegl\u0105dark\u0119 lub opr\u00f3\u017cniaj\u0105c pami\u0119\u0107 podr\u0119czn\u0105. Komputer stacjonarny dzia\u0142a w ten sam spos\u00f3b, wi\u0119c nie musisz traci\u0107 czasu na r\u0119czne aktualizacje.<\/p>\n<\/div><\/div><\/p>\n","protected":false},"excerpt":{"rendered":"<p>Platforma mobilna Betsamuro Betsamuro App otwiera drzwi do ekscytuj\u0105cych gier online z telefonu kom\u00f3rkowego bez \u017cadnych ogranicze\u0144. Ta progresywna aplikacja internetowa zapewnia wygod\u0119 i solidn\u0105 wydajno\u015b\u0107, umo\u017cliwiaj\u0105c polskim u\u017cytkownikom wygodny i sta\u0142y dost\u0119p do ulubionych gier kasynowych \u2013 kart, pokoi kasyn na \u017cywo, natychmiastowych wygranych i automat\u00f3w online. Wszystkie tytu\u0142y s\u0105 dost\u0119pne w aplikacji na [&hellip;]<\/p>\n","protected":false},"author":1,"featured_media":0,"parent":0,"menu_order":0,"comment_status":"closed","ping_status":"closed","template":"template-builder.php","meta":{"_acf_changed":false,"inline_featured_image":false,"footnotes":""},"class_list":["post-1447","page","type-page","status-publish","hentry"],"acf":[],"yoast_head":"<!-- This site is optimized with the Yoast SEO plugin v27.3 - https:\/\/yoast.com\/product\/yoast-seo-wordpress\/ -->\n<title>Betsamuro app | Platformy iOS i Android<\/title>\n<meta name=\"description\" content=\"Aplikacja Betsamuro zapewnia p\u0142ynn\u0105 rozgrywk\u0119 w kasynie na systemach Android, iOS, Windows i macOS, oferuj\u0105c zsynchronizowane konta, regularne aktualizacje i wbudowan\u0105 obs\u0142ug\u0119 klienta, co zapewnia komfortowe wra\u017cenia z gry.\" \/>\n<meta name=\"robots\" content=\"index, follow, max-snippet:-1, max-image-preview:large, max-video-preview:-1\" \/>\n<link rel=\"canonical\" href=\"https:\/\/bet-samuro.net\/pl\/aplikacja\/\" \/>\n<meta property=\"og:locale\" content=\"pl_PL\" \/>\n<meta property=\"og:type\" content=\"article\" \/>\n<meta property=\"og:title\" content=\"Betsamuro app | Platformy iOS i Android\" \/>\n<meta property=\"og:description\" content=\"Aplikacja Betsamuro zapewnia p\u0142ynn\u0105 rozgrywk\u0119 w kasynie na systemach Android, iOS, Windows i macOS, oferuj\u0105c zsynchronizowane konta, regularne aktualizacje i wbudowan\u0105 obs\u0142ug\u0119 klienta, co zapewnia komfortowe wra\u017cenia z gry.\" \/>\n<meta property=\"og:url\" content=\"https:\/\/bet-samuro.net\/pl\/aplikacja\/\" \/>\n<meta property=\"og:site_name\" content=\"betsamuro\" \/>\n<meta property=\"article:modified_time\" content=\"2026-03-16T12:37:29+00:00\" \/>\n<meta name=\"twitter:card\" content=\"summary_large_image\" \/>\n<meta name=\"twitter:label1\" content=\"Est. reading time\" \/>\n\t<meta name=\"twitter:data1\" content=\"2 minutes\" \/>\n<script type=\"application\/ld+json\" class=\"yoast-schema-graph\">{\"@context\":\"https:\\\/\\\/schema.org\",\"@graph\":[{\"@type\":\"WebPage\",\"@id\":\"https:\\\/\\\/bet-samuro.net\\\/pl\\\/aplikacja\\\/\",\"url\":\"https:\\\/\\\/bet-samuro.net\\\/pl\\\/aplikacja\\\/\",\"name\":\"Betsamuro app | Platformy iOS i Android\",\"isPartOf\":{\"@id\":\"https:\\\/\\\/bet-samuro.net\\\/pl\\\/#website\"},\"datePublished\":\"2026-01-20T12:08:23+00:00\",\"dateModified\":\"2026-03-16T12:37:29+00:00\",\"description\":\"Aplikacja Betsamuro zapewnia p\u0142ynn\u0105 rozgrywk\u0119 w kasynie na systemach Android, iOS, Windows i macOS, oferuj\u0105c zsynchronizowane konta, regularne aktualizacje i wbudowan\u0105 obs\u0142ug\u0119 klienta, co zapewnia komfortowe wra\u017cenia z gry.\",\"breadcrumb\":{\"@id\":\"https:\\\/\\\/bet-samuro.net\\\/pl\\\/aplikacja\\\/#breadcrumb\"},\"inLanguage\":\"pl-PL\",\"potentialAction\":[{\"@type\":\"ReadAction\",\"target\":[\"https:\\\/\\\/bet-samuro.net\\\/pl\\\/aplikacja\\\/\"]}]},{\"@type\":\"BreadcrumbList\",\"@id\":\"https:\\\/\\\/bet-samuro.net\\\/pl\\\/aplikacja\\\/#breadcrumb\",\"itemListElement\":[{\"@type\":\"ListItem\",\"position\":1,\"name\":\"Betsamuro\",\"item\":\"https:\\\/\\\/bet-samuro.net\\\/pl\\\/\"},{\"@type\":\"ListItem\",\"position\":2,\"name\":\"Aplikacja\"}]},{\"@type\":\"WebSite\",\"@id\":\"https:\\\/\\\/bet-samuro.net\\\/pl\\\/#website\",\"url\":\"https:\\\/\\\/bet-samuro.net\\\/pl\\\/\",\"name\":\"Betsamuro\",\"description\":\"\",\"publisher\":{\"@id\":\"https:\\\/\\\/bet-samuro.net\\\/pl\\\/#organization\"},\"potentialAction\":[{\"@type\":\"SearchAction\",\"target\":{\"@type\":\"EntryPoint\",\"urlTemplate\":\"https:\\\/\\\/bet-samuro.net\\\/pl\\\/?s={search_term_string}\"},\"query-input\":{\"@type\":\"PropertyValueSpecification\",\"valueRequired\":true,\"valueName\":\"search_term_string\"}}],\"inLanguage\":\"pl-PL\"},{\"@type\":\"Organization\",\"@id\":\"https:\\\/\\\/bet-samuro.net\\\/pl\\\/#organization\",\"name\":\"Betsamuro\",\"url\":\"https:\\\/\\\/bet-samuro.net\\\/pl\\\/\",\"logo\":{\"@type\":\"ImageObject\",\"inLanguage\":\"pl-PL\",\"@id\":\"https:\\\/\\\/bet-samuro.net\\\/pl\\\/#\\\/schema\\\/logo\\\/image\\\/\",\"url\":\"https:\\\/\\\/bet-samuro.net\\\/wp-content\\\/uploads\\\/2026\\\/03\\\/betsamuro-logo.svg\",\"contentUrl\":\"https:\\\/\\\/bet-samuro.net\\\/wp-content\\\/uploads\\\/2026\\\/03\\\/betsamuro-logo.svg\",\"width\":135,\"height\":26,\"caption\":\"Betsamuro\"},\"image\":{\"@id\":\"https:\\\/\\\/bet-samuro.net\\\/pl\\\/#\\\/schema\\\/logo\\\/image\\\/\"}}]}<\/script>\n<!-- \/ Yoast SEO plugin. -->","yoast_head_json":{"title":"Betsamuro app | Platformy iOS i Android","description":"Aplikacja Betsamuro zapewnia p\u0142ynn\u0105 rozgrywk\u0119 w kasynie na systemach Android, iOS, Windows i macOS, oferuj\u0105c zsynchronizowane konta, regularne aktualizacje i wbudowan\u0105 obs\u0142ug\u0119 klienta, co zapewnia komfortowe wra\u017cenia z gry.","robots":{"index":"index","follow":"follow","max-snippet":"max-snippet:-1","max-image-preview":"max-image-preview:large","max-video-preview":"max-video-preview:-1"},"canonical":"https:\/\/bet-samuro.net\/pl\/aplikacja\/","og_locale":"pl_PL","og_type":"article","og_title":"Betsamuro app | Platformy iOS i Android","og_description":"Aplikacja Betsamuro zapewnia p\u0142ynn\u0105 rozgrywk\u0119 w kasynie na systemach Android, iOS, Windows i macOS, oferuj\u0105c zsynchronizowane konta, regularne aktualizacje i wbudowan\u0105 obs\u0142ug\u0119 klienta, co zapewnia komfortowe wra\u017cenia z gry.","og_url":"https:\/\/bet-samuro.net\/pl\/aplikacja\/","og_site_name":"betsamuro","article_modified_time":"2026-03-16T12:37:29+00:00","twitter_card":"summary_large_image","twitter_misc":{"Est. reading time":"2 minutes"},"schema":{"@context":"https:\/\/schema.org","@graph":[{"@type":"WebPage","@id":"https:\/\/bet-samuro.net\/pl\/aplikacja\/","url":"https:\/\/bet-samuro.net\/pl\/aplikacja\/","name":"Betsamuro app | Platformy iOS i Android","isPartOf":{"@id":"https:\/\/bet-samuro.net\/pl\/#website"},"datePublished":"2026-01-20T12:08:23+00:00","dateModified":"2026-03-16T12:37:29+00:00","description":"Aplikacja Betsamuro zapewnia p\u0142ynn\u0105 rozgrywk\u0119 w kasynie na systemach Android, iOS, Windows i macOS, oferuj\u0105c zsynchronizowane konta, regularne aktualizacje i wbudowan\u0105 obs\u0142ug\u0119 klienta, co zapewnia komfortowe wra\u017cenia z gry.","breadcrumb":{"@id":"https:\/\/bet-samuro.net\/pl\/aplikacja\/#breadcrumb"},"inLanguage":"pl-PL","potentialAction":[{"@type":"ReadAction","target":["https:\/\/bet-samuro.net\/pl\/aplikacja\/"]}]},{"@type":"BreadcrumbList","@id":"https:\/\/bet-samuro.net\/pl\/aplikacja\/#breadcrumb","itemListElement":[{"@type":"ListItem","position":1,"name":"Betsamuro","item":"https:\/\/bet-samuro.net\/pl\/"},{"@type":"ListItem","position":2,"name":"Aplikacja"}]},{"@type":"WebSite","@id":"https:\/\/bet-samuro.net\/pl\/#website","url":"https:\/\/bet-samuro.net\/pl\/","name":"Betsamuro","description":"","publisher":{"@id":"https:\/\/bet-samuro.net\/pl\/#organization"},"potentialAction":[{"@type":"SearchAction","target":{"@type":"EntryPoint","urlTemplate":"https:\/\/bet-samuro.net\/pl\/?s={search_term_string}"},"query-input":{"@type":"PropertyValueSpecification","valueRequired":true,"valueName":"search_term_string"}}],"inLanguage":"pl-PL"},{"@type":"Organization","@id":"https:\/\/bet-samuro.net\/pl\/#organization","name":"Betsamuro","url":"https:\/\/bet-samuro.net\/pl\/","logo":{"@type":"ImageObject","inLanguage":"pl-PL","@id":"https:\/\/bet-samuro.net\/pl\/#\/schema\/logo\/image\/","url":"https:\/\/bet-samuro.net\/wp-content\/uploads\/2026\/03\/betsamuro-logo.svg","contentUrl":"https:\/\/bet-samuro.net\/wp-content\/uploads\/2026\/03\/betsamuro-logo.svg","width":135,"height":26,"caption":"Betsamuro"},"image":{"@id":"https:\/\/bet-samuro.net\/pl\/#\/schema\/logo\/image\/"}}]}},"_links":{"self":[{"href":"https:\/\/bet-samuro.net\/pl\/wp-json\/wp\/v2\/pages\/1447","targetHints":{"allow":["GET"]}}],"collection":[{"href":"https:\/\/bet-samuro.net\/pl\/wp-json\/wp\/v2\/pages"}],"about":[{"href":"https:\/\/bet-samuro.net\/pl\/wp-json\/wp\/v2\/types\/page"}],"author":[{"embeddable":true,"href":"https:\/\/bet-samuro.net\/pl\/wp-json\/wp\/v2\/users\/1"}],"replies":[{"embeddable":true,"href":"https:\/\/bet-samuro.net\/pl\/wp-json\/wp\/v2\/comments?post=1447"}],"version-history":[{"count":4,"href":"https:\/\/bet-samuro.net\/pl\/wp-json\/wp\/v2\/pages\/1447\/revisions"}],"predecessor-version":[{"id":2114,"href":"https:\/\/bet-samuro.net\/pl\/wp-json\/wp\/v2\/pages\/1447\/revisions\/2114"}],"wp:attachment":[{"href":"https:\/\/bet-samuro.net\/pl\/wp-json\/wp\/v2\/media?parent=1447"}],"curies":[{"name":"wp","href":"https:\/\/api.w.org\/{rel}","templated":true}]}}