{"id":1485,"date":"2026-01-20T12:11:11","date_gmt":"2026-01-20T12:11:11","guid":{"rendered":"https:\/\/bonuskongcasino.com\/login-and-registration\/"},"modified":"2026-03-16T12:19:21","modified_gmt":"2026-03-16T12:19:21","slug":"accesso-e-registrazione","status":"publish","type":"page","link":"https:\/\/bet-samuro.net\/it\/accesso-e-registrazione\/","title":{"rendered":"Accesso e registrazione"},"content":{"rendered":"<h1>Accesso e registrazione all&#8217;account Betsamuro<\/h1>\n<p>Il Betsamuro login ti porta direttamente a un intrattenimento di gioco che non finisce mai. La sicurezza \u00e8 stata implementata correttamente utilizzando la tecnologia attuale, proteggendo tutto ci\u00f2 che fai. La variet\u00e0 incontra la convenienza, quindi immergersi nei titoli che piacciono davvero ai giocatori italiani diventa l&#8217;obiettivo principale. I servizi sono stati sviluppati intorno all&#8217;effettiva usabilit\u00e0 abbinata alla sicurezza.<\/p>\n<p><div class=\"banner-wrap\" aria-label=\"Banner\"><img src=\"https:\/\/bet-samuro.net\/wp-content\/uploads\/2026\/03\/banner-desktop2x-1.webp\" class=\"w-100 d-none d-lg-block img-pc main-banner-img\" alt=\"betsamuro banner desktop\" fetchpriority=\"high\" decoding=\"async\"><img src=\"https:\/\/bet-samuro.net\/wp-content\/uploads\/2026\/03\/banner-mobile2x-1.webp\" class=\"w-100 d-none d-md-block d-lg-none main-banner-img\" alt=\"betsamuro banner mobile\" fetchpriority=\"high\" decoding=\"async\"><img src=\"https:\/\/bet-samuro.net\/wp-content\/uploads\/2026\/03\/banner-mobile2x-1.webp\" class=\"w-100 d-md-none\" alt=\"betsamuro banner mobile\" fetchpriority=\"high\" decoding=\"async\"><div class=\"banner-description\">\n<div class=\"banner-title\">Bonus di benvenuto<\/div>\n<p class=\"banner-header-title\">1500 \u20ac<\/p>\n<div class=\"banner-header-AdditionalText\">+ 250 Giri gratuiti<\/div>\n<button data-item=\"homepage_banner_link\" class=\"goto m-button m-gradient-border m-button--primary m-button--large banner-button btn-orange\">\n            <div class=\"m-button-content\">\n                <span>Iscriviti ora<\/span>\n                <span><\/span>\n            <\/div>\n        <\/button>\n<\/div>\n<div class=\"WelcomePack\">\n<p><img loading=\"lazy\" decoding=\"async\" class=\"alignnone size-full wp-image-1865\" src=\"https:\/\/bet-samuro.net\/wp-content\/uploads\/2026\/03\/welcome-crown-1.png\" alt=\"welcome crown\" width=\"25\" height=\"26\" \/><\/p>\n<div class=\"WelcomePack-Info\">Cashback settimanale fino al 25%<\/div>\n<p><img loading=\"lazy\" decoding=\"async\" class=\"alignnone size-full wp-image-1865\" src=\"https:\/\/bet-samuro.net\/wp-content\/uploads\/2026\/03\/welcome-crown-1.png\" alt=\"welcome crown\" width=\"25\" height=\"26\" \/><\/p>\n<\/div>\n<\/div><div class=\"scrollable-content-wrap my-5\"><div class=\"scrollable-content-inner\"><h2>Registrazione di un nuovo utente su Bet Samuro<\/h2>\n<p>Quando ti registri su Betsamuro Casino, puoi utilizzare tutto, il che rende il gioco emozionante. Riceverai subito un bonus di benvenuto di 1.500 \u20ac e 250 giri quando ti registri per un nuovo account. Chi preferisce competere pu\u00f2 partecipare alle competizioni. Il programma fedelt\u00e0 inizia subito. Dopo aver effettuato l&#8217;accesso a Betsamuro, potrai accedere a una vasta libreria di giochi e offerte speciali giornaliere sempre nuove. Questo \u00e8 il primo passo verso un gioco sicuro e divertente.<\/p>\n<h3>Crea il tuo account<\/h3>\n<p>La configurazione dell&#8217;accesso a Betsamuro \u00e8 semplice e non richiede passaggi complicati. Ecco come funziona:<\/p>\n<ol>\n<li>Il pulsante &#8220;Registrati&#8221; si trova sul sito Betsamuro, dove dovrebbe essere, non nascosto in tre menu.<\/li>\n<li>Il modulo di registrazione richiede informazioni autentiche, compreso il tuo indirizzo e-mail reale e una password che non sia troppo facile da indovinare.<\/li>\n<li>\u00c8 necessario selezionare le caselle di conferma dopo aver almeno letto ci\u00f2 che si sta accettando.<\/li>\n<li>Potrebbe apparire un CAPTCHA per dimostrare che sei una persona reale e non un robot.<\/li>\n<li>Le istruzioni ti saranno inviate via e-mail a breve. Seguile per completare la configurazione.<\/li>\n<li>La conferma rende tutto funzionante per il tuo account Betsamuro Casino.<\/li>\n<\/ol>\n<p>L&#8217;et\u00e0 minima richiesta \u00e8 18 anni. Il processo di verifica ti consentir\u00e0 di accedere alla selezione di giochi e ai bonus pronti per essere attivati.<\/p>\n<p><img loading=\"lazy\" decoding=\"async\" class=\"alignnone size-full wp-image-1957\" src=\"https:\/\/bet-samuro.net\/wp-content\/uploads\/2026\/03\/Betsamuro-Login-Page.webp\" alt=\"Betsamuro Login Page\" width=\"1248\" height=\"536\" srcset=\"https:\/\/bet-samuro.net\/wp-content\/uploads\/2026\/03\/Betsamuro-Login-Page.webp 1248w, https:\/\/bet-samuro.net\/wp-content\/uploads\/2026\/03\/Betsamuro-Login-Page-300x129.webp 300w, https:\/\/bet-samuro.net\/wp-content\/uploads\/2026\/03\/Betsamuro-Login-Page-1024x440.webp 1024w, https:\/\/bet-samuro.net\/wp-content\/uploads\/2026\/03\/Betsamuro-Login-Page-768x330.webp 768w\" sizes=\"auto, (max-width: 1248px) 100vw, 1248px\" \/><\/p>\n<h2>Utilizzo di un account Bet Samuro<\/h2>\n<p>Una volta registrato, \u00e8 il momento di effettuare il login su Betsamuro e utilizzare tutte le nostre funzionalit\u00e0. Ci vogliono pochi secondi per accedere:<\/p>\n<ol>\n<li>Il pulsante &#8220;Accedi&#8221; si trova nell&#8217;angolo in alto a destra della homepage, proprio dove ti aspetteresti di trovarlo.<\/li>\n<li>Inserisci il tuo indirizzo e-mail registrato e la password nelle apposite caselle.<\/li>\n<li>Quando clicchi su &#8220;Accedi&#8221;, appare la tua dashboard, che ti mostra tutto ci\u00f2 che ti serve vedere.<\/li>\n<\/ol>\n<table>\n<tbody>\n<tr>\n<td>Sezione Dashboard<\/td>\n<td>Cosa fa per te<\/td>\n<td>Perch\u00e9 la userai<\/td>\n<\/tr>\n<tr>\n<td>Cronologia delle transazioni<\/td>\n<td>Registra ogni deposito, prelievo, richiesta di bonus e commissione su Betsamuro e include i timestamp che dimostrano quando ciascuno di essi \u00e8 avvenuto<\/td>\n<td>Risolve le controversie con la tua banca relative a &#8220;addebiti misteriosi&#8221; e traccia esattamente dove sono finiti i tuoi soldi durante quel periodo<\/td>\n<\/tr>\n<tr>\n<td>Gestione bonus<\/td>\n<td>Mostra le promozioni attive, le barre di avanzamento delle scommesse e i countdown di scadenza prima che i bonus svaniscano<\/td>\n<td>Previene situazioni in cui ti rendi conto che un bonus di 200 \u20ac \u00e8 scaduto ieri perch\u00e9 ti sei dimenticato che stava per scadere<\/td>\n<\/tr>\n<tr>\n<td>Impostazioni di sicurezza<\/td>\n<td>Contiene le modifiche delle password, la configurazione 2FA, la cronologia degli accessi a Bet Samuro che mostra quali dispositivi hanno effettuato l&#8217;accesso al tuo account<\/td>\n<td>Intercetta i tentativi di accesso non autorizzati prima che qualcuno prosciughi il tuo saldo<\/td>\n<\/tr>\n<\/tbody>\n<\/table>\n<h3>Verifica e sicurezza dell&#8217;account Betsamuro<\/h3>\n<p>Betsamuro Casino ha regole dettagliate per la verifica dell&#8217;identit\u00e0 dei giocatori, al fine di garantire la sicurezza di tutti durante il gioco. \u00c8 necessario inviare documentazione autentica, comprese bollette e documenti di identit\u00e0 rilasciati dal governo, per dimostrare di essere una persona reale che vive all&#8217;indirizzo fornito durante la registrazione. Ci\u00f2 \u00e8 conforme alle regole e allo stesso tempo impedisce ai truffatori di manomettere gli account.<\/p>\n<p>Firewall, crittografia AES e TLS e controlli regolari per attivit\u00e0 sospette lavorano insieme per mantenere i tuoi dati al sicuro. Anche l&#8217;utilizzo dell&#8217;autenticazione a due fattori \u00e8 una buona idea. Mantenere aggiornate le informazioni del tuo account Bet Samuro ti aiuter\u00e0 a evitare potenziali problemi. Avere informazioni di contatto aggiornate e completare rapidamente il processo di verifica garantir\u00e0 che i prelievi e il recupero dell&#8217;account avvengano senza intoppi in caso di problemi.<\/p>\n<h3>Hai dimenticato la password?<\/h3>\n<p>A tutti capita di dimenticare le password di tanto in tanto. Rientrare nel casin\u00f2 Betsamuro quando non riesci a trovare la tua password di accesso \u00e8 facile:<\/p>\n<table>\n<tbody>\n<tr>\n<td>Passaggio<\/td>\n<td>Cosa fare<\/td>\n<td>Perch\u00e9 \u00e8 importante<\/td>\n<\/tr>\n<tr>\n<td>Primo<\/td>\n<td>Clicca su &#8220;Hai dimenticato la password?&#8221; nella pagina di accesso di Betsamuro<\/td>\n<td>Avvia la procedura di recupero senza disturbare inutilmente l&#8217;assistenza<\/td>\n<\/tr>\n<tr>\n<td>Secondo<\/td>\n<td>Inserisci il tuo indirizzo e-mail registrato<\/td>\n<td>Collega la tua richiesta di reimpostazione all&#8217;account corretto<\/td>\n<\/tr>\n<tr>\n<td>Terzo<\/td>\n<td>Controlla la tua casella di posta elettronica e segui le istruzioni che ti vengono fornite<\/td>\n<td>Completa la reimpostazione della password, mantenendo tutto sicuro<\/td>\n<\/tr>\n<\/tbody>\n<\/table>\n<p>Il processo di recupero \u00e8 rapido e gli standard di sicurezza sono elevati in ogni momento. Puoi sempre contattare il team di assistenza tramite live chat o e-mail se si verifica un problema che non riguarda la semplice reimpostazione della password.<\/p>\n<h2>Domande frequenti<\/h2>\n<h3>Cosa devo fare se il mio account \u00e8 bloccato?<\/h3>\n<p>Se il tuo account \u00e8 stato bloccato su Betsamuro, contatta il team di assistenza cliccando sul pulsante della chat live presente su ogni pagina del casin\u00f2. La verifica \u00e8 fondamentale per sbloccare l&#8217;account, perch\u00e9 dimostra che sei il vero proprietario e non qualcuno che sta cercando di violarlo. Inviandoci rapidamente la documentazione richiesta, velocizzerai il processo e garantirai la sicurezza di tutti durante l&#8217;utilizzo del sito.<\/p>\n<h3>Come aggiornare la password o l&#8217;indirizzo e-mail?<\/h3>\n<p>Per modificare il tuo indirizzo e-mail o la password su Bet Samuro Casino, accedi e clicca su &#8220;Amministrazione account&#8221;. Clicca sull&#8217;opzione per modificare le tue informazioni di accesso a Betsamuro, digita le nuove informazioni, quindi segui i passaggi di sicurezza per assicurarti che tutto sia corretto. I meccanismi di sicurezza impediscono a persone non autorizzate di apportare modifiche al tuo account.<\/p>\n<h3>Il team di assistenza di Betsamuro Casino parla diverse lingue per fornire assistenza?<\/h3>\n<p>Il personale di assistenza di Betsamuro Casino aiuta i giocatori di tutto il mondo e parla molte lingue diverse. Puoi parlare con un membro del team in tempo reale in qualsiasi momento se hai dei problemi. Riceverai risposte rapide alle tue domande relative al tuo account, ai problemi tecnici e alle questioni di sicurezza. Il team di assistenza multilingue pu\u00f2 aiutare chi parla lingue diverse senza alcun problema di traduzione.<\/p>\n<\/div><\/div><\/p>\n","protected":false},"excerpt":{"rendered":"<p>Accesso e registrazione all&#8217;account Betsamuro Il Betsamuro login ti porta direttamente a un intrattenimento di gioco che non finisce mai. La sicurezza \u00e8 stata implementata correttamente utilizzando la tecnologia attuale, proteggendo tutto ci\u00f2 che fai. La variet\u00e0 incontra la convenienza, quindi immergersi nei titoli che piacciono davvero ai giocatori italiani diventa l&#8217;obiettivo principale. I servizi [&hellip;]<\/p>\n","protected":false},"author":1,"featured_media":0,"parent":0,"menu_order":0,"comment_status":"closed","ping_status":"closed","template":"template-builder.php","meta":{"_acf_changed":false,"inline_featured_image":false,"footnotes":""},"class_list":["post-1485","page","type-page","status-publish","hentry"],"acf":[],"yoast_head":"<!-- This site is optimized with the Yoast SEO plugin v27.3 - https:\/\/yoast.com\/product\/yoast-seo-wordpress\/ -->\n<title>Betsamuro Login e registrazione<\/title>\n<meta name=\"description\" content=\"Crea, gestisci e verifica il tuo account Betsamuro senza alcuno sforzo. Approfitta della registrazione rapida, del facile recupero dell&#039;account e della chiusura sicura con Betsamuro Login, che protegge il tuo account 24 ore su 24.\" \/>\n<meta name=\"robots\" content=\"index, follow, max-snippet:-1, max-image-preview:large, max-video-preview:-1\" \/>\n<link rel=\"canonical\" href=\"https:\/\/bet-samuro.net\/it\/accesso-e-registrazione\/\" \/>\n<meta property=\"og:locale\" content=\"it_IT\" \/>\n<meta property=\"og:type\" content=\"article\" \/>\n<meta property=\"og:title\" content=\"Betsamuro Login e registrazione\" \/>\n<meta property=\"og:description\" content=\"Crea, gestisci e verifica il tuo account Betsamuro senza alcuno sforzo. Approfitta della registrazione rapida, del facile recupero dell&#039;account e della chiusura sicura con Betsamuro Login, che protegge il tuo account 24 ore su 24.\" \/>\n<meta property=\"og:url\" content=\"https:\/\/bet-samuro.net\/it\/accesso-e-registrazione\/\" \/>\n<meta property=\"og:site_name\" content=\"betsamuro\" \/>\n<meta property=\"article:modified_time\" content=\"2026-03-16T12:19:21+00:00\" \/>\n<meta name=\"twitter:card\" content=\"summary_large_image\" \/>\n<meta name=\"twitter:label1\" content=\"Est. reading time\" \/>\n\t<meta name=\"twitter:data1\" content=\"1 minute\" \/>\n<script type=\"application\/ld+json\" class=\"yoast-schema-graph\">{\"@context\":\"https:\\\/\\\/schema.org\",\"@graph\":[{\"@type\":\"WebPage\",\"@id\":\"https:\\\/\\\/bet-samuro.net\\\/it\\\/accesso-e-registrazione\\\/\",\"url\":\"https:\\\/\\\/bet-samuro.net\\\/it\\\/accesso-e-registrazione\\\/\",\"name\":\"Betsamuro Login e registrazione\",\"isPartOf\":{\"@id\":\"https:\\\/\\\/bet-samuro.net\\\/it\\\/#website\"},\"datePublished\":\"2026-01-20T12:11:11+00:00\",\"dateModified\":\"2026-03-16T12:19:21+00:00\",\"description\":\"Crea, gestisci e verifica il tuo account Betsamuro senza alcuno sforzo. Approfitta della registrazione rapida, del facile recupero dell'account e della chiusura sicura con Betsamuro Login, che protegge il tuo account 24 ore su 24.\",\"breadcrumb\":{\"@id\":\"https:\\\/\\\/bet-samuro.net\\\/it\\\/accesso-e-registrazione\\\/#breadcrumb\"},\"inLanguage\":\"it-IT\",\"potentialAction\":[{\"@type\":\"ReadAction\",\"target\":[\"https:\\\/\\\/bet-samuro.net\\\/it\\\/accesso-e-registrazione\\\/\"]}]},{\"@type\":\"BreadcrumbList\",\"@id\":\"https:\\\/\\\/bet-samuro.net\\\/it\\\/accesso-e-registrazione\\\/#breadcrumb\",\"itemListElement\":[{\"@type\":\"ListItem\",\"position\":1,\"name\":\"Betsamuro\",\"item\":\"https:\\\/\\\/bet-samuro.net\\\/it\\\/\"},{\"@type\":\"ListItem\",\"position\":2,\"name\":\"Accesso e registrazione\"}]},{\"@type\":\"WebSite\",\"@id\":\"https:\\\/\\\/bet-samuro.net\\\/it\\\/#website\",\"url\":\"https:\\\/\\\/bet-samuro.net\\\/it\\\/\",\"name\":\"Betsamuro\",\"description\":\"\",\"publisher\":{\"@id\":\"https:\\\/\\\/bet-samuro.net\\\/it\\\/#organization\"},\"potentialAction\":[{\"@type\":\"SearchAction\",\"target\":{\"@type\":\"EntryPoint\",\"urlTemplate\":\"https:\\\/\\\/bet-samuro.net\\\/it\\\/?s={search_term_string}\"},\"query-input\":{\"@type\":\"PropertyValueSpecification\",\"valueRequired\":true,\"valueName\":\"search_term_string\"}}],\"inLanguage\":\"it-IT\"},{\"@type\":\"Organization\",\"@id\":\"https:\\\/\\\/bet-samuro.net\\\/it\\\/#organization\",\"name\":\"Betsamuro\",\"url\":\"https:\\\/\\\/bet-samuro.net\\\/it\\\/\",\"logo\":{\"@type\":\"ImageObject\",\"inLanguage\":\"it-IT\",\"@id\":\"https:\\\/\\\/bet-samuro.net\\\/it\\\/#\\\/schema\\\/logo\\\/image\\\/\",\"url\":\"https:\\\/\\\/bet-samuro.net\\\/wp-content\\\/uploads\\\/2026\\\/03\\\/betsamuro-logo.svg\",\"contentUrl\":\"https:\\\/\\\/bet-samuro.net\\\/wp-content\\\/uploads\\\/2026\\\/03\\\/betsamuro-logo.svg\",\"width\":135,\"height\":26,\"caption\":\"Betsamuro\"},\"image\":{\"@id\":\"https:\\\/\\\/bet-samuro.net\\\/it\\\/#\\\/schema\\\/logo\\\/image\\\/\"}}]}<\/script>\n<!-- \/ Yoast SEO plugin. -->","yoast_head_json":{"title":"Betsamuro Login e registrazione","description":"Crea, gestisci e verifica il tuo account Betsamuro senza alcuno sforzo. Approfitta della registrazione rapida, del facile recupero dell'account e della chiusura sicura con Betsamuro Login, che protegge il tuo account 24 ore su 24.","robots":{"index":"index","follow":"follow","max-snippet":"max-snippet:-1","max-image-preview":"max-image-preview:large","max-video-preview":"max-video-preview:-1"},"canonical":"https:\/\/bet-samuro.net\/it\/accesso-e-registrazione\/","og_locale":"it_IT","og_type":"article","og_title":"Betsamuro Login e registrazione","og_description":"Crea, gestisci e verifica il tuo account Betsamuro senza alcuno sforzo. Approfitta della registrazione rapida, del facile recupero dell'account e della chiusura sicura con Betsamuro Login, che protegge il tuo account 24 ore su 24.","og_url":"https:\/\/bet-samuro.net\/it\/accesso-e-registrazione\/","og_site_name":"betsamuro","article_modified_time":"2026-03-16T12:19:21+00:00","twitter_card":"summary_large_image","twitter_misc":{"Est. reading time":"1 minute"},"schema":{"@context":"https:\/\/schema.org","@graph":[{"@type":"WebPage","@id":"https:\/\/bet-samuro.net\/it\/accesso-e-registrazione\/","url":"https:\/\/bet-samuro.net\/it\/accesso-e-registrazione\/","name":"Betsamuro Login e registrazione","isPartOf":{"@id":"https:\/\/bet-samuro.net\/it\/#website"},"datePublished":"2026-01-20T12:11:11+00:00","dateModified":"2026-03-16T12:19:21+00:00","description":"Crea, gestisci e verifica il tuo account Betsamuro senza alcuno sforzo. Approfitta della registrazione rapida, del facile recupero dell'account e della chiusura sicura con Betsamuro Login, che protegge il tuo account 24 ore su 24.","breadcrumb":{"@id":"https:\/\/bet-samuro.net\/it\/accesso-e-registrazione\/#breadcrumb"},"inLanguage":"it-IT","potentialAction":[{"@type":"ReadAction","target":["https:\/\/bet-samuro.net\/it\/accesso-e-registrazione\/"]}]},{"@type":"BreadcrumbList","@id":"https:\/\/bet-samuro.net\/it\/accesso-e-registrazione\/#breadcrumb","itemListElement":[{"@type":"ListItem","position":1,"name":"Betsamuro","item":"https:\/\/bet-samuro.net\/it\/"},{"@type":"ListItem","position":2,"name":"Accesso e registrazione"}]},{"@type":"WebSite","@id":"https:\/\/bet-samuro.net\/it\/#website","url":"https:\/\/bet-samuro.net\/it\/","name":"Betsamuro","description":"","publisher":{"@id":"https:\/\/bet-samuro.net\/it\/#organization"},"potentialAction":[{"@type":"SearchAction","target":{"@type":"EntryPoint","urlTemplate":"https:\/\/bet-samuro.net\/it\/?s={search_term_string}"},"query-input":{"@type":"PropertyValueSpecification","valueRequired":true,"valueName":"search_term_string"}}],"inLanguage":"it-IT"},{"@type":"Organization","@id":"https:\/\/bet-samuro.net\/it\/#organization","name":"Betsamuro","url":"https:\/\/bet-samuro.net\/it\/","logo":{"@type":"ImageObject","inLanguage":"it-IT","@id":"https:\/\/bet-samuro.net\/it\/#\/schema\/logo\/image\/","url":"https:\/\/bet-samuro.net\/wp-content\/uploads\/2026\/03\/betsamuro-logo.svg","contentUrl":"https:\/\/bet-samuro.net\/wp-content\/uploads\/2026\/03\/betsamuro-logo.svg","width":135,"height":26,"caption":"Betsamuro"},"image":{"@id":"https:\/\/bet-samuro.net\/it\/#\/schema\/logo\/image\/"}}]}},"_links":{"self":[{"href":"https:\/\/bet-samuro.net\/it\/wp-json\/wp\/v2\/pages\/1485","targetHints":{"allow":["GET"]}}],"collection":[{"href":"https:\/\/bet-samuro.net\/it\/wp-json\/wp\/v2\/pages"}],"about":[{"href":"https:\/\/bet-samuro.net\/it\/wp-json\/wp\/v2\/types\/page"}],"author":[{"embeddable":true,"href":"https:\/\/bet-samuro.net\/it\/wp-json\/wp\/v2\/users\/1"}],"replies":[{"embeddable":true,"href":"https:\/\/bet-samuro.net\/it\/wp-json\/wp\/v2\/comments?post=1485"}],"version-history":[{"count":3,"href":"https:\/\/bet-samuro.net\/it\/wp-json\/wp\/v2\/pages\/1485\/revisions"}],"predecessor-version":[{"id":2108,"href":"https:\/\/bet-samuro.net\/it\/wp-json\/wp\/v2\/pages\/1485\/revisions\/2108"}],"wp:attachment":[{"href":"https:\/\/bet-samuro.net\/it\/wp-json\/wp\/v2\/media?parent=1485"}],"curies":[{"name":"wp","href":"https:\/\/api.w.org\/{rel}","templated":true}]}}