{"id":1445,"date":"2026-01-20T12:08:23","date_gmt":"2026-01-20T12:08:23","guid":{"rendered":"https:\/\/bonuskongcasino.com\/app\/"},"modified":"2026-03-16T12:13:27","modified_gmt":"2026-03-16T12:13:27","slug":"applicazione","status":"publish","type":"page","link":"https:\/\/bet-samuro.net\/it\/applicazione\/","title":{"rendered":"Applicazione"},"content":{"rendered":"<h1>Piattaforma mobile Betsamuro<\/h1>\n<p>Dal tuo telefono senza compromessi, Betsamuro App apre le porte all&#8217;emozione del gioco online. Questa applicazione web progressiva offre praticit\u00e0 e prestazioni solide, consentendo agli utenti italiani di accedere comodamente e in modo coerente ai giochi da casin\u00f2 preferiti: carte, sale da casin\u00f2 dal vivo, vincite immediate e slot online. Tutti i titoli diventano divertenti attraverso l&#8217;app per smartphone senza restrizioni o limitazioni &#8220;solo per dispositivi mobili&#8221;.<\/p>\n<p>Betsamuro Casino offre esperienze di gioco di alta qualit\u00e0, sia che tu stia passeggiando per la citt\u00e0 o rilassandoti a casa, grazie alla nostra versatile soluzione mobile, che si adatta al tuo stile di vita.<\/p>\n<div class=\"banner-wrap\" aria-label=\"Banner\"><img src=\"https:\/\/bet-samuro.net\/wp-content\/uploads\/2026\/03\/banner-desktop2x-1.webp\" class=\"w-100 d-none d-lg-block img-pc main-banner-img\" alt=\"betsamuro banner desktop\" fetchpriority=\"high\" decoding=\"async\"><img src=\"https:\/\/bet-samuro.net\/wp-content\/uploads\/2026\/03\/banner-mobile2x-1.webp\" class=\"w-100 d-none d-md-block d-lg-none main-banner-img\" alt=\"betsamuro banner mobile\" fetchpriority=\"high\" decoding=\"async\"><img src=\"https:\/\/bet-samuro.net\/wp-content\/uploads\/2026\/03\/banner-mobile2x-1.webp\" class=\"w-100 d-md-none\" alt=\"betsamuro banner mobile\" fetchpriority=\"high\" decoding=\"async\"><div class=\"banner-description\">\n<div class=\"banner-title\">Bonus di benvenuto<\/div>\n<p class=\"banner-header-title\">1500 \u20ac<\/p>\n<div class=\"banner-header-AdditionalText\">+ 250 Giri gratuiti<\/div>\n<button data-item=\"homepage_banner_link\" class=\"goto m-button m-gradient-border m-button--primary m-button--large banner-button btn-orange\">\n            <div class=\"m-button-content\">\n                <span>Iscriviti ora<\/span>\n                <span><\/span>\n            <\/div>\n        <\/button>\n<\/div>\n<div class=\"WelcomePack\">\n<p><img loading=\"lazy\" decoding=\"async\" class=\"alignnone size-full wp-image-1865\" src=\"https:\/\/bet-samuro.net\/wp-content\/uploads\/2026\/03\/welcome-crown-1.png\" alt=\"welcome crown\" width=\"25\" height=\"26\" \/><\/p>\n<div class=\"WelcomePack-Info\">Cashback settimanale fino al 25%<\/div>\n<p><img loading=\"lazy\" decoding=\"async\" class=\"alignnone size-full wp-image-1865\" src=\"https:\/\/bet-samuro.net\/wp-content\/uploads\/2026\/03\/welcome-crown-1.png\" alt=\"welcome crown\" width=\"25\" height=\"26\" \/><\/p>\n<\/div>\n<\/div>\n<h2>Utilizzo di Betsamuro su dispositivi mobili<\/h2>\n<p>L&#8217;accesso ai dispositivi mobili e la flessibilit\u00e0 della piattaforma di Bet Samuro Casino lo rendono facile da usare per una vasta gamma di utenti e dispositivi. Non devi rinunciare alla qualit\u00e0 per giocare ai tuoi giochi preferiti, perch\u00e9 entrambi gli approcci funzionano molto bene per mantenere prestazioni elevate, sicurezza e facilit\u00e0 d&#8217;uso.<\/p>\n<p>Ci sono ottimi motivi per passare dal computer all&#8217;app Betsamuro:<\/p>\n<ul>\n<li>Giocare senza intoppi significa poter giocare ai tuoi giochi preferiti ovunque ti trovi su una piattaforma mobile che si carica rapidamente e risponde immediatamente, mantenendo il gioco in corso.<\/li>\n<li>I giocatori possono orientarsi facilmente grazie a un design intuitivo dell&#8217;interfaccia, indipendentemente dal loro livello di competenza tecnologica.<\/li>\n<li>Puoi utilizzare l&#8217;app per accedere e giocare ogni volta che vuoi.<\/li>\n<li>Betsamuro Casino dispone di un sistema di sicurezza che protegge tutte le transazioni e le informazioni personali, consentendoti di giocare senza preoccupazioni.<\/li>\n<li>La compatibilit\u00e0 universale funziona sia con iOS che con Android, quindi funziona con quasi tutti i telefoni e tablet attualmente sul mercato.<\/li>\n<\/ul>\n<p><div class=\"scrollable-content-wrap my-5\"><div class=\"scrollable-content-inner\"><h2>App mobile Betsamuro per Android<\/h2>\n<p>Gli utenti Android possono scaricare l&#8217;app Betsamuro, un sofisticato software web progressivo che funziona per i giocatori di casin\u00f2 mobile in tutto l&#8217;enorme ecosistema Android. \u00c8 semplicissimo, basta toccare &#8220;Aggiungi alla schermata Home&#8221; e posizionare l&#8217;icona dove preferisci.<\/p>\n<p>L&#8217;ampia copertura significa che tutti i telefoni e tablet Android, indipendentemente dal produttore o dal costo, avranno connessioni stabili e una buona qualit\u00e0 visiva. La velocit\u00e0 di installazione rimane elevata. Dietro le quinte, gli aggiornamenti avvengono automaticamente. I giocatori non perderanno mai una patch o una nuova funzionalit\u00e0.<\/p>\n<p>Il design \u00e8 facile da usare, quindi puoi passare rapidamente da un genere di gioco all&#8217;altro, alle offerte speciali e alla gestione dell&#8217;account senza perderti nei menu. In generale, la PWA offre ai giocatori esperienze di gioco davvero divertenti. Poich\u00e9 il metodo PWA funziona meglio, non ci sono pi\u00f9 file APK di Betsamuro.<\/p>\n<p><img loading=\"lazy\" decoding=\"async\" class=\"alignnone size-full wp-image-1931\" src=\"https:\/\/bet-samuro.net\/wp-content\/uploads\/2026\/03\/Betsamuro-Casino-for-Android.webp\" alt=\"Betsamuro Casino for Android\" width=\"1248\" height=\"536\" srcset=\"https:\/\/bet-samuro.net\/wp-content\/uploads\/2026\/03\/Betsamuro-Casino-for-Android.webp 1248w, https:\/\/bet-samuro.net\/wp-content\/uploads\/2026\/03\/Betsamuro-Casino-for-Android-300x129.webp 300w, https:\/\/bet-samuro.net\/wp-content\/uploads\/2026\/03\/Betsamuro-Casino-for-Android-1024x440.webp 1024w, https:\/\/bet-samuro.net\/wp-content\/uploads\/2026\/03\/Betsamuro-Casino-for-Android-768x330.webp 768w\" sizes=\"auto, (max-width: 1248px) 100vw, 1248px\" \/><\/p>\n<\/div><\/div><div style=\"clear: both\"><\/div><div class=\"d-flex justify-content-center\"><button data-item=\"decouvrez_link\" data-group=\"website_links\" class=\"goto fw-bold rounded-pill btn btn-orange\" aria-label=\"Scarica l&#039;app Betsamuro\" >Scarica l&#039;app Betsamuro<\/button><\/div><div class=\"scrollable-content-wrap my-5\"><div class=\"scrollable-content-inner\"><h2>App mobile Bet Samuro per iOS<\/h2>\n<p>L&#8217;app Betsamuro Casino per iOS \u00e8 stata realizzata appositamente per i dispositivi Apple, in modo che gli utenti possano avere un&#8217;esperienza fluida e semplice in ogni momento. I tempi di caricamento rapidi e la forte sicurezza rendono ogni sessione sicura e protetta.<\/p>\n<ol>\n<li>Prendi il tuo iPhone e avvia l&#8217;app Shortcuts gi\u00e0 integrata in iOS.<\/li>\n<li>Cerca l&#8217;icona + (pi\u00f9) e toccala per creare un nuovo collegamento.<\/li>\n<li>Apparir\u00e0 il pulsante &#8220;Aggiungi azione&#8221;: toccalo, quindi inizia a digitare &#8220;Betsamuro&#8221;.<\/li>\n<li>L&#8217;app desiderata dovrebbe apparire nei risultati di ricerca sottostanti, quindi selezionala dall&#8217;elenco.<\/li>\n<li>Ora tocca la piccola freccia rivolta verso il basso accanto al nome del collegamento e seleziona &#8220;Aggiungi alla schermata Home&#8221; dalle opzioni che compaiono.<\/li>\n<li>Qui puoi dare sfogo alla tua creativit\u00e0: scegli una foto personalizzata per la tua icona se quella predefinita ti sembra noiosa, scegli un nome che abbia senso per te, quindi tocca il pulsante &#8220;Aggiungi&#8221;.<\/li>\n<\/ol>\n<p>L&#8217;app Betsamuro viene aggiornata regolarmente. Ogni aggiornamento aggiunge nuove funzionalit\u00e0 e migliora quelle esistenti nel nostro casin\u00f2.<\/p>\n<p><img loading=\"lazy\" decoding=\"async\" class=\"alignnone size-full wp-image-1939\" src=\"https:\/\/bet-samuro.net\/wp-content\/uploads\/2026\/03\/Betsamuro-Casino-for-iOS.webp\" alt=\"Betsamuro Casino for iOS\" width=\"1248\" height=\"536\" srcset=\"https:\/\/bet-samuro.net\/wp-content\/uploads\/2026\/03\/Betsamuro-Casino-for-iOS.webp 1248w, https:\/\/bet-samuro.net\/wp-content\/uploads\/2026\/03\/Betsamuro-Casino-for-iOS-300x129.webp 300w, https:\/\/bet-samuro.net\/wp-content\/uploads\/2026\/03\/Betsamuro-Casino-for-iOS-1024x440.webp 1024w, https:\/\/bet-samuro.net\/wp-content\/uploads\/2026\/03\/Betsamuro-Casino-for-iOS-768x330.webp 768w\" sizes=\"auto, (max-width: 1248px) 100vw, 1248px\" \/><\/p>\n<\/div><\/div><div style=\"clear: both\"><\/div><div class=\"d-flex justify-content-center\"><button data-item=\"decouvrez_link\" data-group=\"website_links\" class=\"goto fw-bold rounded-pill btn btn-orange\" aria-label=\"Scarica l&#039;app Betsamuro\" >Scarica l&#039;app Betsamuro<\/button><\/div><div class=\"scrollable-content-wrap my-5\"><div class=\"scrollable-content-inner\"><h2>Applicazioni Windows e macOS<\/h2>\n<p>Betsamuro Casino ha versioni desktop sia per PC Windows che Mac, oltre a versioni mobili. Queste versioni ti offrono una prospettiva panoramica completa, come i monitor pi\u00f9 grandi. L&#8217;app desktop Bet Samuro, realizzata per schermi pi\u00f9 grandi, sfrutta le capacit\u00e0 del desktop per offrirti una grafica ad alta risoluzione e funzionalit\u00e0 aggiuntive. I giocatori possono provare il gioco completo sui loro computer desktop grazie a funzionalit\u00e0 come la chat dal vivo, che ti collega direttamente al team di assistenza, e un processo di autenticazione pi\u00f9 veloce.<\/p>\n<table>\n<tbody>\n<tr>\n<td>Cosa stai facendo<\/td>\n<td>Desktop<\/td>\n<td>App mobile<\/td>\n<td>Chi vince<\/td>\n<\/tr>\n<tr>\n<td>Sessione veloce di 10 minuti<\/td>\n<td>Devi trovare un computer, aprire un browser, digitare l&#8217;URL, attendere che il sito desktop si carichi completamente<\/td>\n<td>Tocca l&#8217;icona dell&#8217;app Betsamuro, Face ID, e in 3 secondi sei pronto per giocare<\/td>\n<td>In questo caso, il mobile batte il desktop<\/td>\n<\/tr>\n<tr>\n<td>Sessione di torneo seria di 3 ore<\/td>\n<td>Il grande schermo mostra tutto chiaramente, precisione del mouse per giochi complessi, connessione stabile<\/td>\n<td>\u00c8 funzionale, ma il telefono si surriscalda e le dita si irrigidiscono a causa dello schermo piccolo<\/td>\n<td>La superiorit\u00e0 del desktop \u00e8 evidente nelle sessioni maratona in cui il comfort \u00e8 importante<\/td>\n<\/tr>\n<tr>\n<td>Giocare con una connessione wifi instabile<\/td>\n<td>I siti desktop richiedono una connessione costante<\/td>\n<td>L&#8217;app gestisce brevi interruzioni di connessione<\/td>\n<td>Il cellulare ti salva in treno e in aereo<\/td>\n<\/tr>\n<\/tbody>\n<\/table>\n<p>I vantaggi dell&#8217;app Betsamuro come PWA sono evidenti: aggiornamenti automatici, requisiti di archiviazione trascurabili, accesso immediato senza burocrazia del marketplace ed esperienze coerenti su tutti i dispositivi che utilizzi.<\/p>\n<p><img loading=\"lazy\" decoding=\"async\" class=\"alignnone size-full wp-image-1923\" src=\"https:\/\/bet-samuro.net\/wp-content\/uploads\/2026\/03\/Betsamuro-Application-for-PC.webp\" alt=\"Betsamuro Application for PC\" width=\"1248\" height=\"536\" srcset=\"https:\/\/bet-samuro.net\/wp-content\/uploads\/2026\/03\/Betsamuro-Application-for-PC.webp 1248w, https:\/\/bet-samuro.net\/wp-content\/uploads\/2026\/03\/Betsamuro-Application-for-PC-300x129.webp 300w, https:\/\/bet-samuro.net\/wp-content\/uploads\/2026\/03\/Betsamuro-Application-for-PC-1024x440.webp 1024w, https:\/\/bet-samuro.net\/wp-content\/uploads\/2026\/03\/Betsamuro-Application-for-PC-768x330.webp 768w\" sizes=\"auto, (max-width: 1248px) 100vw, 1248px\" \/><\/p>\n<\/div><\/div><div style=\"clear: both\"><\/div><div class=\"d-flex justify-content-center\"><button data-item=\"decouvrez_link\" data-group=\"website_links\" class=\"goto fw-bold rounded-pill btn btn-orange\" aria-label=\"Scarica l&#039;app Betsamuro\" >Scarica l&#039;app Betsamuro<\/button><\/div><div class=\"scrollable-content-wrap my-5\"><div class=\"scrollable-content-inner\"><h2>Domande frequenti<\/h2>\n<h3>\u00c8 necessario creare un account per utilizzare l&#8217;app Bet Samuro?<\/h3>\n<p>Per ottenere il massimo dall&#8217;app Betsamuro Casino, devi prima registrare un account. Senza un account, puoi accedere solo ai giochi demo, che probabilmente non sono il motivo per cui sei qui. La registrazione sblocca i depositi utilizzando i tuoi fondi, la partecipazione alle promozioni e la richiesta di bonus. Garantisce inoltre che la sicurezza rimanga elevata e che la conformit\u00e0 legale sia mantenuta attraverso il processo di verifica. Impostare tutto correttamente richiede pochi minuti.<\/p>\n<h3>L&#8217;app offre assistenza clienti?<\/h3>\n<p>L&#8217;app Betsamuro ti mette in contatto diretto con il team di assistenza tramite live chat ed e-mail. Professionisti competenti gestiscono i problemi tecnici, le domande relative alla verifica dell&#8217;account e altre richieste che possono sorgere durante la tua esperienza di gioco. Avere a disposizione un&#8217;assistenza eccellente significa godersi il tempo trascorso su Betsamuro Casino.<\/p>\n<h3>Come posso aggiornare l&#8217;app Bet Samuro?<\/h3>\n<p>Non devi preoccuparti dei numeri di versione o dell&#8217;installazione manuale degli aggiornamenti: tutto avviene automaticamente. Quando utilizzi un&#8217;applicazione web progressiva, puoi rimanere aggiornato con l&#8217;ultima versione semplicemente aggiornando il browser o svuotando la cache. Il desktop funziona allo stesso modo, quindi non devi perdere tempo con gli aggiornamenti manuali.<\/p>\n<\/div><\/div><\/p>\n","protected":false},"excerpt":{"rendered":"<p>Piattaforma mobile Betsamuro Dal tuo telefono senza compromessi, Betsamuro App apre le porte all&#8217;emozione del gioco online. Questa applicazione web progressiva offre praticit\u00e0 e prestazioni solide, consentendo agli utenti italiani di accedere comodamente e in modo coerente ai giochi da casin\u00f2 preferiti: carte, sale da casin\u00f2 dal vivo, vincite immediate e slot online. Tutti i [&hellip;]<\/p>\n","protected":false},"author":1,"featured_media":0,"parent":0,"menu_order":0,"comment_status":"closed","ping_status":"closed","template":"template-builder.php","meta":{"_acf_changed":false,"inline_featured_image":false,"footnotes":""},"class_list":["post-1445","page","type-page","status-publish","hentry"],"acf":[],"yoast_head":"<!-- This site is optimized with the Yoast SEO plugin v27.3 - https:\/\/yoast.com\/product\/yoast-seo-wordpress\/ -->\n<title>Betsamuro App | Piattaforme iOS e Android<\/title>\n<meta name=\"description\" content=\"L&#039;app Betsamuro offre un&#039;esperienza di gioco fluida su Android, iOS, Windows e macOS, con account sincronizzati, aggiornamenti regolari e assistenza clienti integrata per un&#039;esperienza senza intoppi.\" \/>\n<meta name=\"robots\" content=\"index, follow, max-snippet:-1, max-image-preview:large, max-video-preview:-1\" \/>\n<link rel=\"canonical\" href=\"https:\/\/bet-samuro.net\/it\/applicazione\/\" \/>\n<meta property=\"og:locale\" content=\"it_IT\" \/>\n<meta property=\"og:type\" content=\"article\" \/>\n<meta property=\"og:title\" content=\"Betsamuro App | Piattaforme iOS e Android\" \/>\n<meta property=\"og:description\" content=\"L&#039;app Betsamuro offre un&#039;esperienza di gioco fluida su Android, iOS, Windows e macOS, con account sincronizzati, aggiornamenti regolari e assistenza clienti integrata per un&#039;esperienza senza intoppi.\" \/>\n<meta property=\"og:url\" content=\"https:\/\/bet-samuro.net\/it\/applicazione\/\" \/>\n<meta property=\"og:site_name\" content=\"betsamuro\" \/>\n<meta property=\"article:modified_time\" content=\"2026-03-16T12:13:27+00:00\" \/>\n<meta name=\"twitter:card\" content=\"summary_large_image\" \/>\n<meta name=\"twitter:label1\" content=\"Est. reading time\" \/>\n\t<meta name=\"twitter:data1\" content=\"2 minutes\" \/>\n<script type=\"application\/ld+json\" class=\"yoast-schema-graph\">{\"@context\":\"https:\\\/\\\/schema.org\",\"@graph\":[{\"@type\":\"WebPage\",\"@id\":\"https:\\\/\\\/bet-samuro.net\\\/it\\\/applicazione\\\/\",\"url\":\"https:\\\/\\\/bet-samuro.net\\\/it\\\/applicazione\\\/\",\"name\":\"Betsamuro App | Piattaforme iOS e Android\",\"isPartOf\":{\"@id\":\"https:\\\/\\\/bet-samuro.net\\\/it\\\/#website\"},\"datePublished\":\"2026-01-20T12:08:23+00:00\",\"dateModified\":\"2026-03-16T12:13:27+00:00\",\"description\":\"L'app Betsamuro offre un'esperienza di gioco fluida su Android, iOS, Windows e macOS, con account sincronizzati, aggiornamenti regolari e assistenza clienti integrata per un'esperienza senza intoppi.\",\"breadcrumb\":{\"@id\":\"https:\\\/\\\/bet-samuro.net\\\/it\\\/applicazione\\\/#breadcrumb\"},\"inLanguage\":\"it-IT\",\"potentialAction\":[{\"@type\":\"ReadAction\",\"target\":[\"https:\\\/\\\/bet-samuro.net\\\/it\\\/applicazione\\\/\"]}]},{\"@type\":\"BreadcrumbList\",\"@id\":\"https:\\\/\\\/bet-samuro.net\\\/it\\\/applicazione\\\/#breadcrumb\",\"itemListElement\":[{\"@type\":\"ListItem\",\"position\":1,\"name\":\"Betsamuro\",\"item\":\"https:\\\/\\\/bet-samuro.net\\\/it\\\/\"},{\"@type\":\"ListItem\",\"position\":2,\"name\":\"Applicazione\"}]},{\"@type\":\"WebSite\",\"@id\":\"https:\\\/\\\/bet-samuro.net\\\/it\\\/#website\",\"url\":\"https:\\\/\\\/bet-samuro.net\\\/it\\\/\",\"name\":\"Betsamuro\",\"description\":\"\",\"publisher\":{\"@id\":\"https:\\\/\\\/bet-samuro.net\\\/it\\\/#organization\"},\"potentialAction\":[{\"@type\":\"SearchAction\",\"target\":{\"@type\":\"EntryPoint\",\"urlTemplate\":\"https:\\\/\\\/bet-samuro.net\\\/it\\\/?s={search_term_string}\"},\"query-input\":{\"@type\":\"PropertyValueSpecification\",\"valueRequired\":true,\"valueName\":\"search_term_string\"}}],\"inLanguage\":\"it-IT\"},{\"@type\":\"Organization\",\"@id\":\"https:\\\/\\\/bet-samuro.net\\\/it\\\/#organization\",\"name\":\"Betsamuro\",\"url\":\"https:\\\/\\\/bet-samuro.net\\\/it\\\/\",\"logo\":{\"@type\":\"ImageObject\",\"inLanguage\":\"it-IT\",\"@id\":\"https:\\\/\\\/bet-samuro.net\\\/it\\\/#\\\/schema\\\/logo\\\/image\\\/\",\"url\":\"https:\\\/\\\/bet-samuro.net\\\/wp-content\\\/uploads\\\/2026\\\/03\\\/betsamuro-logo.svg\",\"contentUrl\":\"https:\\\/\\\/bet-samuro.net\\\/wp-content\\\/uploads\\\/2026\\\/03\\\/betsamuro-logo.svg\",\"width\":135,\"height\":26,\"caption\":\"Betsamuro\"},\"image\":{\"@id\":\"https:\\\/\\\/bet-samuro.net\\\/it\\\/#\\\/schema\\\/logo\\\/image\\\/\"}}]}<\/script>\n<!-- \/ Yoast SEO plugin. -->","yoast_head_json":{"title":"Betsamuro App | Piattaforme iOS e Android","description":"L'app Betsamuro offre un'esperienza di gioco fluida su Android, iOS, Windows e macOS, con account sincronizzati, aggiornamenti regolari e assistenza clienti integrata per un'esperienza senza intoppi.","robots":{"index":"index","follow":"follow","max-snippet":"max-snippet:-1","max-image-preview":"max-image-preview:large","max-video-preview":"max-video-preview:-1"},"canonical":"https:\/\/bet-samuro.net\/it\/applicazione\/","og_locale":"it_IT","og_type":"article","og_title":"Betsamuro App | Piattaforme iOS e Android","og_description":"L'app Betsamuro offre un'esperienza di gioco fluida su Android, iOS, Windows e macOS, con account sincronizzati, aggiornamenti regolari e assistenza clienti integrata per un'esperienza senza intoppi.","og_url":"https:\/\/bet-samuro.net\/it\/applicazione\/","og_site_name":"betsamuro","article_modified_time":"2026-03-16T12:13:27+00:00","twitter_card":"summary_large_image","twitter_misc":{"Est. reading time":"2 minutes"},"schema":{"@context":"https:\/\/schema.org","@graph":[{"@type":"WebPage","@id":"https:\/\/bet-samuro.net\/it\/applicazione\/","url":"https:\/\/bet-samuro.net\/it\/applicazione\/","name":"Betsamuro App | Piattaforme iOS e Android","isPartOf":{"@id":"https:\/\/bet-samuro.net\/it\/#website"},"datePublished":"2026-01-20T12:08:23+00:00","dateModified":"2026-03-16T12:13:27+00:00","description":"L'app Betsamuro offre un'esperienza di gioco fluida su Android, iOS, Windows e macOS, con account sincronizzati, aggiornamenti regolari e assistenza clienti integrata per un'esperienza senza intoppi.","breadcrumb":{"@id":"https:\/\/bet-samuro.net\/it\/applicazione\/#breadcrumb"},"inLanguage":"it-IT","potentialAction":[{"@type":"ReadAction","target":["https:\/\/bet-samuro.net\/it\/applicazione\/"]}]},{"@type":"BreadcrumbList","@id":"https:\/\/bet-samuro.net\/it\/applicazione\/#breadcrumb","itemListElement":[{"@type":"ListItem","position":1,"name":"Betsamuro","item":"https:\/\/bet-samuro.net\/it\/"},{"@type":"ListItem","position":2,"name":"Applicazione"}]},{"@type":"WebSite","@id":"https:\/\/bet-samuro.net\/it\/#website","url":"https:\/\/bet-samuro.net\/it\/","name":"Betsamuro","description":"","publisher":{"@id":"https:\/\/bet-samuro.net\/it\/#organization"},"potentialAction":[{"@type":"SearchAction","target":{"@type":"EntryPoint","urlTemplate":"https:\/\/bet-samuro.net\/it\/?s={search_term_string}"},"query-input":{"@type":"PropertyValueSpecification","valueRequired":true,"valueName":"search_term_string"}}],"inLanguage":"it-IT"},{"@type":"Organization","@id":"https:\/\/bet-samuro.net\/it\/#organization","name":"Betsamuro","url":"https:\/\/bet-samuro.net\/it\/","logo":{"@type":"ImageObject","inLanguage":"it-IT","@id":"https:\/\/bet-samuro.net\/it\/#\/schema\/logo\/image\/","url":"https:\/\/bet-samuro.net\/wp-content\/uploads\/2026\/03\/betsamuro-logo.svg","contentUrl":"https:\/\/bet-samuro.net\/wp-content\/uploads\/2026\/03\/betsamuro-logo.svg","width":135,"height":26,"caption":"Betsamuro"},"image":{"@id":"https:\/\/bet-samuro.net\/it\/#\/schema\/logo\/image\/"}}]}},"_links":{"self":[{"href":"https:\/\/bet-samuro.net\/it\/wp-json\/wp\/v2\/pages\/1445","targetHints":{"allow":["GET"]}}],"collection":[{"href":"https:\/\/bet-samuro.net\/it\/wp-json\/wp\/v2\/pages"}],"about":[{"href":"https:\/\/bet-samuro.net\/it\/wp-json\/wp\/v2\/types\/page"}],"author":[{"embeddable":true,"href":"https:\/\/bet-samuro.net\/it\/wp-json\/wp\/v2\/users\/1"}],"replies":[{"embeddable":true,"href":"https:\/\/bet-samuro.net\/it\/wp-json\/wp\/v2\/comments?post=1445"}],"version-history":[{"count":4,"href":"https:\/\/bet-samuro.net\/it\/wp-json\/wp\/v2\/pages\/1445\/revisions"}],"predecessor-version":[{"id":2106,"href":"https:\/\/bet-samuro.net\/it\/wp-json\/wp\/v2\/pages\/1445\/revisions\/2106"}],"wp:attachment":[{"href":"https:\/\/bet-samuro.net\/it\/wp-json\/wp\/v2\/media?parent=1445"}],"curies":[{"name":"wp","href":"https:\/\/api.w.org\/{rel}","templated":true}]}}