{"id":1440,"date":"2026-01-20T12:08:23","date_gmt":"2026-01-20T12:08:23","guid":{"rendered":"https:\/\/bonuskongcasino.com\/app\/"},"modified":"2026-03-16T11:12:47","modified_gmt":"2026-03-16T11:12:47","slug":"app","status":"publish","type":"page","link":"https:\/\/bet-samuro.net\/fr\/app\/","title":{"rendered":"App"},"content":{"rendered":"<h1>Plateforme mobile Betsamuro<\/h1>\n<p>Depuis votre t\u00e9l\u00e9phone, sans compromis sur la mobilit\u00e9, Betsamuro App vous ouvre les portes du monde passionnant des jeux en ligne. Cette application web progressive offre commodit\u00e9 et performances solides, permettant aux utilisateurs d&rsquo;acc\u00e9der confortablement et de mani\u00e8re coh\u00e9rente \u00e0 leurs jeux de casino pr\u00e9f\u00e9r\u00e9s : cartes, salles de casino en direct, gains instantan\u00e9s et machines \u00e0 sous en ligne. Tous les titres peuvent \u00eatre appr\u00e9ci\u00e9s via l&rsquo;application pour smartphone, sans restrictions ni limitations \u00ab r\u00e9serv\u00e9es aux mobiles \u00bb.<\/p>\n<p>Betsamuro Casino offre une exp\u00e9rience de jeu de qualit\u00e9 sup\u00e9rieure, que vous vous promeniez en ville ou que vous soyez confortablement install\u00e9 chez vous, gr\u00e2ce \u00e0 notre solution mobile polyvalente qui s&rsquo;adapte \u00e0 votre style de vie.<\/p>\n<div class=\"banner-wrap\" aria-label=\"Banner\"><img src=\"https:\/\/bet-samuro.net\/wp-content\/uploads\/2026\/03\/banner-desktop2x-1.webp\" class=\"w-100 d-none d-lg-block img-pc main-banner-img\" alt=\"betsamuro banner desktop\" fetchpriority=\"high\" decoding=\"async\"><img src=\"https:\/\/bet-samuro.net\/wp-content\/uploads\/2026\/03\/banner-mobile2x-1.webp\" class=\"w-100 d-none d-md-block d-lg-none main-banner-img\" alt=\"betsamuro banner mobile\" fetchpriority=\"high\" decoding=\"async\"><img src=\"https:\/\/bet-samuro.net\/wp-content\/uploads\/2026\/03\/banner-mobile2x-1.webp\" class=\"w-100 d-md-none\" alt=\"betsamuro banner mobile\" fetchpriority=\"high\" decoding=\"async\"><div class=\"banner-description\">\n<div class=\"banner-title\">Bonus de bienvenue<\/div>\n<p class=\"banner-header-title\">1500 \u20ac<\/p>\n<div class=\"banner-header-AdditionalText\">+ 250 Tours gratuits<\/div>\n<button data-item=\"homepage_banner_link\" class=\"goto m-button m-gradient-border m-button--primary m-button--large banner-button btn-orange\">\n            <div class=\"m-button-content\">\n                <span>Inscrivez-vous d\u00e8s maintenant<\/span>\n                <span><\/span>\n            <\/div>\n        <\/button>\n<\/div>\n<div class=\"WelcomePack\">\n<p><img loading=\"lazy\" decoding=\"async\" class=\"alignnone size-full wp-image-1862\" src=\"https:\/\/bet-samuro.net\/wp-content\/uploads\/2026\/03\/welcome-crown-1.png\" alt=\"welcome crown\" width=\"25\" height=\"26\" \/><\/p>\n<div class=\"WelcomePack-Info\">Cashback hebdomadaire jusqu&rsquo;\u00e0 25 %<\/div>\n<p><img loading=\"lazy\" decoding=\"async\" class=\"alignnone size-full wp-image-1862\" src=\"https:\/\/bet-samuro.net\/wp-content\/uploads\/2026\/03\/welcome-crown-1.png\" alt=\"welcome crown\" width=\"25\" height=\"26\" \/><\/p>\n<\/div>\n<\/div>\n<h2>Utilisation de Betsamuro sur mobile<\/h2>\n<p>L&rsquo;acc\u00e8s aux appareils mobiles et la flexibilit\u00e9 de la plateforme du casino Bet Samuro facilitent son utilisation par un large \u00e9ventail d&rsquo;utilisateurs et d&rsquo;appareils. Vous n&rsquo;avez pas \u00e0 renoncer \u00e0 la qualit\u00e9 pour jouer \u00e0 vos jeux pr\u00e9f\u00e9r\u00e9s, car les deux approches fonctionnent tr\u00e8s bien pour maintenir des performances \u00e9lev\u00e9es, la s\u00e9curit\u00e9 et la facilit\u00e9 d&rsquo;utilisation.<\/p>\n<p>Il y a de bonnes raisons de passer de votre ordinateur \u00e0 l&rsquo;application Betsamuro :<\/p>\n<ul>\n<li>Une exp\u00e9rience de jeu fluide signifie pouvoir jouer \u00e0 vos jeux pr\u00e9f\u00e9r\u00e9s o\u00f9 que vous soyez sur une plateforme mobile qui se charge rapidement et r\u00e9agit imm\u00e9diatement, pour que le jeu continue.<\/li>\n<li>Les joueurs peuvent facilement s&rsquo;y retrouver gr\u00e2ce \u00e0 une interface intuitive, quel que soit leur niveau de comp\u00e9tence technique.<\/li>\n<li>Vous pouvez utiliser l&rsquo;application pour vous connecter et jouer quand vous le souhaitez.<\/li>\n<li>Betsamuro Casino dispose d&rsquo;un syst\u00e8me de s\u00e9curit\u00e9 qui prot\u00e8ge toutes les transactions et les informations personnelles, vous permettant ainsi de jouer sans inqui\u00e9tude.<\/li>\n<li>La compatibilit\u00e9 universelle fonctionne \u00e0 la fois avec iOS et Android, ce qui signifie qu&rsquo;elle fonctionne avec presque tous les t\u00e9l\u00e9phones et tablettes actuellement disponibles sur le march\u00e9.<\/li>\n<\/ul>\n<p><div class=\"scrollable-content-wrap my-5\"><div class=\"scrollable-content-inner\"><h2>Application mobile Betsamuro pour Android<\/h2>\n<p>Les utilisateurs d&rsquo;Android peuvent t\u00e9l\u00e9charger l&rsquo;application Betsamuro, un logiciel web progressif sophistiqu\u00e9 qui fonctionne pour les joueurs de casino mobile dans tout l&rsquo;immense \u00e9cosyst\u00e8me Android. C&rsquo;est tr\u00e8s simple, il suffit d&rsquo;appuyer sur \u00ab Ajouter \u00e0 l&rsquo;\u00e9cran d&rsquo;accueil \u00bb et de placer l&rsquo;ic\u00f4ne o\u00f9 vous le souhaitez.<\/p>\n<p>La large couverture signifie que tous les t\u00e9l\u00e9phones et tablettes Android, quels que soient leur fabricant ou leur prix, b\u00e9n\u00e9ficieront d&rsquo;une connexion stable et d&rsquo;un affichage de qualit\u00e9. L&rsquo;installation est rapide. En arri\u00e8re-plan, les mises \u00e0 jour s&rsquo;effectuent automatiquement. Les joueurs ne manquent jamais un correctif ou une nouvelle fonctionnalit\u00e9.<\/p>\n<p>La conception est facile \u00e0 utiliser, vous pouvez donc passer rapidement d&rsquo;un genre de jeu \u00e0 l&rsquo;autre, consulter les offres sp\u00e9ciales et g\u00e9rer votre compte sans vous perdre dans les menus. Dans l&rsquo;ensemble, la PWA offre aux joueurs une exp\u00e9rience de jeu vraiment agr\u00e9able. La m\u00e9thode PWA fonctionnant mieux, il n&rsquo;y a plus de fichiers APK Betsamuro.<\/p>\n<p><img loading=\"lazy\" decoding=\"async\" class=\"alignnone size-full wp-image-1928\" src=\"https:\/\/bet-samuro.net\/wp-content\/uploads\/2026\/03\/Betsamuro-Casino-for-Android.webp\" alt=\"Betsamuro Casino for Android\" width=\"1248\" height=\"536\" srcset=\"https:\/\/bet-samuro.net\/wp-content\/uploads\/2026\/03\/Betsamuro-Casino-for-Android.webp 1248w, https:\/\/bet-samuro.net\/wp-content\/uploads\/2026\/03\/Betsamuro-Casino-for-Android-300x129.webp 300w, https:\/\/bet-samuro.net\/wp-content\/uploads\/2026\/03\/Betsamuro-Casino-for-Android-1024x440.webp 1024w, https:\/\/bet-samuro.net\/wp-content\/uploads\/2026\/03\/Betsamuro-Casino-for-Android-768x330.webp 768w\" sizes=\"auto, (max-width: 1248px) 100vw, 1248px\" \/><\/p>\n<\/div><\/div><div style=\"clear: both\"><\/div><div class=\"d-flex justify-content-center\"><button data-item=\"decouvrez_link\" data-group=\"website_links\" class=\"goto fw-bold rounded-pill btn btn-orange\" aria-label=\"T\u00e9l\u00e9chargez l&#039;application Betsamuro\" >T\u00e9l\u00e9chargez l&#039;application Betsamuro<\/button><\/div><div class=\"scrollable-content-wrap my-5\"><div class=\"scrollable-content-inner\"><h2>Application mobile Bet Samuro pour iOS<\/h2>\n<p>L&rsquo;application Betsamuro Casino pour iOS a \u00e9t\u00e9 con\u00e7ue sp\u00e9cialement pour les appareils Apple afin que les utilisateurs puissent profiter d&rsquo;une exp\u00e9rience fluide et facile \u00e0 tout moment. Les temps de chargement rapides et la s\u00e9curit\u00e9 renforc\u00e9e garantissent la s\u00e9curit\u00e9 de chaque session.<\/p>\n<ol>\n<li>Prenez votre iPhone et lancez l&rsquo;application Raccourcis d\u00e9j\u00e0 int\u00e9gr\u00e9e \u00e0 iOS.<\/li>\n<li>Recherchez l&rsquo;ic\u00f4ne + (plus) et appuyez dessus pour cr\u00e9er un nouveau raccourci.<\/li>\n<li>Le bouton \u00ab Ajouter une action \u00bb appara\u00eet : appuyez dessus, puis commencez \u00e0 taper \u00ab Betsamuro \u00bb.<\/li>\n<li>L&rsquo;application souhait\u00e9e devrait appara\u00eetre dans les r\u00e9sultats de recherche ci-dessous, alors s\u00e9lectionnez-la dans la liste.<\/li>\n<li>Appuyez maintenant sur la petite fl\u00e8che vers le bas situ\u00e9e \u00e0 c\u00f4t\u00e9 du nom du raccourci et s\u00e9lectionnez \u00ab Ajouter \u00e0 l&rsquo;\u00e9cran d&rsquo;accueil \u00bb parmi les options qui s&rsquo;affichent.<\/li>\n<li>C&rsquo;est ici que vous pouvez faire preuve de cr\u00e9ativit\u00e9 : choisissez une photo personnalis\u00e9e pour votre ic\u00f4ne si celle par d\u00e9faut vous semble ennuyeuse, choisissez un nom qui vous semble appropri\u00e9, puis appuyez sur le bouton \u00ab Ajouter \u00bb.<\/li>\n<\/ol>\n<p>L&rsquo;application Betsamuro est r\u00e9guli\u00e8rement mise \u00e0 jour. Chaque mise \u00e0 jour ajoute de nouvelles fonctionnalit\u00e9s et am\u00e9liore celles qui existent d\u00e9j\u00e0 dans notre casino.<\/p>\n<p><img loading=\"lazy\" decoding=\"async\" class=\"alignnone size-full wp-image-1936\" src=\"https:\/\/bet-samuro.net\/wp-content\/uploads\/2026\/03\/Betsamuro-Casino-for-iOS.webp\" alt=\"Betsamuro Casino for iOS\" width=\"1248\" height=\"536\" srcset=\"https:\/\/bet-samuro.net\/wp-content\/uploads\/2026\/03\/Betsamuro-Casino-for-iOS.webp 1248w, https:\/\/bet-samuro.net\/wp-content\/uploads\/2026\/03\/Betsamuro-Casino-for-iOS-300x129.webp 300w, https:\/\/bet-samuro.net\/wp-content\/uploads\/2026\/03\/Betsamuro-Casino-for-iOS-1024x440.webp 1024w, https:\/\/bet-samuro.net\/wp-content\/uploads\/2026\/03\/Betsamuro-Casino-for-iOS-768x330.webp 768w\" sizes=\"auto, (max-width: 1248px) 100vw, 1248px\" \/><\/p>\n<\/div><\/div><div style=\"clear: both\"><\/div><div class=\"d-flex justify-content-center\"><button data-item=\"decouvrez_link\" data-group=\"website_links\" class=\"goto fw-bold rounded-pill btn btn-orange\" aria-label=\"T\u00e9l\u00e9chargez l&#039;application Betsamuro\" >T\u00e9l\u00e9chargez l&#039;application Betsamuro<\/button><\/div><div class=\"scrollable-content-wrap my-5\"><div class=\"scrollable-content-inner\"><h2>Applications Windows et macOS<\/h2>\n<p>Betsamuro Casino propose des versions de bureau pour les PC Windows et Mac, ainsi que des versions mobiles. Ces versions vous offrent une perspective panoramique compl\u00e8te, comme le font les \u00e9crans plus grands. L&rsquo;application de bureau Bet Samuro, con\u00e7ue pour les \u00e9crans plus grands, tire parti des capacit\u00e9s des ordinateurs de bureau pour vous offrir des graphismes haute r\u00e9solution et des fonctionnalit\u00e9s suppl\u00e9mentaires. Les joueurs peuvent profiter pleinement du jeu sur leur ordinateur de bureau gr\u00e2ce \u00e0 des fonctionnalit\u00e9s telles que le chat en direct, qui vous met directement en relation avec l&rsquo;\u00e9quipe d&rsquo;assistance, et un processus d&rsquo;authentification plus rapide.<\/p>\n<table>\n<tbody>\n<tr>\n<td>Ce que vous faites<\/td>\n<td>Ordinateur de bureau<\/td>\n<td>Application mobile<\/td>\n<td>Qui gagne<\/td>\n<\/tr>\n<tr>\n<td>Session rapide de 10 minutes<\/td>\n<td>Vous devez trouver un ordinateur, ouvrir un navigateur, saisir l&rsquo;URL, attendre que le site pour ordinateur de bureau se charge compl\u00e8tement<\/td>\n<td>Appuyez sur l&rsquo;ic\u00f4ne de l&rsquo;application Betsamuro, identifiez-vous avec Face ID, et vous pouvez jouer en 3 secondes<\/td>\n<td>Le mobile \u00e9crase le bureau ici<\/td>\n<\/tr>\n<tr>\n<td>Session de tournoi s\u00e9rieuse de 3 heures<\/td>\n<td>Le grand \u00e9cran affiche tout clairement, la souris offre une grande pr\u00e9cision pour les jeux complexes, la connexion est stable<\/td>\n<td>C&rsquo;est fonctionnel, mais votre t\u00e9l\u00e9phone devient br\u00fblant et vos doigts se crispent \u00e0 cause du petit \u00e9cran<\/td>\n<td>La sup\u00e9riorit\u00e9 du bureau est \u00e9vidente pour les sessions marathon o\u00f9 le confort est important<\/td>\n<\/tr>\n<tr>\n<td>Jouer avec une connexion Wi-Fi instable<\/td>\n<td>Les sites pour ordinateur exigent une connexion stable<\/td>\n<td>L&rsquo;application g\u00e8re les br\u00e8ves d\u00e9connexions<\/td>\n<td>Le mobile vous sauve dans les trains et les avions<\/td>\n<\/tr>\n<\/tbody>\n<\/table>\n<p>Les avantages de l&rsquo;application Betsamuro en tant que PWA sont \u00e9vidents : mises \u00e0 jour automatiques, exigences de stockage n\u00e9gligeables, acc\u00e8s instantan\u00e9 sans bureaucratie du march\u00e9 et exp\u00e9riences coh\u00e9rentes sur tous les appareils que vous utilisez.<\/p>\n<p><img loading=\"lazy\" decoding=\"async\" class=\"alignnone size-full wp-image-1920\" src=\"https:\/\/bet-samuro.net\/wp-content\/uploads\/2026\/03\/Betsamuro-Application-for-PC.webp\" alt=\"Betsamuro Application for PC\" width=\"1248\" height=\"536\" srcset=\"https:\/\/bet-samuro.net\/wp-content\/uploads\/2026\/03\/Betsamuro-Application-for-PC.webp 1248w, https:\/\/bet-samuro.net\/wp-content\/uploads\/2026\/03\/Betsamuro-Application-for-PC-300x129.webp 300w, https:\/\/bet-samuro.net\/wp-content\/uploads\/2026\/03\/Betsamuro-Application-for-PC-1024x440.webp 1024w, https:\/\/bet-samuro.net\/wp-content\/uploads\/2026\/03\/Betsamuro-Application-for-PC-768x330.webp 768w\" sizes=\"auto, (max-width: 1248px) 100vw, 1248px\" \/><\/p>\n<\/div><\/div><div style=\"clear: both\"><\/div><div class=\"d-flex justify-content-center\"><button data-item=\"decouvrez_link\" data-group=\"website_links\" class=\"goto fw-bold rounded-pill btn btn-orange\" aria-label=\"T\u00e9l\u00e9chargez l&#039;application Betsamuro\" >T\u00e9l\u00e9chargez l&#039;application Betsamuro<\/button><\/div><div class=\"scrollable-content-wrap my-5\"><div class=\"scrollable-content-inner\"><h2>FAQ<\/h2>\n<h3>Faut-il cr\u00e9er un compte pour utiliser l&rsquo;application Bet Samuro ?<\/h3>\n<p>Pour profiter pleinement de l&rsquo;application Betsamuro Casino, vous devez d&rsquo;abord cr\u00e9er un compte. Sans compte, vous ne pouvez acc\u00e9der qu&rsquo;aux jeux de d\u00e9monstration, ce qui n&rsquo;est probablement pas la raison pour laquelle vous \u00eates ici. L&rsquo;inscription vous permet d&rsquo;effectuer des d\u00e9p\u00f4ts avec vos propres fonds, de participer \u00e0 des promotions et de r\u00e9clamer des bonus. Elle garantit \u00e9galement un niveau de s\u00e9curit\u00e9 \u00e9lev\u00e9 et le respect de la l\u00e9gislation gr\u00e2ce au processus de v\u00e9rification. La configuration ne prend que quelques minutes.<\/p>\n<h3>L&rsquo;application offre-t-elle un service client ?<\/h3>\n<p>L&rsquo;application Betsamuro vous met directement en relation avec l&rsquo;\u00e9quipe d&rsquo;assistance par chat en direct et par e-mail. Des professionnels comp\u00e9tents traitent les probl\u00e8mes techniques, les questions relatives \u00e0 la v\u00e9rification des comptes et autres demandes qui peuvent survenir pendant votre exp\u00e9rience de jeu. B\u00e9n\u00e9ficier d&rsquo;une excellente assistance vous permet de profiter pleinement de votre exp\u00e9rience sur Betsamuro Casino.<\/p>\n<h3>Comment puis-je mettre \u00e0 jour l&rsquo;application Bet Samuro ?<\/h3>\n<p>Vous n&rsquo;avez pas \u00e0 vous soucier des num\u00e9ros de version ou de l&rsquo;installation manuelle des mises \u00e0 jour, celles-ci se font automatiquement. Lorsque vous utilisez une application web progressive, vous pouvez rester \u00e0 jour avec la derni\u00e8re version en actualisant votre navigateur ou en vidant votre cache. Le bureau fonctionne de la m\u00eame mani\u00e8re, vous n&rsquo;avez donc pas \u00e0 perdre de temps avec des mises \u00e0 jour manuelles.<\/p>\n<\/div><\/div><\/p>\n","protected":false},"excerpt":{"rendered":"<p>Plateforme mobile Betsamuro Depuis votre t\u00e9l\u00e9phone, sans compromis sur la mobilit\u00e9, Betsamuro App vous ouvre les portes du monde passionnant des jeux en ligne. Cette application web progressive offre commodit\u00e9 et performances solides, permettant aux utilisateurs d&rsquo;acc\u00e9der confortablement et de mani\u00e8re coh\u00e9rente \u00e0 leurs jeux de casino pr\u00e9f\u00e9r\u00e9s : cartes, salles de casino en direct, [&hellip;]<\/p>\n","protected":false},"author":1,"featured_media":0,"parent":0,"menu_order":0,"comment_status":"closed","ping_status":"closed","template":"template-builder.php","meta":{"_acf_changed":false,"inline_featured_image":false,"footnotes":""},"class_list":["post-1440","page","type-page","status-publish","hentry"],"acf":[],"yoast_head":"<!-- This site is optimized with the Yoast SEO plugin v27.3 - https:\/\/yoast.com\/product\/yoast-seo-wordpress\/ -->\n<title>Betsamuro Application | Plateformes iOS et Android<\/title>\n<meta name=\"description\" content=\"L&#039;application Betsamuro offre une exp\u00e9rience de jeu fluide sur Android, iOS, Windows et macOS, avec des comptes synchronis\u00e9s, des mises \u00e0 jour r\u00e9guli\u00e8res et un service client int\u00e9gr\u00e9 pour une exp\u00e9rience sans souci.\" \/>\n<meta name=\"robots\" content=\"index, follow, max-snippet:-1, max-image-preview:large, max-video-preview:-1\" \/>\n<link rel=\"canonical\" href=\"https:\/\/bet-samuro.net\/fr\/app\/\" \/>\n<meta property=\"og:locale\" content=\"fr_FR\" \/>\n<meta property=\"og:type\" content=\"article\" \/>\n<meta property=\"og:title\" content=\"Betsamuro Application | Plateformes iOS et Android\" \/>\n<meta property=\"og:description\" content=\"L&#039;application Betsamuro offre une exp\u00e9rience de jeu fluide sur Android, iOS, Windows et macOS, avec des comptes synchronis\u00e9s, des mises \u00e0 jour r\u00e9guli\u00e8res et un service client int\u00e9gr\u00e9 pour une exp\u00e9rience sans souci.\" \/>\n<meta property=\"og:url\" content=\"https:\/\/bet-samuro.net\/fr\/app\/\" \/>\n<meta property=\"og:site_name\" content=\"betsamuro\" \/>\n<meta property=\"article:modified_time\" content=\"2026-03-16T11:12:47+00:00\" \/>\n<meta name=\"twitter:card\" content=\"summary_large_image\" \/>\n<meta name=\"twitter:label1\" content=\"Dur\u00e9e de lecture estim\u00e9e\" \/>\n\t<meta name=\"twitter:data1\" content=\"2 minutes\" \/>\n<script type=\"application\/ld+json\" class=\"yoast-schema-graph\">{\"@context\":\"https:\\\/\\\/schema.org\",\"@graph\":[{\"@type\":\"WebPage\",\"@id\":\"https:\\\/\\\/bet-samuro.net\\\/fr\\\/app\\\/\",\"url\":\"https:\\\/\\\/bet-samuro.net\\\/fr\\\/app\\\/\",\"name\":\"Betsamuro Application | Plateformes iOS et Android\",\"isPartOf\":{\"@id\":\"https:\\\/\\\/bet-samuro.net\\\/fr\\\/#website\"},\"datePublished\":\"2026-01-20T12:08:23+00:00\",\"dateModified\":\"2026-03-16T11:12:47+00:00\",\"description\":\"L'application Betsamuro offre une exp\u00e9rience de jeu fluide sur Android, iOS, Windows et macOS, avec des comptes synchronis\u00e9s, des mises \u00e0 jour r\u00e9guli\u00e8res et un service client int\u00e9gr\u00e9 pour une exp\u00e9rience sans souci.\",\"breadcrumb\":{\"@id\":\"https:\\\/\\\/bet-samuro.net\\\/fr\\\/app\\\/#breadcrumb\"},\"inLanguage\":\"fr-FR\",\"potentialAction\":[{\"@type\":\"ReadAction\",\"target\":[\"https:\\\/\\\/bet-samuro.net\\\/fr\\\/app\\\/\"]}]},{\"@type\":\"BreadcrumbList\",\"@id\":\"https:\\\/\\\/bet-samuro.net\\\/fr\\\/app\\\/#breadcrumb\",\"itemListElement\":[{\"@type\":\"ListItem\",\"position\":1,\"name\":\"Betsamuro\",\"item\":\"https:\\\/\\\/bet-samuro.net\\\/fr\\\/\"},{\"@type\":\"ListItem\",\"position\":2,\"name\":\"App\"}]},{\"@type\":\"WebSite\",\"@id\":\"https:\\\/\\\/bet-samuro.net\\\/fr\\\/#website\",\"url\":\"https:\\\/\\\/bet-samuro.net\\\/fr\\\/\",\"name\":\"Betsamuro\",\"description\":\"\",\"publisher\":{\"@id\":\"https:\\\/\\\/bet-samuro.net\\\/fr\\\/#organization\"},\"potentialAction\":[{\"@type\":\"SearchAction\",\"target\":{\"@type\":\"EntryPoint\",\"urlTemplate\":\"https:\\\/\\\/bet-samuro.net\\\/fr\\\/?s={search_term_string}\"},\"query-input\":{\"@type\":\"PropertyValueSpecification\",\"valueRequired\":true,\"valueName\":\"search_term_string\"}}],\"inLanguage\":\"fr-FR\"},{\"@type\":\"Organization\",\"@id\":\"https:\\\/\\\/bet-samuro.net\\\/fr\\\/#organization\",\"name\":\"Betsamuro\",\"url\":\"https:\\\/\\\/bet-samuro.net\\\/fr\\\/\",\"logo\":{\"@type\":\"ImageObject\",\"inLanguage\":\"fr-FR\",\"@id\":\"https:\\\/\\\/bet-samuro.net\\\/fr\\\/#\\\/schema\\\/logo\\\/image\\\/\",\"url\":\"https:\\\/\\\/bet-samuro.net\\\/wp-content\\\/uploads\\\/2026\\\/03\\\/betsamuro-logo.svg\",\"contentUrl\":\"https:\\\/\\\/bet-samuro.net\\\/wp-content\\\/uploads\\\/2026\\\/03\\\/betsamuro-logo.svg\",\"width\":135,\"height\":26,\"caption\":\"Betsamuro\"},\"image\":{\"@id\":\"https:\\\/\\\/bet-samuro.net\\\/fr\\\/#\\\/schema\\\/logo\\\/image\\\/\"}}]}<\/script>\n<!-- \/ Yoast SEO plugin. -->","yoast_head_json":{"title":"Betsamuro Application | Plateformes iOS et Android","description":"L'application Betsamuro offre une exp\u00e9rience de jeu fluide sur Android, iOS, Windows et macOS, avec des comptes synchronis\u00e9s, des mises \u00e0 jour r\u00e9guli\u00e8res et un service client int\u00e9gr\u00e9 pour une exp\u00e9rience sans souci.","robots":{"index":"index","follow":"follow","max-snippet":"max-snippet:-1","max-image-preview":"max-image-preview:large","max-video-preview":"max-video-preview:-1"},"canonical":"https:\/\/bet-samuro.net\/fr\/app\/","og_locale":"fr_FR","og_type":"article","og_title":"Betsamuro Application | Plateformes iOS et Android","og_description":"L'application Betsamuro offre une exp\u00e9rience de jeu fluide sur Android, iOS, Windows et macOS, avec des comptes synchronis\u00e9s, des mises \u00e0 jour r\u00e9guli\u00e8res et un service client int\u00e9gr\u00e9 pour une exp\u00e9rience sans souci.","og_url":"https:\/\/bet-samuro.net\/fr\/app\/","og_site_name":"betsamuro","article_modified_time":"2026-03-16T11:12:47+00:00","twitter_card":"summary_large_image","twitter_misc":{"Dur\u00e9e de lecture estim\u00e9e":"2 minutes"},"schema":{"@context":"https:\/\/schema.org","@graph":[{"@type":"WebPage","@id":"https:\/\/bet-samuro.net\/fr\/app\/","url":"https:\/\/bet-samuro.net\/fr\/app\/","name":"Betsamuro Application | Plateformes iOS et Android","isPartOf":{"@id":"https:\/\/bet-samuro.net\/fr\/#website"},"datePublished":"2026-01-20T12:08:23+00:00","dateModified":"2026-03-16T11:12:47+00:00","description":"L'application Betsamuro offre une exp\u00e9rience de jeu fluide sur Android, iOS, Windows et macOS, avec des comptes synchronis\u00e9s, des mises \u00e0 jour r\u00e9guli\u00e8res et un service client int\u00e9gr\u00e9 pour une exp\u00e9rience sans souci.","breadcrumb":{"@id":"https:\/\/bet-samuro.net\/fr\/app\/#breadcrumb"},"inLanguage":"fr-FR","potentialAction":[{"@type":"ReadAction","target":["https:\/\/bet-samuro.net\/fr\/app\/"]}]},{"@type":"BreadcrumbList","@id":"https:\/\/bet-samuro.net\/fr\/app\/#breadcrumb","itemListElement":[{"@type":"ListItem","position":1,"name":"Betsamuro","item":"https:\/\/bet-samuro.net\/fr\/"},{"@type":"ListItem","position":2,"name":"App"}]},{"@type":"WebSite","@id":"https:\/\/bet-samuro.net\/fr\/#website","url":"https:\/\/bet-samuro.net\/fr\/","name":"Betsamuro","description":"","publisher":{"@id":"https:\/\/bet-samuro.net\/fr\/#organization"},"potentialAction":[{"@type":"SearchAction","target":{"@type":"EntryPoint","urlTemplate":"https:\/\/bet-samuro.net\/fr\/?s={search_term_string}"},"query-input":{"@type":"PropertyValueSpecification","valueRequired":true,"valueName":"search_term_string"}}],"inLanguage":"fr-FR"},{"@type":"Organization","@id":"https:\/\/bet-samuro.net\/fr\/#organization","name":"Betsamuro","url":"https:\/\/bet-samuro.net\/fr\/","logo":{"@type":"ImageObject","inLanguage":"fr-FR","@id":"https:\/\/bet-samuro.net\/fr\/#\/schema\/logo\/image\/","url":"https:\/\/bet-samuro.net\/wp-content\/uploads\/2026\/03\/betsamuro-logo.svg","contentUrl":"https:\/\/bet-samuro.net\/wp-content\/uploads\/2026\/03\/betsamuro-logo.svg","width":135,"height":26,"caption":"Betsamuro"},"image":{"@id":"https:\/\/bet-samuro.net\/fr\/#\/schema\/logo\/image\/"}}]}},"_links":{"self":[{"href":"https:\/\/bet-samuro.net\/fr\/wp-json\/wp\/v2\/pages\/1440","targetHints":{"allow":["GET"]}}],"collection":[{"href":"https:\/\/bet-samuro.net\/fr\/wp-json\/wp\/v2\/pages"}],"about":[{"href":"https:\/\/bet-samuro.net\/fr\/wp-json\/wp\/v2\/types\/page"}],"author":[{"embeddable":true,"href":"https:\/\/bet-samuro.net\/fr\/wp-json\/wp\/v2\/users\/1"}],"replies":[{"embeddable":true,"href":"https:\/\/bet-samuro.net\/fr\/wp-json\/wp\/v2\/comments?post=1440"}],"version-history":[{"count":4,"href":"https:\/\/bet-samuro.net\/fr\/wp-json\/wp\/v2\/pages\/1440\/revisions"}],"predecessor-version":[{"id":2081,"href":"https:\/\/bet-samuro.net\/fr\/wp-json\/wp\/v2\/pages\/1440\/revisions\/2081"}],"wp:attachment":[{"href":"https:\/\/bet-samuro.net\/fr\/wp-json\/wp\/v2\/media?parent=1440"}],"curies":[{"name":"wp","href":"https:\/\/api.w.org\/{rel}","templated":true}]}}