{"id":1487,"date":"2026-01-20T12:11:11","date_gmt":"2026-01-20T12:11:11","guid":{"rendered":"https:\/\/bonuskongcasino.com\/login-and-registration\/"},"modified":"2026-03-16T12:55:07","modified_gmt":"2026-03-16T12:55:07","slug":"inicio-de-sesion-y-registro","status":"publish","type":"page","link":"https:\/\/bet-samuro.net\/es\/inicio-de-sesion-y-registro\/","title":{"rendered":"Inicio de sesi\u00f3n y Registro"},"content":{"rendered":"<h1>Inicio de sesi\u00f3n y registro en la cuenta de Betsamuro<\/h1>\n<p>El Betsamuro login te lleva directamente a un entretenimiento de juego que no se detiene. La seguridad se ha construido correctamente utilizando la tecnolog\u00eda actual, protegiendo todo lo que haces. La variedad se une a la comodidad, por lo que lo importante es sumergirse en los t\u00edtulos que realmente disfrutan los jugadores espa\u00f1oles. Los servicios se han desarrollado en torno a la usabilidad real y la seguridad.<\/p>\n<p><div class=\"banner-wrap\" aria-label=\"Banner\"><img src=\"https:\/\/bet-samuro.net\/wp-content\/uploads\/2026\/03\/banner-desktop2x-1.webp\" class=\"w-100 d-none d-lg-block img-pc main-banner-img\" alt=\"betsamuro banner desktop\" fetchpriority=\"high\" decoding=\"async\"><img src=\"https:\/\/bet-samuro.net\/wp-content\/uploads\/2026\/03\/banner-mobile2x-1.webp\" class=\"w-100 d-none d-md-block d-lg-none main-banner-img\" alt=\"betsamuro banner mobile\" fetchpriority=\"high\" decoding=\"async\"><img src=\"https:\/\/bet-samuro.net\/wp-content\/uploads\/2026\/03\/banner-mobile2x-1.webp\" class=\"w-100 d-md-none\" alt=\"betsamuro banner mobile\" fetchpriority=\"high\" decoding=\"async\"><div class=\"banner-description\">\n<div class=\"banner-title\">Bonos de bienvenida<\/div>\n<p class=\"banner-header-title\">1500 \u20ac<\/p>\n<div class=\"banner-header-AdditionalText\">+ 250 Tiradas gratis<\/div>\n<button data-item=\"homepage_banner_link\" class=\"goto m-button m-gradient-border m-button--primary m-button--large banner-button btn-orange\">\n            <div class=\"m-button-content\">\n                <span>Reg\u00edstrate ahora<\/span>\n                <span><\/span>\n            <\/div>\n        <\/button>\n<\/div>\n<div class=\"WelcomePack\">\n<p><img loading=\"lazy\" decoding=\"async\" class=\"alignnone size-full wp-image-1867\" src=\"https:\/\/bet-samuro.net\/wp-content\/uploads\/2026\/03\/welcome-crown-1.png\" alt=\"welcome crown\" width=\"25\" height=\"26\" \/><\/p>\n<div class=\"WelcomePack-Info\">Reembolso semanal de hasta el 25 %<\/div>\n<p><img loading=\"lazy\" decoding=\"async\" class=\"alignnone size-full wp-image-1867\" src=\"https:\/\/bet-samuro.net\/wp-content\/uploads\/2026\/03\/welcome-crown-1.png\" alt=\"welcome crown\" width=\"25\" height=\"26\" \/><\/p>\n<\/div>\n<\/div><div class=\"scrollable-content-wrap my-5\"><div class=\"scrollable-content-inner\"><h2>Registro de nuevos usuarios en Bet Samuro<\/h2>\n<p>Cuando te registras en Betsamuro Casino, puedes utilizar todo, lo que hace que jugar sea emocionante. Recibir\u00e1s un bono de bienvenida de 1.500 \u20ac y 250 giros nada m\u00e1s registrarte para crear una nueva cuenta. Las personas que prefieren competir pueden participar en concursos. El programa de fidelidad comienza de inmediato. Despu\u00e9s de iniciar sesi\u00f3n en Betsamuro, podr\u00e1s acceder a una enorme biblioteca de juegos y ofertas especiales diarias que siempre son nuevas. Este es el primer paso hacia un juego seguro y divertido.<\/p>\n<h3>Crea tu cuenta<\/h3>\n<p>El proceso de registro en Betsamuro es sencillo y no implica ning\u00fan paso complicado. As\u00ed es como funciona:<\/p>\n<ol>\n<li>El bot\u00f3n \u00abReg\u00edstrate\u00bb se encuentra en el sitio web de Betsamuro, donde debe estar, sin estar oculto en tres men\u00fas.<\/li>\n<li>El formulario de registro requiere informaci\u00f3n aut\u00e9ntica, incluida tu direcci\u00f3n de correo electr\u00f3nico real y una contrase\u00f1a que no sea demasiado f\u00e1cil de adivinar.<\/li>\n<li>Debes marcar las casillas de confirmaci\u00f3n una vez que hayas le\u00eddo al menos lo que est\u00e1s aceptando.<\/li>\n<li>Es posible que aparezca un CAPTCHA para demostrar que eres una persona real y no un robot.<\/li>\n<li>En breve recibir\u00e1s las instrucciones por correo electr\u00f3nico. S\u00edguelas para completar la configuraci\u00f3n.<\/li>\n<li>La confirmaci\u00f3n hace que todo funcione en tu cuenta de Betsamuro Casino.<\/li>\n<\/ol>\n<p>La edad m\u00ednima es de 18 a\u00f1os. El proceso de verificaci\u00f3n te abre el camino para acceder a la selecci\u00f3n de juegos y a los bonos que est\u00e1n listos para ser activados.<\/p>\n<p><img loading=\"lazy\" decoding=\"async\" class=\"alignnone size-full wp-image-1959\" src=\"https:\/\/bet-samuro.net\/wp-content\/uploads\/2026\/03\/Betsamuro-Login-Page.webp\" alt=\"Betsamuro Login Page\" width=\"1248\" height=\"536\" srcset=\"https:\/\/bet-samuro.net\/wp-content\/uploads\/2026\/03\/Betsamuro-Login-Page.webp 1248w, https:\/\/bet-samuro.net\/wp-content\/uploads\/2026\/03\/Betsamuro-Login-Page-300x129.webp 300w, https:\/\/bet-samuro.net\/wp-content\/uploads\/2026\/03\/Betsamuro-Login-Page-1024x440.webp 1024w, https:\/\/bet-samuro.net\/wp-content\/uploads\/2026\/03\/Betsamuro-Login-Page-768x330.webp 768w\" sizes=\"auto, (max-width: 1248px) 100vw, 1248px\" \/><\/p>\n<h2>Uso de una cuenta de Bet Samuro<\/h2>\n<p>Una vez registrado, es el momento de iniciar sesi\u00f3n en Betsamuro y utilizar todas nuestras funciones. Solo tardar\u00e1s unos segundos en acceder:<\/p>\n<ol>\n<li>El bot\u00f3n \u00abIniciar sesi\u00f3n\u00bb se encuentra en la esquina superior derecha de la p\u00e1gina de inicio, donde es de esperar que est\u00e9.<\/li>\n<li>Introduce tu direcci\u00f3n de correo electr\u00f3nico registrada y tu contrase\u00f1a en esos campos.<\/li>\n<li>Al hacer clic en \u00abIniciar sesi\u00f3n\u00bb, aparecer\u00e1 tu panel de control, donde podr\u00e1s ver todo lo que necesitas.<\/li>\n<\/ol>\n<table>\n<tbody>\n<tr>\n<td>Secci\u00f3n del panel de control<\/td>\n<td>Qu\u00e9 te ofrece<\/td>\n<td>Por qu\u00e9 lo utilizar\u00e1<\/td>\n<\/tr>\n<tr>\n<td>Historial de transacciones<\/td>\n<td>Registra todos los dep\u00f3sitos, retiradas, bonificaciones y comisiones de Betsamuro, e incluye marcas de tiempo que demuestran cu\u00e1ndo se produjo cada uno de ellos.<\/td>\n<td>Resuelve las discusiones con su banco sobre \u00abcargos misteriosos\u00bb y realiza un seguimiento exacto de d\u00f3nde fue a parar su dinero durante esa racha.<\/td>\n<\/tr>\n<tr>\n<td>Gestor de bonificaciones<\/td>\n<td>Muestra las promociones activas, las barras de progreso de las apuestas y las cuentas atr\u00e1s antes de que los bonos caduquen.<\/td>\n<td>Evita situaciones en las que te das cuenta de que un bono de 200 \u20ac caduc\u00f3 ayer porque olvidaste que estaba a punto de expirar.<\/td>\n<\/tr>\n<tr>\n<td>Configuraci\u00f3n de seguridad<\/td>\n<td>Almacena los cambios de contrase\u00f1a, la configuraci\u00f3n de 2FA y el historial de inicio de sesi\u00f3n de Bet Samuro, que muestra qu\u00e9 dispositivos han accedido a tu cuenta.<\/td>\n<td>Detecta los intentos de acceso no autorizados antes de que alguien agote tu saldo.<\/td>\n<\/tr>\n<\/tbody>\n<\/table>\n<h3>Verificaci\u00f3n y seguridad de la cuenta de Betsamuro<\/h3>\n<p>Betsamuro Casino tiene normas detalladas para comprobar la identidad de los jugadores y garantizar la seguridad de todos mientras juegan. Debes enviar documentaci\u00f3n aut\u00e9ntica, como facturas de servicios p\u00fablicos y documentos de identidad oficiales, para demostrar que eres una persona real que vive en la direcci\u00f3n que proporcionaste durante el registro. Esto cumple con las normas y, al mismo tiempo, evita que los estafadores manipulen las cuentas.<\/p>\n<p>Los cortafuegos, el cifrado AES y TLS y las comprobaciones peri\u00f3dicas de actividades sospechosas se combinan para mantener sus datos seguros. Tambi\u00e9n es recomendable utilizar la autenticaci\u00f3n de dos factores. Mantener actualizada la informaci\u00f3n de su cuenta de Bet Samuro le ayudar\u00e1 a evitar posibles problemas. Disponer de informaci\u00f3n de contacto actualizada y completar r\u00e1pidamente el proceso de verificaci\u00f3n garantizar\u00e1 que los retiros y la recuperaci\u00f3n de la cuenta se realicen sin problemas cuando surjan dificultades.<\/p>\n<h3>\u00bfHa olvidado su contrase\u00f1a?<\/h3>\n<p>Todo el mundo olvida sus contrase\u00f1as de vez en cuando. Volver a entrar en Betsamuro Casino cuando no encuentras tu contrase\u00f1a de inicio de sesi\u00f3n es f\u00e1cil:<\/p>\n<table>\n<tbody>\n<tr>\n<td>Paso<\/td>\n<td>Qu\u00e9 debe hacer<\/td>\n<td>Por qu\u00e9 es importante<\/td>\n<\/tr>\n<tr>\n<td>Primero<\/td>\n<td>Haz clic en \u00ab\u00bfOlvidaste tu contrase\u00f1a?\u00bb en la p\u00e1gina de inicio de sesi\u00f3n de Betsamuro.<\/td>\n<td>Inicia el proceso de recuperaci\u00f3n sin molestar innecesariamente al servicio de asistencia.<\/td>\n<\/tr>\n<tr>\n<td>Segundo<\/td>\n<td>Introduce tu direcci\u00f3n de correo electr\u00f3nico registrada.<\/td>\n<td>Conecta su solicitud de restablecimiento con la cuenta correcta.<\/td>\n<\/tr>\n<tr>\n<td>Tercero<\/td>\n<td>Revisa tu bandeja de entrada y sigue las instrucciones que aparecen.<\/td>\n<td>Finaliza el restablecimiento de la contrase\u00f1a, manteniendo todo seguro<\/td>\n<\/tr>\n<\/tbody>\n<\/table>\n<p>El proceso de recuperaci\u00f3n es r\u00e1pido y los est\u00e1ndares de seguridad son altos en todo momento. Siempre puede llamar al equipo de asistencia por chat en vivo o correo electr\u00f3nico si surge alg\u00fan problema que no sea un simple restablecimiento de contrase\u00f1a.<\/p>\n<h2>Preguntas frecuentes<\/h2>\n<h3>\u00bfQu\u00e9 debo hacer si mi cuenta est\u00e1 bloqueada?<\/h3>\n<p>Si tu cuenta ha sido bloqueada en Betsamuro, busca al equipo de asistencia haciendo clic en el bot\u00f3n de chat en vivo que se encuentra en todas las p\u00e1ginas del casino. La verificaci\u00f3n es fundamental para desbloquearla, ya que demuestra que eres el verdadero propietario y no alguien que intenta entrar ilegalmente. Enviarnos r\u00e1pidamente la documentaci\u00f3n que te solicitamos agiliza el proceso y garantiza la seguridad de todos los usuarios del sitio.<\/p>\n<h3>\u00bfC\u00f3mo actualizar la contrase\u00f1a o la direcci\u00f3n de correo electr\u00f3nico?<\/h3>\n<p>Para cambiar tu direcci\u00f3n de correo electr\u00f3nico o contrase\u00f1a en Bet Samuro Casino, inicia sesi\u00f3n y haz clic en administraci\u00f3n de la cuenta. Haz clic en la opci\u00f3n para cambiar tu informaci\u00f3n de inicio de sesi\u00f3n en Betsamuro, escribe la nueva informaci\u00f3n y sigue los pasos de seguridad para asegurarte de que todo es correcto. Los mecanismos de seguridad impiden que personas no autorizadas realicen modificaciones en tu cuenta.<\/p>\n<h3>\u00bfEl equipo de asistencia de Betsamuro Casino habla varios idiomas para ayudar?<\/h3>\n<p>El personal de asistencia de Betsamuro Casino ayuda a jugadores de todo el mundo y habla muchos idiomas diferentes. Puede hablar con un miembro del equipo en directo en cualquier momento si tiene alg\u00fan problema. Obtendr\u00e1 respuestas r\u00e1pidas a sus consultas sobre su cuenta, problemas t\u00e9cnicos y cuestiones de seguridad. El equipo de asistencia multiling\u00fce puede ayudar a quienes hablan diferentes idiomas sin ning\u00fan problema de traducci\u00f3n.<\/p>\n<\/div><\/div><\/p>\n","protected":false},"excerpt":{"rendered":"<p>Inicio de sesi\u00f3n y registro en la cuenta de Betsamuro El Betsamuro login te lleva directamente a un entretenimiento de juego que no se detiene. La seguridad se ha construido correctamente utilizando la tecnolog\u00eda actual, protegiendo todo lo que haces. La variedad se une a la comodidad, por lo que lo importante es sumergirse en [&hellip;]<\/p>\n","protected":false},"author":1,"featured_media":0,"parent":0,"menu_order":0,"comment_status":"closed","ping_status":"closed","template":"template-builder.php","meta":{"_acf_changed":false,"inline_featured_image":false,"footnotes":""},"class_list":["post-1487","page","type-page","status-publish","hentry"],"acf":[],"yoast_head":"<!-- This site is optimized with the Yoast SEO plugin v27.3 - https:\/\/yoast.com\/product\/yoast-seo-wordpress\/ -->\n<title>Betsamuro Inicio de sesi\u00f3n y registro<\/title>\n<meta name=\"description\" content=\"Crea, gestiona y verifica tu cuenta Betsamuro sin esfuerzo. Disfruta de un registro r\u00e1pido, una recuperaci\u00f3n de cuenta sencilla y un cierre seguro con Betsamuro Login, que mantiene tu cuenta protegida las 24 horas del d\u00eda.\" \/>\n<meta name=\"robots\" content=\"index, follow, max-snippet:-1, max-image-preview:large, max-video-preview:-1\" \/>\n<link rel=\"canonical\" href=\"https:\/\/bet-samuro.net\/es\/inicio-de-sesion-y-registro\/\" \/>\n<meta property=\"og:locale\" content=\"es_ES\" \/>\n<meta property=\"og:type\" content=\"article\" \/>\n<meta property=\"og:title\" content=\"Betsamuro Inicio de sesi\u00f3n y registro\" \/>\n<meta property=\"og:description\" content=\"Crea, gestiona y verifica tu cuenta Betsamuro sin esfuerzo. Disfruta de un registro r\u00e1pido, una recuperaci\u00f3n de cuenta sencilla y un cierre seguro con Betsamuro Login, que mantiene tu cuenta protegida las 24 horas del d\u00eda.\" \/>\n<meta property=\"og:url\" content=\"https:\/\/bet-samuro.net\/es\/inicio-de-sesion-y-registro\/\" \/>\n<meta property=\"og:site_name\" content=\"betsamuro\" \/>\n<meta property=\"article:modified_time\" content=\"2026-03-16T12:55:07+00:00\" \/>\n<meta name=\"twitter:card\" content=\"summary_large_image\" \/>\n<meta name=\"twitter:label1\" content=\"Est. reading time\" \/>\n\t<meta name=\"twitter:data1\" content=\"1 minute\" \/>\n<script type=\"application\/ld+json\" class=\"yoast-schema-graph\">{\"@context\":\"https:\\\/\\\/schema.org\",\"@graph\":[{\"@type\":\"WebPage\",\"@id\":\"https:\\\/\\\/bet-samuro.net\\\/es\\\/inicio-de-sesion-y-registro\\\/\",\"url\":\"https:\\\/\\\/bet-samuro.net\\\/es\\\/inicio-de-sesion-y-registro\\\/\",\"name\":\"Betsamuro Inicio de sesi\u00f3n y registro\",\"isPartOf\":{\"@id\":\"https:\\\/\\\/bet-samuro.net\\\/es\\\/#website\"},\"datePublished\":\"2026-01-20T12:11:11+00:00\",\"dateModified\":\"2026-03-16T12:55:07+00:00\",\"description\":\"Crea, gestiona y verifica tu cuenta Betsamuro sin esfuerzo. Disfruta de un registro r\u00e1pido, una recuperaci\u00f3n de cuenta sencilla y un cierre seguro con Betsamuro Login, que mantiene tu cuenta protegida las 24 horas del d\u00eda.\",\"breadcrumb\":{\"@id\":\"https:\\\/\\\/bet-samuro.net\\\/es\\\/inicio-de-sesion-y-registro\\\/#breadcrumb\"},\"inLanguage\":\"es-ES\",\"potentialAction\":[{\"@type\":\"ReadAction\",\"target\":[\"https:\\\/\\\/bet-samuro.net\\\/es\\\/inicio-de-sesion-y-registro\\\/\"]}]},{\"@type\":\"BreadcrumbList\",\"@id\":\"https:\\\/\\\/bet-samuro.net\\\/es\\\/inicio-de-sesion-y-registro\\\/#breadcrumb\",\"itemListElement\":[{\"@type\":\"ListItem\",\"position\":1,\"name\":\"Betsamuro\",\"item\":\"https:\\\/\\\/bet-samuro.net\\\/es\\\/\"},{\"@type\":\"ListItem\",\"position\":2,\"name\":\"Inicio de sesi\u00f3n y Registro\"}]},{\"@type\":\"WebSite\",\"@id\":\"https:\\\/\\\/bet-samuro.net\\\/es\\\/#website\",\"url\":\"https:\\\/\\\/bet-samuro.net\\\/es\\\/\",\"name\":\"Betsamuro\",\"description\":\"\",\"publisher\":{\"@id\":\"https:\\\/\\\/bet-samuro.net\\\/es\\\/#organization\"},\"potentialAction\":[{\"@type\":\"SearchAction\",\"target\":{\"@type\":\"EntryPoint\",\"urlTemplate\":\"https:\\\/\\\/bet-samuro.net\\\/es\\\/?s={search_term_string}\"},\"query-input\":{\"@type\":\"PropertyValueSpecification\",\"valueRequired\":true,\"valueName\":\"search_term_string\"}}],\"inLanguage\":\"es-ES\"},{\"@type\":\"Organization\",\"@id\":\"https:\\\/\\\/bet-samuro.net\\\/es\\\/#organization\",\"name\":\"Betsamuro\",\"url\":\"https:\\\/\\\/bet-samuro.net\\\/es\\\/\",\"logo\":{\"@type\":\"ImageObject\",\"inLanguage\":\"es-ES\",\"@id\":\"https:\\\/\\\/bet-samuro.net\\\/es\\\/#\\\/schema\\\/logo\\\/image\\\/\",\"url\":\"https:\\\/\\\/bet-samuro.net\\\/wp-content\\\/uploads\\\/2026\\\/03\\\/betsamuro-logo.svg\",\"contentUrl\":\"https:\\\/\\\/bet-samuro.net\\\/wp-content\\\/uploads\\\/2026\\\/03\\\/betsamuro-logo.svg\",\"width\":135,\"height\":26,\"caption\":\"Betsamuro\"},\"image\":{\"@id\":\"https:\\\/\\\/bet-samuro.net\\\/es\\\/#\\\/schema\\\/logo\\\/image\\\/\"}}]}<\/script>\n<!-- \/ Yoast SEO plugin. -->","yoast_head_json":{"title":"Betsamuro Inicio de sesi\u00f3n y registro","description":"Crea, gestiona y verifica tu cuenta Betsamuro sin esfuerzo. Disfruta de un registro r\u00e1pido, una recuperaci\u00f3n de cuenta sencilla y un cierre seguro con Betsamuro Login, que mantiene tu cuenta protegida las 24 horas del d\u00eda.","robots":{"index":"index","follow":"follow","max-snippet":"max-snippet:-1","max-image-preview":"max-image-preview:large","max-video-preview":"max-video-preview:-1"},"canonical":"https:\/\/bet-samuro.net\/es\/inicio-de-sesion-y-registro\/","og_locale":"es_ES","og_type":"article","og_title":"Betsamuro Inicio de sesi\u00f3n y registro","og_description":"Crea, gestiona y verifica tu cuenta Betsamuro sin esfuerzo. Disfruta de un registro r\u00e1pido, una recuperaci\u00f3n de cuenta sencilla y un cierre seguro con Betsamuro Login, que mantiene tu cuenta protegida las 24 horas del d\u00eda.","og_url":"https:\/\/bet-samuro.net\/es\/inicio-de-sesion-y-registro\/","og_site_name":"betsamuro","article_modified_time":"2026-03-16T12:55:07+00:00","twitter_card":"summary_large_image","twitter_misc":{"Est. reading time":"1 minute"},"schema":{"@context":"https:\/\/schema.org","@graph":[{"@type":"WebPage","@id":"https:\/\/bet-samuro.net\/es\/inicio-de-sesion-y-registro\/","url":"https:\/\/bet-samuro.net\/es\/inicio-de-sesion-y-registro\/","name":"Betsamuro Inicio de sesi\u00f3n y registro","isPartOf":{"@id":"https:\/\/bet-samuro.net\/es\/#website"},"datePublished":"2026-01-20T12:11:11+00:00","dateModified":"2026-03-16T12:55:07+00:00","description":"Crea, gestiona y verifica tu cuenta Betsamuro sin esfuerzo. Disfruta de un registro r\u00e1pido, una recuperaci\u00f3n de cuenta sencilla y un cierre seguro con Betsamuro Login, que mantiene tu cuenta protegida las 24 horas del d\u00eda.","breadcrumb":{"@id":"https:\/\/bet-samuro.net\/es\/inicio-de-sesion-y-registro\/#breadcrumb"},"inLanguage":"es-ES","potentialAction":[{"@type":"ReadAction","target":["https:\/\/bet-samuro.net\/es\/inicio-de-sesion-y-registro\/"]}]},{"@type":"BreadcrumbList","@id":"https:\/\/bet-samuro.net\/es\/inicio-de-sesion-y-registro\/#breadcrumb","itemListElement":[{"@type":"ListItem","position":1,"name":"Betsamuro","item":"https:\/\/bet-samuro.net\/es\/"},{"@type":"ListItem","position":2,"name":"Inicio de sesi\u00f3n y Registro"}]},{"@type":"WebSite","@id":"https:\/\/bet-samuro.net\/es\/#website","url":"https:\/\/bet-samuro.net\/es\/","name":"Betsamuro","description":"","publisher":{"@id":"https:\/\/bet-samuro.net\/es\/#organization"},"potentialAction":[{"@type":"SearchAction","target":{"@type":"EntryPoint","urlTemplate":"https:\/\/bet-samuro.net\/es\/?s={search_term_string}"},"query-input":{"@type":"PropertyValueSpecification","valueRequired":true,"valueName":"search_term_string"}}],"inLanguage":"es-ES"},{"@type":"Organization","@id":"https:\/\/bet-samuro.net\/es\/#organization","name":"Betsamuro","url":"https:\/\/bet-samuro.net\/es\/","logo":{"@type":"ImageObject","inLanguage":"es-ES","@id":"https:\/\/bet-samuro.net\/es\/#\/schema\/logo\/image\/","url":"https:\/\/bet-samuro.net\/wp-content\/uploads\/2026\/03\/betsamuro-logo.svg","contentUrl":"https:\/\/bet-samuro.net\/wp-content\/uploads\/2026\/03\/betsamuro-logo.svg","width":135,"height":26,"caption":"Betsamuro"},"image":{"@id":"https:\/\/bet-samuro.net\/es\/#\/schema\/logo\/image\/"}}]}},"_links":{"self":[{"href":"https:\/\/bet-samuro.net\/es\/wp-json\/wp\/v2\/pages\/1487","targetHints":{"allow":["GET"]}}],"collection":[{"href":"https:\/\/bet-samuro.net\/es\/wp-json\/wp\/v2\/pages"}],"about":[{"href":"https:\/\/bet-samuro.net\/es\/wp-json\/wp\/v2\/types\/page"}],"author":[{"embeddable":true,"href":"https:\/\/bet-samuro.net\/es\/wp-json\/wp\/v2\/users\/1"}],"replies":[{"embeddable":true,"href":"https:\/\/bet-samuro.net\/es\/wp-json\/wp\/v2\/comments?post=1487"}],"version-history":[{"count":3,"href":"https:\/\/bet-samuro.net\/es\/wp-json\/wp\/v2\/pages\/1487\/revisions"}],"predecessor-version":[{"id":2124,"href":"https:\/\/bet-samuro.net\/es\/wp-json\/wp\/v2\/pages\/1487\/revisions\/2124"}],"wp:attachment":[{"href":"https:\/\/bet-samuro.net\/es\/wp-json\/wp\/v2\/media?parent=1487"}],"curies":[{"name":"wp","href":"https:\/\/api.w.org\/{rel}","templated":true}]}}