{"id":1449,"date":"2026-01-20T12:08:23","date_gmt":"2026-01-20T12:08:23","guid":{"rendered":"https:\/\/bonuskongcasino.com\/app-2\/"},"modified":"2026-03-16T12:53:02","modified_gmt":"2026-03-16T12:53:02","slug":"aplicacion","status":"publish","type":"page","link":"https:\/\/bet-samuro.net\/es\/aplicacion\/","title":{"rendered":"Aplicaci\u00f3n"},"content":{"rendered":"<h1>Plataforma m\u00f3vil Betsamuro<\/h1>\n<p>Desde tu tel\u00e9fono y sin comprometer la movilidad, Betsamuro App te abre las puertas al emocionante mundo de los juegos en l\u00ednea. Esta aplicaci\u00f3n web progresiva ofrece comodidad y un rendimiento s\u00f3lido, lo que permite a los usuarios espa\u00f1oles acceder a sus juegos de casino preferidos de forma c\u00f3moda y constante: cartas, salas de casino en vivo, premios instant\u00e1neos y tragamonedas en l\u00ednea. Todos los t\u00edtulos se pueden disfrutar a trav\u00e9s de la aplicaci\u00f3n para tel\u00e9fonos inteligentes sin restricciones ni limitaciones \u00absolo para m\u00f3viles\u00bb.<\/p>\n<p>Betsamuro Casino ofrece experiencias de juego de la m\u00e1xima calidad, tanto si est\u00e1s paseando por la ciudad como si est\u00e1s relaj\u00e1ndote en casa, gracias a nuestra vers\u00e1til soluci\u00f3n m\u00f3vil, que se adapta a tu estilo de vida.<\/p>\n<div class=\"banner-wrap\" aria-label=\"Banner\"><img src=\"https:\/\/bet-samuro.net\/wp-content\/uploads\/2026\/03\/banner-desktop2x-1.webp\" class=\"w-100 d-none d-lg-block img-pc main-banner-img\" alt=\"betsamuro banner desktop\" fetchpriority=\"high\" decoding=\"async\"><img src=\"https:\/\/bet-samuro.net\/wp-content\/uploads\/2026\/03\/banner-mobile2x-1.webp\" class=\"w-100 d-none d-md-block d-lg-none main-banner-img\" alt=\"betsamuro banner mobile\" fetchpriority=\"high\" decoding=\"async\"><img src=\"https:\/\/bet-samuro.net\/wp-content\/uploads\/2026\/03\/banner-mobile2x-1.webp\" class=\"w-100 d-md-none\" alt=\"betsamuro banner mobile\" fetchpriority=\"high\" decoding=\"async\"><div class=\"banner-description\">\n<div class=\"banner-title\">Bonos de bienvenida<\/div>\n<p class=\"banner-header-title\">1500 \u20ac<\/p>\n<div class=\"banner-header-AdditionalText\">+ 250 Tiradas gratis<\/div>\n<button data-item=\"homepage_banner_link\" class=\"goto m-button m-gradient-border m-button--primary m-button--large banner-button btn-orange\">\n            <div class=\"m-button-content\">\n                <span>Reg\u00edstrate ahora<\/span>\n                <span><\/span>\n            <\/div>\n        <\/button>\n<\/div>\n<div class=\"WelcomePack\">\n<p><img loading=\"lazy\" decoding=\"async\" class=\"alignnone size-full wp-image-1867\" src=\"https:\/\/bet-samuro.net\/wp-content\/uploads\/2026\/03\/welcome-crown-1.png\" alt=\"welcome crown\" width=\"25\" height=\"26\" \/><\/p>\n<div class=\"WelcomePack-Info\">Reembolso semanal de hasta el 25 %<\/div>\n<p><img loading=\"lazy\" decoding=\"async\" class=\"alignnone size-full wp-image-1867\" src=\"https:\/\/bet-samuro.net\/wp-content\/uploads\/2026\/03\/welcome-crown-1.png\" alt=\"welcome crown\" width=\"25\" height=\"26\" \/><\/p>\n<\/div>\n<\/div>\n<h2>Usar Betsamuro en el m\u00f3vil<\/h2>\n<p>El acceso a Bet Samuro Casino desde dispositivos m\u00f3viles y la flexibilidad de la plataforma facilitan su uso a una amplia gama de usuarios y dispositivos. No tienes que renunciar a la calidad para jugar a tus juegos favoritos, ya que ambos enfoques funcionan muy bien para mantener un alto rendimiento, seguridad y facilidad de uso.<\/p>\n<p>Hay buenas razones para cambiar de tu ordenador a la aplicaci\u00f3n Betsamuro:<\/p>\n<ul>\n<li>Una experiencia de juego fluida significa poder jugar a tus juegos favoritos sobre la marcha en una plataforma m\u00f3vil que se carga r\u00e1pidamente y responde de inmediato, manteniendo el juego en marcha.<\/li>\n<li>Los jugadores pueden orientarse f\u00e1cilmente gracias a un dise\u00f1o de interfaz intuitivo, independientemente de sus conocimientos tecnol\u00f3gicos.<\/li>\n<li>Puedes utilizar la aplicaci\u00f3n para iniciar sesi\u00f3n y jugar cuando quieras.<\/li>\n<li>Betsamuro Casino cuenta con un sistema de seguridad que protege todas las transacciones y la informaci\u00f3n personal, para que puedas jugar sin preocupaciones.<\/li>\n<li>Su compatibilidad universal funciona tanto con iOS como con Android, por lo que es compatible con casi todos los tel\u00e9fonos y tabletas que hay actualmente en el mercado.<\/li>\n<\/ul>\n<p><div class=\"scrollable-content-wrap my-5\"><div class=\"scrollable-content-inner\"><h2>Aplicaci\u00f3n m\u00f3vil Betsamuro para Android<\/h2>\n<p>Los usuarios de Android pueden descargar la aplicaci\u00f3n Betsamuro, un sofisticado software web progresivo que funciona para los jugadores de casino m\u00f3vil en todo el enorme ecosistema Android. Es muy f\u00e1cil, solo tienes que pulsar \u00abA\u00f1adir a la pantalla de inicio\u00bb y colocar el icono donde quieras.<\/p>\n<p>La amplia cobertura significa que todos los tel\u00e9fonos y tabletas Android, independientemente de qui\u00e9n los haya fabricado o cu\u00e1nto cuesten, tendr\u00e1n conexiones s\u00f3lidas y buenas im\u00e1genes. La velocidad de instalaci\u00f3n sigue siendo r\u00e1pida. Entre bastidores, las actualizaciones se realizan autom\u00e1ticamente. Los jugadores nunca se pierden un parche o una nueva funci\u00f3n.<\/p>\n<p>El dise\u00f1o es f\u00e1cil de usar, por lo que puedes pasar r\u00e1pidamente de un g\u00e9nero de juego a otro, de ofertas especiales a la administraci\u00f3n de la cuenta sin perderte en los men\u00fas. En general, la PWA ofrece a los jugadores experiencias de juego realmente divertidas. Dado que el m\u00e9todo PWA funciona mejor, ya no hay archivos APK de Betsamuro.<\/p>\n<p><img loading=\"lazy\" decoding=\"async\" class=\"alignnone size-full wp-image-1933\" src=\"https:\/\/bet-samuro.net\/wp-content\/uploads\/2026\/03\/Betsamuro-Casino-for-Android.webp\" alt=\"Betsamuro Casino for Android\" width=\"1248\" height=\"536\" srcset=\"https:\/\/bet-samuro.net\/wp-content\/uploads\/2026\/03\/Betsamuro-Casino-for-Android.webp 1248w, https:\/\/bet-samuro.net\/wp-content\/uploads\/2026\/03\/Betsamuro-Casino-for-Android-300x129.webp 300w, https:\/\/bet-samuro.net\/wp-content\/uploads\/2026\/03\/Betsamuro-Casino-for-Android-1024x440.webp 1024w, https:\/\/bet-samuro.net\/wp-content\/uploads\/2026\/03\/Betsamuro-Casino-for-Android-768x330.webp 768w\" sizes=\"auto, (max-width: 1248px) 100vw, 1248px\" \/><\/p>\n<\/div><\/div><div style=\"clear: both\"><\/div><div class=\"d-flex justify-content-center\"><button data-item=\"decouvrez_link\" data-group=\"website_links\" class=\"goto fw-bold rounded-pill btn btn-orange\" aria-label=\"Descarga la aplicaci\u00f3n Betsamuro\" >Descarga la aplicaci\u00f3n Betsamuro<\/button><\/div><div class=\"scrollable-content-wrap my-5\"><div class=\"scrollable-content-inner\"><h2>Aplicaci\u00f3n m\u00f3vil Bet Samuro para iOS<\/h2>\n<p>La aplicaci\u00f3n Betsamuro Casino para iOS se ha creado exclusivamente para dispositivos Apple, de modo que los usuarios puedan disfrutar de una experiencia fluida y sencilla en todo momento. Los r\u00e1pidos tiempos de carga y la gran seguridad hacen que cada sesi\u00f3n sea segura y protegida.<\/p>\n<ol>\n<li>Coge tu iPhone y abre la aplicaci\u00f3n Atajos, que ya viene integrada en iOS.<\/li>\n<li>Busca el icono + (m\u00e1s) y pulsa sobre \u00e9l para crear un nuevo acceso directo.<\/li>\n<li>Aparecer\u00e1 el bot\u00f3n \u00abA\u00f1adir acci\u00f3n\u00bb: pulsa sobre \u00e9l y empieza a escribir \u00abBetsamuro\u00bb.<\/li>\n<li>La aplicaci\u00f3n que buscas deber\u00eda aparecer en los resultados de b\u00fasqueda, as\u00ed que selecci\u00f3nala de la lista.<\/li>\n<li>Ahora pulsa la peque\u00f1a flecha hacia abajo situada junto al nombre del acceso directo y selecciona \u00abA\u00f1adir a la pantalla de inicio\u00bb entre las opciones que aparecen.<\/li>\n<li>Aqu\u00ed es donde puedes dar rienda suelta a tu creatividad: elige una foto personalizada para tu icono si el predeterminado te parece aburrido, elige un nombre que tenga sentido para ti y, a continuaci\u00f3n, pulsa el bot\u00f3n \u00abA\u00f1adir\u00bb.<\/li>\n<\/ol>\n<p>La aplicaci\u00f3n Betsamuro se actualiza peri\u00f3dicamente. Cada actualizaci\u00f3n a\u00f1ade nuevas funciones y mejora las existentes en nuestro casino.<\/p>\n<p><img loading=\"lazy\" decoding=\"async\" class=\"alignnone size-full wp-image-1941\" src=\"https:\/\/bet-samuro.net\/wp-content\/uploads\/2026\/03\/Betsamuro-Casino-for-iOS.webp\" alt=\"Betsamuro Casino for iOS\" width=\"1248\" height=\"536\" srcset=\"https:\/\/bet-samuro.net\/wp-content\/uploads\/2026\/03\/Betsamuro-Casino-for-iOS.webp 1248w, https:\/\/bet-samuro.net\/wp-content\/uploads\/2026\/03\/Betsamuro-Casino-for-iOS-300x129.webp 300w, https:\/\/bet-samuro.net\/wp-content\/uploads\/2026\/03\/Betsamuro-Casino-for-iOS-1024x440.webp 1024w, https:\/\/bet-samuro.net\/wp-content\/uploads\/2026\/03\/Betsamuro-Casino-for-iOS-768x330.webp 768w\" sizes=\"auto, (max-width: 1248px) 100vw, 1248px\" \/><\/p>\n<\/div><\/div><div style=\"clear: both\"><\/div><div class=\"d-flex justify-content-center\"><button data-item=\"decouvrez_link\" data-group=\"website_links\" class=\"goto fw-bold rounded-pill btn btn-orange\" aria-label=\"Descarga la aplicaci\u00f3n Betsamuro\" >Descarga la aplicaci\u00f3n Betsamuro<\/button><\/div><div class=\"scrollable-content-wrap my-5\"><div class=\"scrollable-content-inner\"><h2>Aplicaciones para Windows y macOS<\/h2>\n<p>Betsamuro Casino tiene versiones de escritorio para PC con Windows y Mac, as\u00ed como versiones m\u00f3viles. Estas versiones te ofrecen una perspectiva panor\u00e1mica completa, al igual que los monitores m\u00e1s grandes. La aplicaci\u00f3n de escritorio Bet Samuro, dise\u00f1ada para pantallas m\u00e1s grandes, aprovecha las capacidades del escritorio para ofrecerte gr\u00e1ficos de alta resoluci\u00f3n y funciones adicionales. Los jugadores pueden disfrutar del juego completo en sus ordenadores de escritorio gracias a funciones como el chat en vivo, que te conecta directamente con el equipo de asistencia, y un proceso de autenticaci\u00f3n m\u00e1s r\u00e1pido.<\/p>\n<table>\n<tbody>\n<tr>\n<td>Lo que est\u00e1s haciendo<\/td>\n<td>Ordenador<\/td>\n<td>Aplicaci\u00f3n m\u00f3vil<\/td>\n<td>\u00bfCu\u00e1l gana?<\/td>\n<\/tr>\n<tr>\n<td>Sesi\u00f3n r\u00e1pida de 10 minutos<\/td>\n<td>Tienes que buscar un ordenador, abrir un navegador, escribir la URL y esperar a que se cargue completamente el sitio web para ordenador<\/td>\n<td>Toca el icono de la aplicaci\u00f3n Betsamuro, Face ID, y estar\u00e1s jugando en 3 segundos<\/td>\n<td>En este caso, el m\u00f3vil arrasa al escritorio<\/td>\n<\/tr>\n<tr>\n<td>Sesi\u00f3n de torneo seria de 3 horas<\/td>\n<td>La pantalla grande muestra todo con claridad, precisi\u00f3n del rat\u00f3n para juegos complejos, conexi\u00f3n estable<\/td>\n<td>Es funcional, pero el tel\u00e9fono se calienta mucho y los dedos se acalambran por la peque\u00f1a pantalla.<\/td>\n<td>La superioridad del ordenador es evidente en sesiones maratonianas en las que la comodidad es importante<\/td>\n<\/tr>\n<tr>\n<td>Jugar con una conexi\u00f3n wifi irregular<\/td>\n<td>Los sitios web para ordenadores de sobremesa exigen una conexi\u00f3n constante<\/td>\n<td>La aplicaci\u00f3n gestiona breves desconexiones<\/td>\n<td>El m\u00f3vil te salva en trenes y aviones.<\/td>\n<\/tr>\n<\/tbody>\n<\/table>\n<p>Las ventajas de la aplicaci\u00f3n Betsamuro como PWA son evidentes: actualizaciones autom\u00e1ticas, requisitos de almacenamiento insignificantes, acceso instant\u00e1neo sin la burocracia del mercado y experiencias consistentes en todos los dispositivos que utilices.<\/p>\n<p><img loading=\"lazy\" decoding=\"async\" class=\"alignnone size-full wp-image-1925\" src=\"https:\/\/bet-samuro.net\/wp-content\/uploads\/2026\/03\/Betsamuro-Application-for-PC.webp\" alt=\"Betsamuro Application for PC\" width=\"1248\" height=\"536\" srcset=\"https:\/\/bet-samuro.net\/wp-content\/uploads\/2026\/03\/Betsamuro-Application-for-PC.webp 1248w, https:\/\/bet-samuro.net\/wp-content\/uploads\/2026\/03\/Betsamuro-Application-for-PC-300x129.webp 300w, https:\/\/bet-samuro.net\/wp-content\/uploads\/2026\/03\/Betsamuro-Application-for-PC-1024x440.webp 1024w, https:\/\/bet-samuro.net\/wp-content\/uploads\/2026\/03\/Betsamuro-Application-for-PC-768x330.webp 768w\" sizes=\"auto, (max-width: 1248px) 100vw, 1248px\" \/><\/p>\n<\/div><\/div><div style=\"clear: both\"><\/div><div class=\"d-flex justify-content-center\"><button data-item=\"decouvrez_link\" data-group=\"website_links\" class=\"goto fw-bold rounded-pill btn btn-orange\" aria-label=\"Descarga la aplicaci\u00f3n Betsamuro\" >Descarga la aplicaci\u00f3n Betsamuro<\/button><\/div><div class=\"scrollable-content-wrap my-5\"><div class=\"scrollable-content-inner\"><h2>Preguntas frecuentes<\/h2>\n<h3>\u00bfEs necesario crear una cuenta para utilizar la aplicaci\u00f3n Bet Samuro?<\/h3>\n<p>Para sacar el m\u00e1ximo partido a la aplicaci\u00f3n Betsamuro Casino, primero debes registrarte y crear una cuenta. Sin una cuenta, solo podr\u00e1s acceder a los juegos de demostraci\u00f3n, lo que probablemente no sea el motivo por el que est\u00e1s aqu\u00ed. El registro te permite realizar dep\u00f3sitos con tus propios fondos, participar en promociones y reclamar bonificaciones. Tambi\u00e9n garantiza un alto nivel de seguridad y el cumplimiento de la legislaci\u00f3n mediante el proceso de verificaci\u00f3n. Configurar todo correctamente solo te llevar\u00e1 unos minutos.<\/p>\n<h3>\u00bfLa aplicaci\u00f3n ofrece atenci\u00f3n al cliente?<\/h3>\n<p>La aplicaci\u00f3n Betsamuro te conecta directamente con el equipo de atenci\u00f3n al cliente a trav\u00e9s del chat en vivo y el correo electr\u00f3nico. Profesionales inteligentes se encargan de los problemas t\u00e9cnicos, las preguntas sobre la verificaci\u00f3n de cuentas y otras consultas que surjan durante tu experiencia de juego. Contar con una excelente atenci\u00f3n al cliente significa disfrutar de tu tiempo en Betsamuro Casino.<\/p>\n<h3>\u00bfC\u00f3mo puedo actualizar la aplicaci\u00f3n Bet Samuro?<\/h3>\n<p>No tienes que preocuparte por los n\u00fameros de versi\u00f3n ni por instalar actualizaciones manualmente, ya que se realizan de forma autom\u00e1tica. Cuando utilizas una aplicaci\u00f3n web progresiva, puedes mantenerte al d\u00eda con la \u00faltima versi\u00f3n actualizando tu navegador o vaciando la cach\u00e9. El escritorio funciona de la misma manera, por lo que no tienes que perder tiempo en actualizaciones manuales.<\/p>\n<\/div><\/div><\/p>\n","protected":false},"excerpt":{"rendered":"<p>Plataforma m\u00f3vil Betsamuro Desde tu tel\u00e9fono y sin comprometer la movilidad, Betsamuro App te abre las puertas al emocionante mundo de los juegos en l\u00ednea. Esta aplicaci\u00f3n web progresiva ofrece comodidad y un rendimiento s\u00f3lido, lo que permite a los usuarios espa\u00f1oles acceder a sus juegos de casino preferidos de forma c\u00f3moda y constante: cartas, [&hellip;]<\/p>\n","protected":false},"author":1,"featured_media":0,"parent":0,"menu_order":0,"comment_status":"closed","ping_status":"closed","template":"template-builder.php","meta":{"_acf_changed":false,"inline_featured_image":false,"footnotes":""},"class_list":["post-1449","page","type-page","status-publish","hentry"],"acf":[],"yoast_head":"<!-- This site is optimized with the Yoast SEO plugin v27.3 - https:\/\/yoast.com\/product\/yoast-seo-wordpress\/ -->\n<title>Betsamuro App | Plataformas iOS y Android<\/title>\n<meta name=\"description\" content=\"La aplicaci\u00f3n Betsamuro ofrece una experiencia de juego fluida en Android, iOS, Windows y macOS, con cuentas sincronizadas, actualizaciones peri\u00f3dicas y asistencia al cliente integrada para una experiencia sin complicaciones.\" \/>\n<meta name=\"robots\" content=\"index, follow, max-snippet:-1, max-image-preview:large, max-video-preview:-1\" \/>\n<link rel=\"canonical\" href=\"https:\/\/bet-samuro.net\/es\/aplicacion\/\" \/>\n<meta property=\"og:locale\" content=\"es_ES\" \/>\n<meta property=\"og:type\" content=\"article\" \/>\n<meta property=\"og:title\" content=\"Betsamuro App | Plataformas iOS y Android\" \/>\n<meta property=\"og:description\" content=\"La aplicaci\u00f3n Betsamuro ofrece una experiencia de juego fluida en Android, iOS, Windows y macOS, con cuentas sincronizadas, actualizaciones peri\u00f3dicas y asistencia al cliente integrada para una experiencia sin complicaciones.\" \/>\n<meta property=\"og:url\" content=\"https:\/\/bet-samuro.net\/es\/aplicacion\/\" \/>\n<meta property=\"og:site_name\" content=\"betsamuro\" \/>\n<meta property=\"article:modified_time\" content=\"2026-03-16T12:53:02+00:00\" \/>\n<meta name=\"twitter:card\" content=\"summary_large_image\" \/>\n<meta name=\"twitter:label1\" content=\"Est. reading time\" \/>\n\t<meta name=\"twitter:data1\" content=\"2 minutes\" \/>\n<script type=\"application\/ld+json\" class=\"yoast-schema-graph\">{\"@context\":\"https:\\\/\\\/schema.org\",\"@graph\":[{\"@type\":\"WebPage\",\"@id\":\"https:\\\/\\\/bet-samuro.net\\\/es\\\/aplicacion\\\/\",\"url\":\"https:\\\/\\\/bet-samuro.net\\\/es\\\/aplicacion\\\/\",\"name\":\"Betsamuro App | Plataformas iOS y Android\",\"isPartOf\":{\"@id\":\"https:\\\/\\\/bet-samuro.net\\\/es\\\/#website\"},\"datePublished\":\"2026-01-20T12:08:23+00:00\",\"dateModified\":\"2026-03-16T12:53:02+00:00\",\"description\":\"La aplicaci\u00f3n Betsamuro ofrece una experiencia de juego fluida en Android, iOS, Windows y macOS, con cuentas sincronizadas, actualizaciones peri\u00f3dicas y asistencia al cliente integrada para una experiencia sin complicaciones.\",\"breadcrumb\":{\"@id\":\"https:\\\/\\\/bet-samuro.net\\\/es\\\/aplicacion\\\/#breadcrumb\"},\"inLanguage\":\"es-ES\",\"potentialAction\":[{\"@type\":\"ReadAction\",\"target\":[\"https:\\\/\\\/bet-samuro.net\\\/es\\\/aplicacion\\\/\"]}]},{\"@type\":\"BreadcrumbList\",\"@id\":\"https:\\\/\\\/bet-samuro.net\\\/es\\\/aplicacion\\\/#breadcrumb\",\"itemListElement\":[{\"@type\":\"ListItem\",\"position\":1,\"name\":\"Betsamuro\",\"item\":\"https:\\\/\\\/bet-samuro.net\\\/es\\\/\"},{\"@type\":\"ListItem\",\"position\":2,\"name\":\"Aplicaci\u00f3n\"}]},{\"@type\":\"WebSite\",\"@id\":\"https:\\\/\\\/bet-samuro.net\\\/es\\\/#website\",\"url\":\"https:\\\/\\\/bet-samuro.net\\\/es\\\/\",\"name\":\"Betsamuro\",\"description\":\"\",\"publisher\":{\"@id\":\"https:\\\/\\\/bet-samuro.net\\\/es\\\/#organization\"},\"potentialAction\":[{\"@type\":\"SearchAction\",\"target\":{\"@type\":\"EntryPoint\",\"urlTemplate\":\"https:\\\/\\\/bet-samuro.net\\\/es\\\/?s={search_term_string}\"},\"query-input\":{\"@type\":\"PropertyValueSpecification\",\"valueRequired\":true,\"valueName\":\"search_term_string\"}}],\"inLanguage\":\"es-ES\"},{\"@type\":\"Organization\",\"@id\":\"https:\\\/\\\/bet-samuro.net\\\/es\\\/#organization\",\"name\":\"Betsamuro\",\"url\":\"https:\\\/\\\/bet-samuro.net\\\/es\\\/\",\"logo\":{\"@type\":\"ImageObject\",\"inLanguage\":\"es-ES\",\"@id\":\"https:\\\/\\\/bet-samuro.net\\\/es\\\/#\\\/schema\\\/logo\\\/image\\\/\",\"url\":\"https:\\\/\\\/bet-samuro.net\\\/wp-content\\\/uploads\\\/2026\\\/03\\\/betsamuro-logo.svg\",\"contentUrl\":\"https:\\\/\\\/bet-samuro.net\\\/wp-content\\\/uploads\\\/2026\\\/03\\\/betsamuro-logo.svg\",\"width\":135,\"height\":26,\"caption\":\"Betsamuro\"},\"image\":{\"@id\":\"https:\\\/\\\/bet-samuro.net\\\/es\\\/#\\\/schema\\\/logo\\\/image\\\/\"}}]}<\/script>\n<!-- \/ Yoast SEO plugin. -->","yoast_head_json":{"title":"Betsamuro App | Plataformas iOS y Android","description":"La aplicaci\u00f3n Betsamuro ofrece una experiencia de juego fluida en Android, iOS, Windows y macOS, con cuentas sincronizadas, actualizaciones peri\u00f3dicas y asistencia al cliente integrada para una experiencia sin complicaciones.","robots":{"index":"index","follow":"follow","max-snippet":"max-snippet:-1","max-image-preview":"max-image-preview:large","max-video-preview":"max-video-preview:-1"},"canonical":"https:\/\/bet-samuro.net\/es\/aplicacion\/","og_locale":"es_ES","og_type":"article","og_title":"Betsamuro App | Plataformas iOS y Android","og_description":"La aplicaci\u00f3n Betsamuro ofrece una experiencia de juego fluida en Android, iOS, Windows y macOS, con cuentas sincronizadas, actualizaciones peri\u00f3dicas y asistencia al cliente integrada para una experiencia sin complicaciones.","og_url":"https:\/\/bet-samuro.net\/es\/aplicacion\/","og_site_name":"betsamuro","article_modified_time":"2026-03-16T12:53:02+00:00","twitter_card":"summary_large_image","twitter_misc":{"Est. reading time":"2 minutes"},"schema":{"@context":"https:\/\/schema.org","@graph":[{"@type":"WebPage","@id":"https:\/\/bet-samuro.net\/es\/aplicacion\/","url":"https:\/\/bet-samuro.net\/es\/aplicacion\/","name":"Betsamuro App | Plataformas iOS y Android","isPartOf":{"@id":"https:\/\/bet-samuro.net\/es\/#website"},"datePublished":"2026-01-20T12:08:23+00:00","dateModified":"2026-03-16T12:53:02+00:00","description":"La aplicaci\u00f3n Betsamuro ofrece una experiencia de juego fluida en Android, iOS, Windows y macOS, con cuentas sincronizadas, actualizaciones peri\u00f3dicas y asistencia al cliente integrada para una experiencia sin complicaciones.","breadcrumb":{"@id":"https:\/\/bet-samuro.net\/es\/aplicacion\/#breadcrumb"},"inLanguage":"es-ES","potentialAction":[{"@type":"ReadAction","target":["https:\/\/bet-samuro.net\/es\/aplicacion\/"]}]},{"@type":"BreadcrumbList","@id":"https:\/\/bet-samuro.net\/es\/aplicacion\/#breadcrumb","itemListElement":[{"@type":"ListItem","position":1,"name":"Betsamuro","item":"https:\/\/bet-samuro.net\/es\/"},{"@type":"ListItem","position":2,"name":"Aplicaci\u00f3n"}]},{"@type":"WebSite","@id":"https:\/\/bet-samuro.net\/es\/#website","url":"https:\/\/bet-samuro.net\/es\/","name":"Betsamuro","description":"","publisher":{"@id":"https:\/\/bet-samuro.net\/es\/#organization"},"potentialAction":[{"@type":"SearchAction","target":{"@type":"EntryPoint","urlTemplate":"https:\/\/bet-samuro.net\/es\/?s={search_term_string}"},"query-input":{"@type":"PropertyValueSpecification","valueRequired":true,"valueName":"search_term_string"}}],"inLanguage":"es-ES"},{"@type":"Organization","@id":"https:\/\/bet-samuro.net\/es\/#organization","name":"Betsamuro","url":"https:\/\/bet-samuro.net\/es\/","logo":{"@type":"ImageObject","inLanguage":"es-ES","@id":"https:\/\/bet-samuro.net\/es\/#\/schema\/logo\/image\/","url":"https:\/\/bet-samuro.net\/wp-content\/uploads\/2026\/03\/betsamuro-logo.svg","contentUrl":"https:\/\/bet-samuro.net\/wp-content\/uploads\/2026\/03\/betsamuro-logo.svg","width":135,"height":26,"caption":"Betsamuro"},"image":{"@id":"https:\/\/bet-samuro.net\/es\/#\/schema\/logo\/image\/"}}]}},"_links":{"self":[{"href":"https:\/\/bet-samuro.net\/es\/wp-json\/wp\/v2\/pages\/1449","targetHints":{"allow":["GET"]}}],"collection":[{"href":"https:\/\/bet-samuro.net\/es\/wp-json\/wp\/v2\/pages"}],"about":[{"href":"https:\/\/bet-samuro.net\/es\/wp-json\/wp\/v2\/types\/page"}],"author":[{"embeddable":true,"href":"https:\/\/bet-samuro.net\/es\/wp-json\/wp\/v2\/users\/1"}],"replies":[{"embeddable":true,"href":"https:\/\/bet-samuro.net\/es\/wp-json\/wp\/v2\/comments?post=1449"}],"version-history":[{"count":4,"href":"https:\/\/bet-samuro.net\/es\/wp-json\/wp\/v2\/pages\/1449\/revisions"}],"predecessor-version":[{"id":2122,"href":"https:\/\/bet-samuro.net\/es\/wp-json\/wp\/v2\/pages\/1449\/revisions\/2122"}],"wp:attachment":[{"href":"https:\/\/bet-samuro.net\/es\/wp-json\/wp\/v2\/media?parent=1449"}],"curies":[{"name":"wp","href":"https:\/\/api.w.org\/{rel}","templated":true}]}}