{"id":1442,"date":"2026-01-20T12:08:23","date_gmt":"2026-01-20T12:08:23","guid":{"rendered":"https:\/\/bonuskongcasino.com\/app-2\/"},"modified":"2026-03-16T11:36:45","modified_gmt":"2026-03-16T11:36:45","slug":"app","status":"publish","type":"page","link":"https:\/\/bet-samuro.net\/de\/app\/","title":{"rendered":"App"},"content":{"rendered":"<h1>Betsamuro Mobile Plattform<\/h1>\n<p>Die Betsamuro App \u00f6ffnet Ihnen von Ihrem Smartphone aus ohne Einschr\u00e4nkungen die T\u00fcren zur spannenden Welt des Online-Gl\u00fccksspiels. Diese progressive Webanwendung bietet Komfort und solide Leistung und erm\u00f6glicht es den Nutzern, bequem und konsistent auf ihre bevorzugten Casinospiele zuzugreifen \u2013 Karten, Live-Casino-R\u00e4ume, Sofortgewinne und Online-Slots. Alle Titel k\u00f6nnen \u00fcber die Smartphone-App ohne Einschr\u00e4nkungen oder \u201enur f\u00fcr Mobilger\u00e4te\u201c geltende Beschr\u00e4nkungen genutzt werden.<\/p>\n<p>Betsamuro Casino bietet Ihnen ein Spielerlebnis von h\u00f6chster Qualit\u00e4t, egal ob Sie in der Stadt unterwegs sind oder zu Hause entspannen, dank unserer vielseitigen mobilen L\u00f6sung, die sich Ihrem Lebensstil anpasst.<\/p>\n<div class=\"banner-wrap\" aria-label=\"Banner\"><img src=\"https:\/\/bet-samuro.net\/wp-content\/uploads\/2026\/03\/banner-desktop2x-1.webp\" class=\"w-100 d-none d-lg-block img-pc main-banner-img\" alt=\"betsamuro banner desktop\" fetchpriority=\"high\" decoding=\"async\"><img src=\"https:\/\/bet-samuro.net\/wp-content\/uploads\/2026\/03\/banner-mobile2x-1.webp\" class=\"w-100 d-none d-md-block d-lg-none main-banner-img\" alt=\"betsamuro banner mobile\" fetchpriority=\"high\" decoding=\"async\"><img src=\"https:\/\/bet-samuro.net\/wp-content\/uploads\/2026\/03\/banner-mobile2x-1.webp\" class=\"w-100 d-md-none\" alt=\"betsamuro banner mobile\" fetchpriority=\"high\" decoding=\"async\"><div class=\"banner-description\">\n<div class=\"banner-title\">Willkommensboni<\/div>\n<p class=\"banner-header-title\">1500 \u20ac<\/p>\n<div class=\"banner-header-AdditionalText\">+ 250 Freispiele<\/div>\n<button data-item=\"homepage_banner_link\" class=\"goto m-button m-gradient-border m-button--primary m-button--large banner-button btn-orange\">\n            <div class=\"m-button-content\">\n                <span>Jetzt anmelden<\/span>\n                <span><\/span>\n            <\/div>\n        <\/button>\n<\/div>\n<div class=\"WelcomePack\">\n<p><img loading=\"lazy\" decoding=\"async\" class=\"alignnone size-full wp-image-1863\" src=\"https:\/\/bet-samuro.net\/wp-content\/uploads\/2026\/03\/welcome-crown-1.png\" alt=\"welcome crown\" width=\"25\" height=\"26\" \/><\/p>\n<div class=\"WelcomePack-Info\">W\u00f6chentlicher Cashback von bis zu 25 %<\/div>\n<p><img loading=\"lazy\" decoding=\"async\" class=\"alignnone size-full wp-image-1863\" src=\"https:\/\/bet-samuro.net\/wp-content\/uploads\/2026\/03\/welcome-crown-1.png\" alt=\"welcome crown\" width=\"25\" height=\"26\" \/><\/p>\n<\/div>\n<\/div>\n<h2>Verwendung von Betsamuro auf Mobilger\u00e4ten<\/h2>\n<p>Der Zugriff auf das Bet Samuro Casino \u00fcber mobile Ger\u00e4te und die Flexibilit\u00e4t der Plattform machen es f\u00fcr eine Vielzahl von Nutzern und Ger\u00e4ten einfach, es zu verwenden. Sie m\u00fcssen nicht auf Qualit\u00e4t verzichten, um Ihre Lieblingsspiele zu spielen, da beide Ans\u00e4tze sehr gut funktionieren, um hohe Leistung, Sicherheit und Benutzerfreundlichkeit zu gew\u00e4hrleisten.<\/p>\n<p>Es gibt gute Gr\u00fcnde, von Ihrem Computer auf die Betsamuro App umzusteigen:<\/p>\n<ul>\n<li>Reibungsloses Spielen bedeutet, dass Sie Ihre Lieblingsspiele unterwegs auf einer mobilen Plattform spielen k\u00f6nnen, die schnell l\u00e4dt und sofort reagiert, sodass das Spiel ohne Unterbrechungen weiterl\u00e4uft.<\/li>\n<li>Dank eines intuitiven Interface-Designs finden sich Spieler leicht zurecht, unabh\u00e4ngig davon, wie technisch versiert sie sind.<\/li>\n<li>Sie k\u00f6nnen sich mit der App jederzeit einloggen und spielen, wann immer Sie m\u00f6chten.<\/li>\n<li>Betsamuro Casino verf\u00fcgt \u00fcber Sicherheitsvorkehrungen, die alle Transaktionen und pers\u00f6nlichen Daten sch\u00fctzen, sodass Sie ohne Bedenken spielen k\u00f6nnen.<\/li>\n<li>Die universelle Kompatibilit\u00e4t funktioniert sowohl mit iOS als auch mit Android und somit mit fast allen derzeit auf dem Markt erh\u00e4ltlichen Smartphones und Tablets.<\/li>\n<\/ul>\n<p><div class=\"scrollable-content-wrap my-5\"><div class=\"scrollable-content-inner\"><h2>Betsamuro Android Mobile App<\/h2>\n<p>Android-Nutzer k\u00f6nnen die Betsamuro App herunterladen, eine ausgekl\u00fcgelte progressive Web-Software, die f\u00fcr mobile Casino-Spieler im gesamten riesigen Android-\u00d6kosystem funktioniert. Es ist ganz einfach: Sie m\u00fcssen nur auf \u201eZum Startbildschirm hinzuf\u00fcgen\u201c tippen und das Symbol an einer beliebigen Stelle platzieren.<\/p>\n<p>Die breite Spektrumabdeckung bedeutet, dass alle Android-Smartphones und -Tablets, unabh\u00e4ngig vom Hersteller oder Preis, \u00fcber eine stabile Verbindung und eine gute Grafik verf\u00fcgen. Die Installation erfolgt schnell. Im Hintergrund werden Upgrades automatisch durchgef\u00fchrt. Spieler verpassen nie einen Patch oder eine neue Funktion.<\/p>\n<p>Das Design ist benutzerfreundlich, sodass Sie schnell zwischen Spielgenres, Sonderangeboten und der Kontoverwaltung wechseln k\u00f6nnen, ohne sich in Men\u00fcs zu verlieren. Insgesamt bietet die PWA den Spielern ein wirklich unterhaltsames Spielerlebnis. Da die PWA-Methode besser funktioniert, gibt es keine Betsamuro-APK-Dateien mehr.<\/p>\n<p><img loading=\"lazy\" decoding=\"async\" class=\"alignnone size-full wp-image-1929\" src=\"https:\/\/bet-samuro.net\/wp-content\/uploads\/2026\/03\/Betsamuro-Casino-for-Android.webp\" alt=\"Betsamuro Casino for Android\" width=\"1248\" height=\"536\" srcset=\"https:\/\/bet-samuro.net\/wp-content\/uploads\/2026\/03\/Betsamuro-Casino-for-Android.webp 1248w, https:\/\/bet-samuro.net\/wp-content\/uploads\/2026\/03\/Betsamuro-Casino-for-Android-300x129.webp 300w, https:\/\/bet-samuro.net\/wp-content\/uploads\/2026\/03\/Betsamuro-Casino-for-Android-1024x440.webp 1024w, https:\/\/bet-samuro.net\/wp-content\/uploads\/2026\/03\/Betsamuro-Casino-for-Android-768x330.webp 768w\" sizes=\"auto, (max-width: 1248px) 100vw, 1248px\" \/><\/p>\n<\/div><\/div><div style=\"clear: both\"><\/div><div class=\"d-flex justify-content-center\"><button data-item=\"decouvrez_link\" data-group=\"website_links\" class=\"goto fw-bold rounded-pill btn btn-orange\" aria-label=\"Laden Sie die Betsamuro-App herunter\" >Laden Sie die Betsamuro-App herunter<\/button><\/div><div class=\"scrollable-content-wrap my-5\"><div class=\"scrollable-content-inner\"><h2>Bet Samuro iOS Mobile App<\/h2>\n<p>Die Betsamuro Casino App f\u00fcr iOS wurde speziell f\u00fcr Apple-Ger\u00e4te entwickelt, damit Benutzer jederzeit nahtlose und einfache Erfahrungen machen k\u00f6nnen. Schnelle Ladezeiten und starke Sicherheit machen jede Sitzung sicher und gesch\u00fctzt.<\/p>\n<ol>\n<li>Nehmen Sie Ihr iPhone zur Hand und starten Sie die bereits in iOS integrierte Shortcuts-App.<\/li>\n<li>Suchen Sie nach dem + (Plus)-Symbol und tippen Sie darauf, um eine neue Verkn\u00fcpfung zu erstellen.<\/li>\n<li>Die Schaltfl\u00e4che \u201eAktion hinzuf\u00fcgen\u201c wird angezeigt \u2013 tippen Sie darauf und beginnen Sie dann mit der Eingabe von \u201eBetsamuro\u201c.<\/li>\n<li>Die gew\u00fcnschte App sollte in den Suchergebnissen unten angezeigt werden. W\u00e4hlen Sie sie aus der Liste aus.<\/li>\n<li>Tippen Sie nun auf den kleinen Abw\u00e4rtspfeil neben dem Namen der Verkn\u00fcpfung und w\u00e4hlen Sie \u201eZum Startbildschirm hinzuf\u00fcgen\u201c aus den angezeigten Optionen.<\/li>\n<li>Hier k\u00f6nnen Sie kreativ werden: W\u00e4hlen Sie ein benutzerdefiniertes Foto f\u00fcr Ihr Symbol, wenn Ihnen das Standardfoto zu langweilig ist, w\u00e4hlen Sie einen Namen, der f\u00fcr Sie Sinn ergibt, und tippen Sie dann auf die Schaltfl\u00e4che \u201eHinzuf\u00fcgen\u201c.<\/li>\n<\/ol>\n<p>Die Betsamuro App wird regelm\u00e4\u00dfig aktualisiert. Mit jedem Update werden neue Funktionen hinzugef\u00fcgt und bestehende Funktionen in unserem Casino verbessert.<\/p>\n<p><img loading=\"lazy\" decoding=\"async\" class=\"alignnone size-full wp-image-1937\" src=\"https:\/\/bet-samuro.net\/wp-content\/uploads\/2026\/03\/Betsamuro-Casino-for-iOS.webp\" alt=\"Betsamuro Casino for iOS\" width=\"1248\" height=\"536\" srcset=\"https:\/\/bet-samuro.net\/wp-content\/uploads\/2026\/03\/Betsamuro-Casino-for-iOS.webp 1248w, https:\/\/bet-samuro.net\/wp-content\/uploads\/2026\/03\/Betsamuro-Casino-for-iOS-300x129.webp 300w, https:\/\/bet-samuro.net\/wp-content\/uploads\/2026\/03\/Betsamuro-Casino-for-iOS-1024x440.webp 1024w, https:\/\/bet-samuro.net\/wp-content\/uploads\/2026\/03\/Betsamuro-Casino-for-iOS-768x330.webp 768w\" sizes=\"auto, (max-width: 1248px) 100vw, 1248px\" \/><\/p>\n<\/div><\/div><div style=\"clear: both\"><\/div><div class=\"d-flex justify-content-center\"><button data-item=\"decouvrez_link\" data-group=\"website_links\" class=\"goto fw-bold rounded-pill btn btn-orange\" aria-label=\"Laden Sie die Betsamuro-App herunter\" >Laden Sie die Betsamuro-App herunter<\/button><\/div><div class=\"scrollable-content-wrap my-5\"><div class=\"scrollable-content-inner\"><h2>Windows- und macOS-Anwendungen<\/h2>\n<p>Betsamuro Casino bietet Desktop-Versionen f\u00fcr Windows- und Mac-PCs sowie mobile Versionen. Diese Versionen bieten Ihnen eine vollst\u00e4ndige Panorama-Perspektive, wie es bei gr\u00f6\u00dferen Monitoren der Fall ist. Die Desktop App von Bet Samuro, die f\u00fcr gr\u00f6\u00dfere Bildschirme entwickelt wurde, nutzt die Desktop-Funktionen, um Ihnen hochaufl\u00f6sende Grafiken und zus\u00e4tzliche Funktionen zu bieten. Dank Funktionen wie dem Live-Chat, \u00fcber den Sie direkt mit dem Support-Team verbunden werden, und einem schnelleren Authentifizierungsprozess k\u00f6nnen Spieler das komplette Spiel auf ihren Desktop-Computern erleben.<\/p>\n<table>\n<tbody>\n<tr>\n<td>Was Sie tun<\/td>\n<td>Desktop<\/td>\n<td>Mobile App<\/td>\n<td>Was gewinnt<\/td>\n<\/tr>\n<tr>\n<td>Schnelle 10-min\u00fctige Sitzung<\/td>\n<td>Sie m\u00fcssen einen Computer finden, einen Browser \u00f6ffnen, die URL eingeben und warten, bis die Desktop-Website vollst\u00e4ndig geladen ist<\/td>\n<td>Tippen Sie auf das Betsamuro App Symbol, Face ID, und schon k\u00f6nnen Sie in 3 Sekunden spielen<\/td>\n<td>Hier schl\u00e4gt das Handy den Desktop um L\u00e4ngen<\/td>\n<\/tr>\n<tr>\n<td>Ernsthafte 3-st\u00fcndige Turniersitzung<\/td>\n<td>Der gro\u00dfe Bildschirm zeigt alles klar und deutlich, die Maus ist pr\u00e4zise f\u00fcr komplexe Spiele, die Verbindung ist stabil<\/td>\n<td>Es ist funktional, aber Ihr Telefon wird sehr hei\u00df und Ihre Finger verkrampfen sich aufgrund des kleinen Bildschirms<\/td>\n<td>Die \u00dcberlegenheit des Desktops ist offensichtlich bei Marathon-Sessions, bei denen Komfort wichtig ist<\/td>\n<\/tr>\n<tr>\n<td>Spielen mit unzuverl\u00e4ssigem WLAN<\/td>\n<td>Desktop-Websites erfordern eine stabile Verbindung<\/td>\n<td>Die App kommt mit kurzen Verbindungsunterbrechungen zurecht<\/td>\n<td>Mit dem Handy sparen Sie Zeit in Z\u00fcgen und Flugzeugen<\/td>\n<\/tr>\n<\/tbody>\n<\/table>\n<p>Die Vorteile der Betsamuro App als PWA liegen auf der Hand: automatische Updates, geringer Speicherbedarf, sofortiger Zugriff ohne Marktplatz-B\u00fcrokratie und konsistente Erfahrungen auf allen von Ihnen verwendeten Ger\u00e4ten.<\/p>\n<p><img loading=\"lazy\" decoding=\"async\" class=\"alignnone size-full wp-image-1921\" src=\"https:\/\/bet-samuro.net\/wp-content\/uploads\/2026\/03\/Betsamuro-Application-for-PC.webp\" alt=\"Betsamuro Application for PC\" width=\"1248\" height=\"536\" srcset=\"https:\/\/bet-samuro.net\/wp-content\/uploads\/2026\/03\/Betsamuro-Application-for-PC.webp 1248w, https:\/\/bet-samuro.net\/wp-content\/uploads\/2026\/03\/Betsamuro-Application-for-PC-300x129.webp 300w, https:\/\/bet-samuro.net\/wp-content\/uploads\/2026\/03\/Betsamuro-Application-for-PC-1024x440.webp 1024w, https:\/\/bet-samuro.net\/wp-content\/uploads\/2026\/03\/Betsamuro-Application-for-PC-768x330.webp 768w\" sizes=\"auto, (max-width: 1248px) 100vw, 1248px\" \/><\/p>\n<\/div><\/div><div style=\"clear: both\"><\/div><div class=\"d-flex justify-content-center\"><button data-item=\"decouvrez_link\" data-group=\"website_links\" class=\"goto fw-bold rounded-pill btn btn-orange\" aria-label=\"Laden Sie die Betsamuro-App herunter\" >Laden Sie die Betsamuro-App herunter<\/button><\/div><div class=\"scrollable-content-wrap my-5\"><div class=\"scrollable-content-inner\"><h2>FAQ<\/h2>\n<h3>Muss ich ein Konto erstellen, um die Bet Samuro App nutzen zu k\u00f6nnen?<\/h3>\n<p>Um die Betsamuro Casino App optimal nutzen zu k\u00f6nnen, m\u00fcssen Sie zun\u00e4chst ein Konto registrieren. Ohne Konto k\u00f6nnen Sie nur auf Demospiele zugreifen, was wahrscheinlich nicht der Grund ist, warum Sie hier sind. Durch die Registrierung k\u00f6nnen Sie Einzahlungen mit Ihrem eigenen Geld vornehmen, an Werbeaktionen teilnehmen und Boni beanspruchen. Au\u00dferdem wird durch den Verifizierungsprozess ein hohes Ma\u00df an Sicherheit und die Einhaltung gesetzlicher Vorschriften gew\u00e4hrleistet. Die Einrichtung dauert nur wenige Minuten.<\/p>\n<h3>Bietet die App Kundensupport?<\/h3>\n<p>Die Betsamuro App verbindet Sie \u00fcber Live-Chat und E-Mail direkt mit dem Support-Team. Kompetente Fachleute k\u00fcmmern sich um technische Probleme, Fragen zur Kontoverifizierung und andere Anfragen, die w\u00e4hrend Ihres Spielerlebnisses auftreten k\u00f6nnen. Dank des hervorragenden Supports k\u00f6nnen Sie Ihre Zeit im Betsamuro Casino in vollen Z\u00fcgen genie\u00dfen.<\/p>\n<h3>Wie kann ich die Bet Samuro App aktualisieren?<\/h3>\n<p>Sie m\u00fcssen sich keine Gedanken \u00fcber Versionsnummern oder die manuelle Installation von Updates machen, da diese automatisch erfolgen. Wenn Sie eine progressive Web-App verwenden, k\u00f6nnen Sie durch Aktualisieren Ihres Browsers oder Leeren Ihres Caches immer auf dem neuesten Stand bleiben. Auf dem Desktop funktioniert es genauso, sodass Sie keine Zeit mit manuellen Updates verschwenden m\u00fcssen.<\/p>\n<\/div><\/div><\/p>\n","protected":false},"excerpt":{"rendered":"<p>Betsamuro Mobile Plattform Die Betsamuro App \u00f6ffnet Ihnen von Ihrem Smartphone aus ohne Einschr\u00e4nkungen die T\u00fcren zur spannenden Welt des Online-Gl\u00fccksspiels. Diese progressive Webanwendung bietet Komfort und solide Leistung und erm\u00f6glicht es den Nutzern, bequem und konsistent auf ihre bevorzugten Casinospiele zuzugreifen \u2013 Karten, Live-Casino-R\u00e4ume, Sofortgewinne und Online-Slots. Alle Titel k\u00f6nnen \u00fcber die Smartphone-App ohne [&hellip;]<\/p>\n","protected":false},"author":1,"featured_media":0,"parent":0,"menu_order":0,"comment_status":"closed","ping_status":"closed","template":"template-builder.php","meta":{"_acf_changed":false,"inline_featured_image":false,"footnotes":""},"class_list":["post-1442","page","type-page","status-publish","hentry"],"acf":[],"yoast_head":"<!-- This site is optimized with the Yoast SEO plugin v27.3 - https:\/\/yoast.com\/product\/yoast-seo-wordpress\/ -->\n<title>Betsamuro App | iOS- und Android-Plattformen<\/title>\n<meta name=\"description\" content=\"Die Betsamuro-App bietet reibungsloses Casino-Gaming auf Android, iOS, Windows und macOS mit synchronisierten Konten, regelm\u00e4\u00dfigen Updates und integriertem Kundensupport f\u00fcr ein stressfreies Erlebnis.\" \/>\n<meta name=\"robots\" content=\"index, follow, max-snippet:-1, max-image-preview:large, max-video-preview:-1\" \/>\n<link rel=\"canonical\" href=\"https:\/\/bet-samuro.net\/de\/app\/\" \/>\n<meta property=\"og:locale\" content=\"de_DE\" \/>\n<meta property=\"og:type\" content=\"article\" \/>\n<meta property=\"og:title\" content=\"Betsamuro App | iOS- und Android-Plattformen\" \/>\n<meta property=\"og:description\" content=\"Die Betsamuro-App bietet reibungsloses Casino-Gaming auf Android, iOS, Windows und macOS mit synchronisierten Konten, regelm\u00e4\u00dfigen Updates und integriertem Kundensupport f\u00fcr ein stressfreies Erlebnis.\" \/>\n<meta property=\"og:url\" content=\"https:\/\/bet-samuro.net\/de\/app\/\" \/>\n<meta property=\"og:site_name\" content=\"betsamuro\" \/>\n<meta property=\"article:modified_time\" content=\"2026-03-16T11:36:45+00:00\" \/>\n<meta name=\"twitter:card\" content=\"summary_large_image\" \/>\n<meta name=\"twitter:label1\" content=\"Gesch\u00e4tzte Lesezeit\" \/>\n\t<meta name=\"twitter:data1\" content=\"2\u00a0Minuten\" \/>\n<script type=\"application\/ld+json\" class=\"yoast-schema-graph\">{\"@context\":\"https:\\\/\\\/schema.org\",\"@graph\":[{\"@type\":\"WebPage\",\"@id\":\"https:\\\/\\\/bet-samuro.net\\\/de\\\/app\\\/\",\"url\":\"https:\\\/\\\/bet-samuro.net\\\/de\\\/app\\\/\",\"name\":\"Betsamuro App | iOS- und Android-Plattformen\",\"isPartOf\":{\"@id\":\"https:\\\/\\\/bet-samuro.net\\\/de\\\/#website\"},\"datePublished\":\"2026-01-20T12:08:23+00:00\",\"dateModified\":\"2026-03-16T11:36:45+00:00\",\"description\":\"Die Betsamuro-App bietet reibungsloses Casino-Gaming auf Android, iOS, Windows und macOS mit synchronisierten Konten, regelm\u00e4\u00dfigen Updates und integriertem Kundensupport f\u00fcr ein stressfreies Erlebnis.\",\"breadcrumb\":{\"@id\":\"https:\\\/\\\/bet-samuro.net\\\/de\\\/app\\\/#breadcrumb\"},\"inLanguage\":\"de\",\"potentialAction\":[{\"@type\":\"ReadAction\",\"target\":[\"https:\\\/\\\/bet-samuro.net\\\/de\\\/app\\\/\"]}]},{\"@type\":\"BreadcrumbList\",\"@id\":\"https:\\\/\\\/bet-samuro.net\\\/de\\\/app\\\/#breadcrumb\",\"itemListElement\":[{\"@type\":\"ListItem\",\"position\":1,\"name\":\"Betsamuro\",\"item\":\"https:\\\/\\\/bet-samuro.net\\\/de\\\/\"},{\"@type\":\"ListItem\",\"position\":2,\"name\":\"App\"}]},{\"@type\":\"WebSite\",\"@id\":\"https:\\\/\\\/bet-samuro.net\\\/de\\\/#website\",\"url\":\"https:\\\/\\\/bet-samuro.net\\\/de\\\/\",\"name\":\"Betsamuro\",\"description\":\"\",\"publisher\":{\"@id\":\"https:\\\/\\\/bet-samuro.net\\\/de\\\/#organization\"},\"potentialAction\":[{\"@type\":\"SearchAction\",\"target\":{\"@type\":\"EntryPoint\",\"urlTemplate\":\"https:\\\/\\\/bet-samuro.net\\\/de\\\/?s={search_term_string}\"},\"query-input\":{\"@type\":\"PropertyValueSpecification\",\"valueRequired\":true,\"valueName\":\"search_term_string\"}}],\"inLanguage\":\"de\"},{\"@type\":\"Organization\",\"@id\":\"https:\\\/\\\/bet-samuro.net\\\/de\\\/#organization\",\"name\":\"Betsamuro\",\"url\":\"https:\\\/\\\/bet-samuro.net\\\/de\\\/\",\"logo\":{\"@type\":\"ImageObject\",\"inLanguage\":\"de\",\"@id\":\"https:\\\/\\\/bet-samuro.net\\\/de\\\/#\\\/schema\\\/logo\\\/image\\\/\",\"url\":\"https:\\\/\\\/bet-samuro.net\\\/wp-content\\\/uploads\\\/2026\\\/03\\\/betsamuro-logo.svg\",\"contentUrl\":\"https:\\\/\\\/bet-samuro.net\\\/wp-content\\\/uploads\\\/2026\\\/03\\\/betsamuro-logo.svg\",\"width\":135,\"height\":26,\"caption\":\"Betsamuro\"},\"image\":{\"@id\":\"https:\\\/\\\/bet-samuro.net\\\/de\\\/#\\\/schema\\\/logo\\\/image\\\/\"}}]}<\/script>\n<!-- \/ Yoast SEO plugin. -->","yoast_head_json":{"title":"Betsamuro App | iOS- und Android-Plattformen","description":"Die Betsamuro-App bietet reibungsloses Casino-Gaming auf Android, iOS, Windows und macOS mit synchronisierten Konten, regelm\u00e4\u00dfigen Updates und integriertem Kundensupport f\u00fcr ein stressfreies Erlebnis.","robots":{"index":"index","follow":"follow","max-snippet":"max-snippet:-1","max-image-preview":"max-image-preview:large","max-video-preview":"max-video-preview:-1"},"canonical":"https:\/\/bet-samuro.net\/de\/app\/","og_locale":"de_DE","og_type":"article","og_title":"Betsamuro App | iOS- und Android-Plattformen","og_description":"Die Betsamuro-App bietet reibungsloses Casino-Gaming auf Android, iOS, Windows und macOS mit synchronisierten Konten, regelm\u00e4\u00dfigen Updates und integriertem Kundensupport f\u00fcr ein stressfreies Erlebnis.","og_url":"https:\/\/bet-samuro.net\/de\/app\/","og_site_name":"betsamuro","article_modified_time":"2026-03-16T11:36:45+00:00","twitter_card":"summary_large_image","twitter_misc":{"Gesch\u00e4tzte Lesezeit":"2\u00a0Minuten"},"schema":{"@context":"https:\/\/schema.org","@graph":[{"@type":"WebPage","@id":"https:\/\/bet-samuro.net\/de\/app\/","url":"https:\/\/bet-samuro.net\/de\/app\/","name":"Betsamuro App | iOS- und Android-Plattformen","isPartOf":{"@id":"https:\/\/bet-samuro.net\/de\/#website"},"datePublished":"2026-01-20T12:08:23+00:00","dateModified":"2026-03-16T11:36:45+00:00","description":"Die Betsamuro-App bietet reibungsloses Casino-Gaming auf Android, iOS, Windows und macOS mit synchronisierten Konten, regelm\u00e4\u00dfigen Updates und integriertem Kundensupport f\u00fcr ein stressfreies Erlebnis.","breadcrumb":{"@id":"https:\/\/bet-samuro.net\/de\/app\/#breadcrumb"},"inLanguage":"de","potentialAction":[{"@type":"ReadAction","target":["https:\/\/bet-samuro.net\/de\/app\/"]}]},{"@type":"BreadcrumbList","@id":"https:\/\/bet-samuro.net\/de\/app\/#breadcrumb","itemListElement":[{"@type":"ListItem","position":1,"name":"Betsamuro","item":"https:\/\/bet-samuro.net\/de\/"},{"@type":"ListItem","position":2,"name":"App"}]},{"@type":"WebSite","@id":"https:\/\/bet-samuro.net\/de\/#website","url":"https:\/\/bet-samuro.net\/de\/","name":"Betsamuro","description":"","publisher":{"@id":"https:\/\/bet-samuro.net\/de\/#organization"},"potentialAction":[{"@type":"SearchAction","target":{"@type":"EntryPoint","urlTemplate":"https:\/\/bet-samuro.net\/de\/?s={search_term_string}"},"query-input":{"@type":"PropertyValueSpecification","valueRequired":true,"valueName":"search_term_string"}}],"inLanguage":"de"},{"@type":"Organization","@id":"https:\/\/bet-samuro.net\/de\/#organization","name":"Betsamuro","url":"https:\/\/bet-samuro.net\/de\/","logo":{"@type":"ImageObject","inLanguage":"de","@id":"https:\/\/bet-samuro.net\/de\/#\/schema\/logo\/image\/","url":"https:\/\/bet-samuro.net\/wp-content\/uploads\/2026\/03\/betsamuro-logo.svg","contentUrl":"https:\/\/bet-samuro.net\/wp-content\/uploads\/2026\/03\/betsamuro-logo.svg","width":135,"height":26,"caption":"Betsamuro"},"image":{"@id":"https:\/\/bet-samuro.net\/de\/#\/schema\/logo\/image\/"}}]}},"_links":{"self":[{"href":"https:\/\/bet-samuro.net\/de\/wp-json\/wp\/v2\/pages\/1442","targetHints":{"allow":["GET"]}}],"collection":[{"href":"https:\/\/bet-samuro.net\/de\/wp-json\/wp\/v2\/pages"}],"about":[{"href":"https:\/\/bet-samuro.net\/de\/wp-json\/wp\/v2\/types\/page"}],"author":[{"embeddable":true,"href":"https:\/\/bet-samuro.net\/de\/wp-json\/wp\/v2\/users\/1"}],"replies":[{"embeddable":true,"href":"https:\/\/bet-samuro.net\/de\/wp-json\/wp\/v2\/comments?post=1442"}],"version-history":[{"count":4,"href":"https:\/\/bet-samuro.net\/de\/wp-json\/wp\/v2\/pages\/1442\/revisions"}],"predecessor-version":[{"id":2090,"href":"https:\/\/bet-samuro.net\/de\/wp-json\/wp\/v2\/pages\/1442\/revisions\/2090"}],"wp:attachment":[{"href":"https:\/\/bet-samuro.net\/de\/wp-json\/wp\/v2\/media?parent=1442"}],"curies":[{"name":"wp","href":"https:\/\/api.w.org\/{rel}","templated":true}]}}